{"id":25241,"date":"2025-03-11T13:05:09","date_gmt":"2025-03-11T09:05:09","guid":{"rendered":"https:\/\/airsystems.ge\/shop\/product\/vrf-vrv-fan-coil-wall-mounted-indoor-unit-3-6kw-to-7-1kw-york-yvbvxh036war-gx-yvbvxh045war-gx-yvbvxh056war-gx-yvbvxh071war-gx\/"},"modified":"2025-03-11T13:16:16","modified_gmt":"2025-03-11T09:16:16","slug":"vrf-vrv-fan-coil-wall-mounted-indoor-unit-3-6kw-to-7-1kw-york-yvbvxh036war-gx-yvbvxh045war-gx-yvbvxh056war-gx-yvbvxh071war-gx","status":"publish","type":"product","link":"https:\/\/airsystems.ge\/shop\/fr\/produit\/vrf-vrv-fan-coil-wall-mounted-indoor-unit-3-6kw-to-7-1kw-york-yvbvxh036war-gx-yvbvxh045war-gx-yvbvxh056war-gx-yvbvxh071war-gx\/","title":{"rendered":"Unit\u00e9 int\u00e9rieure verticale \u00e0 conduit mural \u00e0 ventilo-convecteur VRF VRV de 3,6 kW \u00e0 7,1 kW YORK YVBVXH036WAR-GX YVBVXH045WAR-GX YVBVXH056WAR-GX YVBVXH071WAR-GX"},"content":{"rendered":"<table width=\"267\">\n<tbody>\n<tr>\n<td width=\"135\">YVBVXH036WAR-GX<\/td>\n<td width=\"64\">3.6<\/td>\n<td width=\"68\">\u00a0 1,054.00 \u20be<\/td>\n<\/tr>\n<tr>\n<td>YVBVXH045WAR-GX<\/td>\n<td>4.5<\/td>\n<td>\u00a0 1,085.00 \u20be<\/td>\n<\/tr>\n<tr>\n<td>YVBVXH056WAR-GX<\/td>\n<td>5.6<\/td>\n<td>\u00a0 1,116.00 \u20be<\/td>\n<\/tr>\n<tr>\n<td>YVBVXH071WAR-GX<\/td>\n<td>7.1<\/td>\n<td>\u00a0 1,178.00 \u20be<\/td>\n<\/tr>\n<\/tbody>\n<\/table>\n","protected":false},"excerpt":{"rendered":"<p>Syst\u00e8mes CVC qui offrent un confort optimal et une efficacit\u00e9 in\u00e9gal\u00e9e.<\/p>\n","protected":false},"featured_media":25230,"template":"","meta":[],"product_brand":[],"product_cat":[705,1074],"product_tag":[],"class_list":{"0":"post-25241","1":"product","2":"type-product","3":"status-publish","4":"has-post-thumbnail","6":"product_cat-climatiseur","7":"product_cat-vrf-interieure-unite-vrv-fr","9":"first","10":"instock","11":"shipping-taxable","12":"product-type-simple"},"_links":{"self":[{"href":"https:\/\/airsystems.ge\/shop\/fr\/wp-json\/wp\/v2\/product\/25241","targetHints":{"allow":["GET"]}}],"collection":[{"href":"https:\/\/airsystems.ge\/shop\/fr\/wp-json\/wp\/v2\/product"}],"about":[{"href":"https:\/\/airsystems.ge\/shop\/fr\/wp-json\/wp\/v2\/types\/product"}],"wp:featuredmedia":[{"embeddable":true,"href":"https:\/\/airsystems.ge\/shop\/fr\/wp-json\/wp\/v2\/media\/25230"}],"wp:attachment":[{"href":"https:\/\/airsystems.ge\/shop\/fr\/wp-json\/wp\/v2\/media?parent=25241"}],"wp:term":[{"taxonomy":"product_brand","embeddable":true,"href":"https:\/\/airsystems.ge\/shop\/fr\/wp-json\/wp\/v2\/product_brand?post=25241"},{"taxonomy":"product_cat","embeddable":true,"href":"https:\/\/airsystems.ge\/shop\/fr\/wp-json\/wp\/v2\/product_cat?post=25241"},{"taxonomy":"product_tag","embeddable":true,"href":"https:\/\/airsystems.ge\/shop\/fr\/wp-json\/wp\/v2\/product_tag?post=25241"}],"curies":[{"name":"wp","href":"https:\/\/api.w.org\/{rel}","templated":true}]}}