{"id":25113,"date":"2025-03-10T17:00:33","date_gmt":"2025-03-10T13:00:33","guid":{"rendered":"https:\/\/airsystems.ge\/shop\/product\/heat-pump-vrf-outdoor-unit-25kw-vrv-yv2vyh025kasfd-york-high-efficiency\/"},"modified":"2025-03-10T17:09:43","modified_gmt":"2025-03-10T13:09:43","slug":"heat-pump-vrf-outdoor-unit-25kw-vrv-yv2vyh025kasfd-york-high-efficiency","status":"publish","type":"product","link":"https:\/\/airsystems.ge\/shop\/fr\/produit\/heat-pump-vrf-outdoor-unit-25kw-vrv-yv2vyh025kasfd-york-high-efficiency\/","title":{"rendered":"Unit\u00e9 ext\u00e9rieure VRF \u00e0 pompe \u00e0 chaleur 25 kW VRV YV2VYH025KASFD YORK Haute efficacit\u00e9"},"content":{"rendered":"<ul class=\"nav hr-tabs-nav nav-alignment--center clearfix\" role=\"tablist\">\n<li class=\"hr-tabs-nav-item active\"><a role=\"tab\" href=\"https:\/\/www.yorkvrf.com.tr\/en\/york-vrf-klima-heat-pump-dis-unite\/#eluidd36c8422_1_0\" data-toggle=\"tab\" aria-expanded=\"true\">TECHNICAL INFORMATION<\/a><\/li>\n<li class=\"hr-tabs-nav-item\"><a role=\"tab\" href=\"https:\/\/www.yorkvrf.com.tr\/en\/york-vrf-klima-heat-pump-dis-unite\/#eluidd36c8422_1_1\" data-toggle=\"tab\" aria-expanded=\"false\">DOCUMENTS<\/a><\/li>\n<\/ul>\n<div class=\"tab-content\">\n<div id=\"eluidd36c8422_1_0\" class=\"tab-pane active\">\n<div class=\"row tabPaneContainer \">\n<div id=\"eluidbce03ded\" class=\"eluidbce03ded col-md-12 col-sm-12 znColumnElement\">\n<div class=\"znColumnElement-innerWrapper-eluidbce03ded znColumnElement-innerWrapper znColumnElement-innerWrapper--valign-top znColumnElement-innerWrapper--halign-left \">\n<div class=\"znColumnElement-innerContent\">\n<div class=\"zn_custom_html eluid440ffbff \">\n<table border=\"1\" width=\"779\" cellspacing=\"0\" cellpadding=\"0\">\n<colgroup>\n<col width=\"139\" \/>\n<col width=\"53\" \/>\n<col width=\"39\" \/>\n<col width=\"108\" \/>\n<col width=\"116\" \/>\n<col span=\"3\" width=\"108\" \/><\/colgroup>\n<tbody>\n<tr>\n<td class=\"xl74\" colspan=\"2\" width=\"192\" height=\"16\"><span class=\"font5\">Rated System Capacity<\/span><\/td>\n<td class=\"xl64\" width=\"39\"><span class=\"font5\">HP<\/span><\/td>\n<td class=\"xl65\" width=\"108\">8<\/td>\n<td class=\"xl65\" width=\"116\">10<\/td>\n<td class=\"xl65\" width=\"108\">12<\/td>\n<td class=\"xl65\" width=\"108\">14<\/td>\n<td class=\"xl65\" width=\"108\">16<\/td>\n<\/tr>\n<tr>\n<td class=\"xl74\" colspan=\"3\" width=\"231\" height=\"16\"><span class=\"font5\">Outdoor Unit Model Code<\/span><\/td>\n<td class=\"xl66\" width=\"108\"><span class=\"font6\">YV2VYH025KASFD-X<\/span><\/td>\n<td class=\"xl66\" width=\"116\"><span class=\"font6\">YV2VYH028KASFD-X<\/span><\/td>\n<td class=\"xl66\" width=\"108\"><span class=\"font6\">YV2VYH033KASFD-X<\/span><\/td>\n<td class=\"xl66\" width=\"108\"><span class=\"font6\">YV2VYH040KASFD-X<\/span><\/td>\n<td class=\"xl66\" width=\"108\"><span class=\"font6\">YV2VYH045KASFD-X<\/span><\/td>\n<\/tr>\n<tr>\n<td class=\"xl77\" colspan=\"3\" width=\"231\" height=\"16\"><span class=\"font5\">Outdoor Unit 1<\/span><\/td>\n<td class=\"xl67\" width=\"108\"><span class=\"font6\">YV2VYH025KASFD-X<\/span><\/td>\n<td class=\"xl67\" width=\"116\"><span class=\"font6\">YV2VYH028KASFD-X<\/span><\/td>\n<td class=\"xl67\" width=\"108\"><span class=\"font6\">YV2VYH033KASFD-X<\/span><\/td>\n<td class=\"xl67\" width=\"108\"><span class=\"font6\">YV2VYH040KASFD-X<\/span><\/td>\n<td class=\"xl67\" width=\"108\"><span class=\"font6\">YV2VYH045KASFD-X<\/span><\/td>\n<\/tr>\n<tr>\n<td class=\"xl74\" colspan=\"3\" width=\"231\" height=\"12\"><span class=\"font5\">Maximum Connectable Indoor Unit<\/span><\/td>\n<td class=\"xl68\">13<\/td>\n<td class=\"xl68\">16<\/td>\n<td class=\"xl68\">20<\/td>\n<td class=\"xl68\">24<\/td>\n<td class=\"xl68\">27<\/td>\n<\/tr>\n<tr>\n<td class=\"xl80\" colspan=\"2\" width=\"192\" height=\"24\"><span class=\"font5\">Allowed Indoor Unit Capacity<\/span><br \/>\n<span class=\"font5\">(Min.\/ Max.)<\/span><\/td>\n<td class=\"xl64\" width=\"39\"><span class=\"font5\">kW<\/span><\/td>\n<td class=\"xl67\" width=\"108\"><span class=\"font6\">12.6 ~ 32.3<\/span><\/td>\n<td class=\"xl67\" width=\"116\"><span class=\"font6\">14.0 ~ 36.4<\/span><\/td>\n<td class=\"xl67\" width=\"108\"><span class=\"font6\">16.8 ~ 43.6<\/span><\/td>\n<td class=\"xl67\" width=\"108\"><span class=\"font6\">20.0 ~ 52.0<\/span><\/td>\n<td class=\"xl67\" width=\"108\"><span class=\"font6\">22,5 ~ 58,5<\/span><\/td>\n<\/tr>\n<tr>\n<td class=\"xl74\" colspan=\"2\" width=\"192\" height=\"16\"><span class=\"font5\">Power (Supply) Source (Ph, V, Hz)<\/span><\/td>\n<td class=\"xl64\" width=\"39\"><span class=\"font5\">Volt<\/span><\/td>\n<td class=\"xl82\" colspan=\"5\" width=\"548\"><span class=\"font6\">3Ph\/380 ~ 400V\/50 Hz<\/span><\/td>\n<\/tr>\n<tr>\n<td class=\"xl85\" rowspan=\"2\" width=\"139\" height=\"34\"><span class=\"font5\">Capacity<\/span><\/td>\n<td class=\"xl69\" width=\"53\"><span class=\"font5\">Cooling<\/span><\/td>\n<td class=\"xl87\" rowspan=\"2\" width=\"39\"><span class=\"font5\">kW<\/span><\/td>\n<td class=\"xl70\">25,42<\/td>\n<td class=\"xl70\">28,90<\/td>\n<td class=\"xl70\">34,80<\/td>\n<td class=\"xl70\">41,50<\/td>\n<td class=\"xl70\">46,40<\/td>\n<\/tr>\n<tr>\n<td class=\"xl69\" width=\"53\" height=\"17\"><span class=\"font5\">Heating<\/span><\/td>\n<td class=\"xl71\">28,08<\/td>\n<td class=\"xl71\">32,40<\/td>\n<td class=\"xl71\">37,90<\/td>\n<td class=\"xl71\">45,80<\/td>\n<td class=\"xl71\">51,10<\/td>\n<\/tr>\n<tr>\n<td class=\"xl85\" rowspan=\"2\" width=\"139\" height=\"32\"><span class=\"font5\">Absorbed Power<\/span><\/td>\n<td class=\"xl69\" width=\"53\"><span class=\"font5\">Cooling<\/span><\/td>\n<td class=\"xl87\" rowspan=\"2\" width=\"39\"><span class=\"font5\">kW<\/span><\/td>\n<td class=\"xl70\">5,92<\/td>\n<td class=\"xl70\">6,92<\/td>\n<td class=\"xl70\">8,45<\/td>\n<td class=\"xl70\">11,09<\/td>\n<td class=\"xl70\">12,87<\/td>\n<\/tr>\n<tr>\n<td class=\"xl69\" width=\"53\" height=\"16\"><span class=\"font5\">Heating<\/span><\/td>\n<td class=\"xl71\">6,43<\/td>\n<td class=\"xl71\">7,42<\/td>\n<td class=\"xl71\">8,91<\/td>\n<td class=\"xl71\">11,88<\/td>\n<td class=\"xl71\">12,96<\/td>\n<\/tr>\n<tr>\n<td class=\"xl85\" rowspan=\"2\" width=\"139\" height=\"32\"><span class=\"font5\">Working Current<\/span><\/td>\n<td class=\"xl69\" width=\"53\"><span class=\"font5\">Cooling<\/span><\/td>\n<td class=\"xl89\" rowspan=\"2\" width=\"39\"><span class=\"font5\">Almost<\/span><\/td>\n<td class=\"xl70\">9,73<\/td>\n<td class=\"xl70\">11,07<\/td>\n<td class=\"xl70\">13,52<\/td>\n<td class=\"xl70\">17,73<\/td>\n<td class=\"xl70\">20,58<\/td>\n<\/tr>\n<tr>\n<td class=\"xl69\" width=\"53\" height=\"16\"><span class=\"font5\">Heating<\/span><\/td>\n<td class=\"xl71\">10,29<\/td>\n<td class=\"xl71\">11,87<\/td>\n<td class=\"xl71\">15,04<\/td>\n<td class=\"xl71\">19,00<\/td>\n<td class=\"xl71\">20,73<\/td>\n<\/tr>\n<tr>\n<td class=\"xl63\" width=\"139\" height=\"17\"><span class=\"font5\">EER<\/span><\/td>\n<td class=\"xl69\" width=\"53\"><span class=\"font5\">Cooling<\/span><\/td>\n<td class=\"xl89\" rowspan=\"2\" width=\"39\"><span class=\"font5\">W\/W<\/span><\/td>\n<td class=\"xl70\">4,29<\/td>\n<td class=\"xl70\">4,17<\/td>\n<td class=\"xl70\">4,12<\/td>\n<td class=\"xl70\">3,74<\/td>\n<td class=\"xl70\">3,61<\/td>\n<\/tr>\n<tr>\n<td class=\"xl63\" width=\"139\" height=\"17\"><span class=\"font5\">COP<\/span><\/td>\n<td class=\"xl69\" width=\"53\"><span class=\"font5\">Heating<\/span><\/td>\n<td class=\"xl71\">4,37<\/td>\n<td class=\"xl71\">4,37<\/td>\n<td class=\"xl71\">4,25<\/td>\n<td class=\"xl71\">3,86<\/td>\n<td class=\"xl71\">3,94<\/td>\n<\/tr>\n<tr>\n<td class=\"xl74\" colspan=\"2\" width=\"192\" height=\"17\"><span class=\"font5\">Maximum Absorbed Power<\/span><\/td>\n<td class=\"xl64\" width=\"39\"><span class=\"font5\">kW<\/span><\/td>\n<td class=\"xl70\">14,02<\/td>\n<td class=\"xl70\">14,38<\/td>\n<td class=\"xl70\">14,79<\/td>\n<td class=\"xl70\">16,90<\/td>\n<td class=\"xl70\">22,68<\/td>\n<\/tr>\n<tr>\n<td class=\"xl74\" colspan=\"2\" width=\"192\" height=\"17\"><span class=\"font5\">Maximum Drawn Current<\/span><\/td>\n<td class=\"xl64\" width=\"39\"><span class=\"font5\">Almost<\/span><\/td>\n<td class=\"xl71\">23,09<\/td>\n<td class=\"xl71\">23,68<\/td>\n<td class=\"xl71\">25,10<\/td>\n<td class=\"xl71\">28,40<\/td>\n<td class=\"xl71\">36,80<\/td>\n<\/tr>\n<tr>\n<td class=\"xl91\" rowspan=\"2\" width=\"139\" height=\"32\"><span class=\"font5\">Air Flow<\/span><\/td>\n<td class=\"xl69\" width=\"53\"><span class=\"font5\">Cooling<\/span><\/td>\n<td class=\"xl93\" rowspan=\"2\" width=\"39\"><span class=\"font5\">m<\/span><span class=\"font7\"><sup>3<\/sup><\/span><span class=\"font5\">\/h<\/span><\/td>\n<td class=\"xl95\" colspan=\"5\">15000<\/td>\n<\/tr>\n<tr>\n<td class=\"xl69\" width=\"53\" height=\"16\"><span class=\"font5\">Heating<\/span><\/td>\n<td class=\"xl98\" colspan=\"4\">13200<\/td>\n<td class=\"xl68\">14400<\/td>\n<\/tr>\n<tr>\n<td class=\"xl74\" colspan=\"2\" width=\"192\" height=\"17\"><span class=\"font5\">Volume<\/span><\/td>\n<td class=\"xl64\" width=\"39\"><span class=\"font5\">dB(A)<\/span><\/td>\n<td class=\"xl95\" colspan=\"2\">57<\/td>\n<td class=\"xl72\">59<\/td>\n<td class=\"xl73\">59,5<\/td>\n<td class=\"xl72\">61<\/td>\n<\/tr>\n<tr>\n<td class=\"xl74\" colspan=\"2\" width=\"192\" height=\"17\"><span class=\"font5\">Power Drawn by Compressor<\/span><\/td>\n<td class=\"xl64\" width=\"39\"><span class=\"font5\">kW<\/span><\/td>\n<td class=\"xl101\" colspan=\"3\">5,25<\/td>\n<td class=\"xl71\">6,50<\/td>\n<td class=\"xl66\" width=\"108\"><span class=\"font6\">4,16 + 4,16<\/span><\/td>\n<\/tr>\n<tr>\n<td class=\"xl74\" colspan=\"2\" width=\"192\" height=\"16\"><span class=\"font5\">Compressor Type<\/span><\/td>\n<td class=\"xl64\" width=\"39\"><span class=\"font5\">kW<\/span><\/td>\n<td class=\"xl104\" colspan=\"5\" width=\"548\"><span class=\"font6\">DC Inverter Scroll<\/span><\/td>\n<\/tr>\n<tr>\n<td class=\"xl74\" colspan=\"2\" width=\"192\" height=\"17\"><span class=\"font5\">Number of Compressors<\/span><\/td>\n<td class=\"xl64\" width=\"39\"><span class=\"font5\">kW<\/span><\/td>\n<td class=\"xl98\" colspan=\"4\">1<\/td>\n<td class=\"xl68\">2<\/td>\n<\/tr>\n<tr>\n<td class=\"xl74\" colspan=\"3\" width=\"231\" height=\"17\"><span class=\"font5\">Condenser Structure<\/span><\/td>\n<td class=\"xl104\" colspan=\"5\" width=\"548\"><span class=\"font6\">Hydrophilic Aluminum<\/span><\/td>\n<\/tr>\n<tr>\n<td class=\"xl91\" rowspan=\"3\" width=\"139\" height=\"49\"><span class=\"font5\">Dimensions<\/span><\/td>\n<td class=\"xl69\" width=\"53\"><span class=\"font5\">Height<\/span><\/td>\n<td class=\"xl108\" rowspan=\"3\" width=\"39\"><span class=\"font5\">mm<\/span><\/td>\n<td class=\"xl98\" colspan=\"5\">1690<\/td>\n<\/tr>\n<tr>\n<td class=\"xl69\" width=\"53\" height=\"17\"><span class=\"font5\">Width<\/span><\/td>\n<td class=\"xl95\" colspan=\"5\">1350<\/td>\n<\/tr>\n<tr>\n<td class=\"xl69\" width=\"53\" height=\"16\"><span class=\"font5\">Depth<\/span><\/td>\n<td class=\"xl98\" colspan=\"5\">720<\/td>\n<\/tr>\n<tr>\n<td class=\"xl74\" colspan=\"2\" width=\"192\" height=\"16\"><span class=\"font5\">Weight<\/span><\/td>\n<td class=\"xl64\" width=\"39\"><span class=\"font5\">Kg<\/span><\/td>\n<td class=\"xl95\" colspan=\"3\">278<\/td>\n<td class=\"xl72\">282<\/td>\n<td class=\"xl72\">324<\/td>\n<\/tr>\n<tr>\n<td class=\"xl74\" colspan=\"2\" width=\"192\" height=\"16\"><span class=\"font5\">Amount of Refrigerant (R410A)<\/span><\/td>\n<td class=\"xl64\" width=\"39\"><span class=\"font5\">Kg<\/span><\/td>\n<td class=\"xl111\" colspan=\"3\">9,7<\/td>\n<td class=\"xl68\">10<\/td>\n<td class=\"xl68\">10<\/td>\n<\/tr>\n<tr>\n<td class=\"xl91\" rowspan=\"2\" width=\"139\" height=\"33\"><span class=\"font5\">Copper Pipe Connection Diameters<\/span><\/td>\n<td class=\"xl69\" width=\"53\"><span class=\"font5\">Liquid<\/span><\/td>\n<td class=\"xl87\" rowspan=\"2\" width=\"39\"><span class=\"font5\">mm<\/span><\/td>\n<td class=\"xl104\" colspan=\"5\" width=\"548\"><span class=\"font6\">\u00d8 12,7<\/span><\/td>\n<\/tr>\n<tr>\n<td class=\"xl69\" width=\"53\" height=\"17\"><span class=\"font5\">Gaz<\/span><\/td>\n<td class=\"xl82\" colspan=\"3\" width=\"332\"><span class=\"font6\">\u00d8 25,4<\/span><\/td>\n<td class=\"xl82\" colspan=\"2\" width=\"216\"><span class=\"font6\">\u00d8 28,58<\/span><\/td>\n<\/tr>\n<tr>\n<td class=\"xl91\" rowspan=\"2\" width=\"139\" height=\"35\"><span class=\"font5\">Operating Temperature Range<\/span><\/td>\n<td class=\"xl69\" width=\"53\"><span class=\"font5\">Cooling<\/span><\/td>\n<td class=\"xl114\" rowspan=\"2\" width=\"39\"><span class=\"font8\">O<\/span><span class=\"font9\"><sub>C<\/sub><\/span><\/td>\n<td class=\"xl116\" colspan=\"5\" width=\"548\"><span class=\"font6\">-5<\/span><span class=\"font10\"><sup>O<\/sup><\/span><span class=\"font6\">C ~ 43<\/span><span class=\"font10\"><sup>O<\/sup><\/span><span class=\"font6\">C<\/span><\/td>\n<\/tr>\n<tr>\n<td class=\"xl69\" width=\"53\" height=\"19\"><span class=\"font5\">Heating<\/span><\/td>\n<td class=\"xl119\" colspan=\"5\" width=\"548\"><span class=\"font6\">-15<\/span><span class=\"font10\"><sup>O<\/sup><\/span><span class=\"font6\">C ~ 15,5<\/span><span class=\"font10\"><sup>O<\/sup><\/span><span class=\"font6\">C<\/span><\/td>\n<\/tr>\n<\/tbody>\n<\/table>\n<p>&nbsp;<\/p>\n<table border=\"1\" width=\"788\" cellspacing=\"0\" cellpadding=\"0\">\n<colgroup>\n<col width=\"147\" \/>\n<col width=\"53\" \/>\n<col width=\"39\" \/>\n<col span=\"3\" width=\"139\" \/>\n<col width=\"132\" \/><\/colgroup>\n<tbody>\n<tr>\n<td class=\"xl74\" colspan=\"2\" width=\"200\" height=\"20\"><span class=\"font6\">Rated System Capacity<\/span><\/td>\n<td class=\"xl64\" width=\"39\"><span class=\"font6\">HP<\/span><\/td>\n<td class=\"xl65\" width=\"139\">18<\/td>\n<td class=\"xl65\" width=\"139\">20<\/td>\n<td class=\"xl65\" width=\"139\">22<\/td>\n<td class=\"xl65\" width=\"132\">24<\/td>\n<\/tr>\n<tr>\n<td class=\"xl74\" colspan=\"3\" width=\"239\" height=\"20\"><span class=\"font6\">Outdoor Unit Model Code<\/span><\/td>\n<td class=\"xl66\" width=\"139\"><span class=\"font5\">YV2VYH050KASFD-X<\/span><\/td>\n<td class=\"xl66\" width=\"139\"><span class=\"font5\">YV2VYH056KASFD-X<\/span><\/td>\n<td class=\"xl66\" width=\"139\"><span class=\"font5\">YV2VYH061KASFD-X<\/span><\/td>\n<td class=\"xl66\" width=\"132\"><span class=\"font5\">YV2VYH068KASFD-X<\/span><\/td>\n<\/tr>\n<tr>\n<td class=\"xl77\" colspan=\"3\" width=\"239\" height=\"19\"><span class=\"font6\">Outdoor Unit 1<\/span><\/td>\n<td class=\"xl67\" width=\"139\"><span class=\"font5\">YV2VYH050KASFD-X<\/span><\/td>\n<td class=\"xl67\" width=\"139\"><span class=\"font5\">YV2VYH056KASFD-X<\/span><\/td>\n<td class=\"xl67\" width=\"139\"><span class=\"font5\">YV2VYH061KASFD-X<\/span><\/td>\n<td class=\"xl67\" width=\"132\"><span class=\"font5\">YV2VYH068KASFD-X<\/span><\/td>\n<\/tr>\n<tr>\n<td class=\"xl74\" colspan=\"3\" width=\"239\" height=\"17\"><span class=\"font6\">Maximum Connectable Indoor Unit<\/span><\/td>\n<td class=\"xl68\">30<\/td>\n<td class=\"xl68\">33<\/td>\n<td class=\"xl68\">36<\/td>\n<td class=\"xl68\">40<\/td>\n<\/tr>\n<tr>\n<td class=\"xl80\" colspan=\"2\" width=\"200\" height=\"24\"><span class=\"font6\">Allowed Indoor Unit Capacity<\/span><br \/>\n<span class=\"font6\">(Min.\/ Max.)<\/span><\/td>\n<td class=\"xl64\" width=\"39\"><span class=\"font6\">kW<\/span><\/td>\n<td class=\"xl67\" width=\"139\"><span class=\"font5\">25,2 ~ 65,5<\/span><\/td>\n<td class=\"xl67\" width=\"139\"><span class=\"font5\">28,0 ~ 72,8<\/span><\/td>\n<td class=\"xl67\" width=\"139\"><span class=\"font5\">30,8 ~ 80,0<\/span><\/td>\n<td class=\"xl67\" width=\"132\"><span class=\"font5\">34,0 ~ 88,4<\/span><\/td>\n<\/tr>\n<tr>\n<td class=\"xl74\" colspan=\"2\" width=\"200\" height=\"17\"><span class=\"font6\">Power (Supply) Source (Ph, V, Hz)<\/span><\/td>\n<td class=\"xl69\" width=\"39\"><span class=\"font6\">Volt<\/span><\/td>\n<td class=\"xl82\" colspan=\"4\" width=\"549\"><span class=\"font5\">3Ph\/380 ~ 400V\/50 Hz<\/span><\/td>\n<\/tr>\n<tr>\n<td class=\"xl85\" rowspan=\"2\" width=\"147\" height=\"33\"><span class=\"font6\">Capacity<\/span><\/td>\n<td class=\"xl69\" width=\"53\"><span class=\"font6\">Cooling<\/span><\/td>\n<td class=\"xl87\" rowspan=\"2\" width=\"39\"><span class=\"font6\">kW<\/span><\/td>\n<td class=\"xl70\">51,50<\/td>\n<td class=\"xl70\">57,80<\/td>\n<td class=\"xl70\">63,70<\/td>\n<td class=\"xl70\">70,40<\/td>\n<\/tr>\n<tr>\n<td class=\"xl69\" width=\"53\" height=\"17\"><span class=\"font6\">Heating<\/span><\/td>\n<td class=\"xl71\">57,20<\/td>\n<td class=\"xl71\">63,70<\/td>\n<td class=\"xl71\">70,10<\/td>\n<td class=\"xl71\">73,90<\/td>\n<\/tr>\n<tr>\n<td class=\"xl85\" rowspan=\"2\" width=\"147\" height=\"33\"><span class=\"font6\">Absorbed Power<\/span><\/td>\n<td class=\"xl69\" width=\"53\"><span class=\"font6\">Cooling<\/span><\/td>\n<td class=\"xl87\" rowspan=\"2\" width=\"39\"><span class=\"font6\">kW<\/span><\/td>\n<td class=\"xl70\">14,94<\/td>\n<td class=\"xl70\">16,61<\/td>\n<td class=\"xl70\">19,09<\/td>\n<td class=\"xl70\">21,67<\/td>\n<\/tr>\n<tr>\n<td class=\"xl69\" width=\"53\" height=\"17\"><span class=\"font6\">Heating<\/span><\/td>\n<td class=\"xl71\">15,16<\/td>\n<td class=\"xl71\">16,57<\/td>\n<td class=\"xl71\">18,81<\/td>\n<td class=\"xl71\">19,12<\/td>\n<\/tr>\n<tr>\n<td class=\"xl85\" rowspan=\"2\" width=\"147\" height=\"34\"><span class=\"font6\">Working Current<\/span><\/td>\n<td class=\"xl69\" width=\"53\"><span class=\"font6\">Cooling<\/span><\/td>\n<td class=\"xl89\" rowspan=\"2\" width=\"39\"><span class=\"font6\">Almost<\/span><\/td>\n<td class=\"xl70\">23,90<\/td>\n<td class=\"xl70\">26,56<\/td>\n<td class=\"xl70\">30,53<\/td>\n<td class=\"xl70\">34,66<\/td>\n<\/tr>\n<tr>\n<td class=\"xl69\" width=\"53\" height=\"17\"><span class=\"font6\">Heating<\/span><\/td>\n<td class=\"xl71\">24,25<\/td>\n<td class=\"xl71\">26,50<\/td>\n<td class=\"xl71\">30,09<\/td>\n<td class=\"xl71\">30,58<\/td>\n<\/tr>\n<tr>\n<td class=\"xl63\" width=\"147\" height=\"17\"><span class=\"font6\">EER<\/span><\/td>\n<td class=\"xl69\" width=\"53\"><span class=\"font6\">Cooling<\/span><\/td>\n<td class=\"xl89\" rowspan=\"2\" width=\"39\"><span class=\"font6\">W\/W<\/span><\/td>\n<td class=\"xl70\">3,45<\/td>\n<td class=\"xl70\">3,48<\/td>\n<td class=\"xl70\">3,34<\/td>\n<td class=\"xl70\">3,25<\/td>\n<\/tr>\n<tr>\n<td class=\"xl63\" width=\"147\" height=\"17\"><span class=\"font6\">COP<\/span><\/td>\n<td class=\"xl69\" width=\"53\"><span class=\"font6\">Heating<\/span><\/td>\n<td class=\"xl71\">3,77<\/td>\n<td class=\"xl71\">3,85<\/td>\n<td class=\"xl71\">3,73<\/td>\n<td class=\"xl71\">3,87<\/td>\n<\/tr>\n<tr>\n<td class=\"xl74\" colspan=\"2\" width=\"200\" height=\"17\"><span class=\"font6\">Maximum Absorbed Power<\/span><\/td>\n<td class=\"xl64\" width=\"39\"><span class=\"font6\">kW<\/span><\/td>\n<td class=\"xl70\">24,25<\/td>\n<td class=\"xl70\">25,19<\/td>\n<td class=\"xl70\">30,56<\/td>\n<td class=\"xl70\">37,47<\/td>\n<\/tr>\n<tr>\n<td class=\"xl74\" colspan=\"2\" width=\"200\" height=\"17\"><span class=\"font6\">Maximum Drawn Current<\/span><\/td>\n<td class=\"xl72\" width=\"39\"><span class=\"font6\">Almost<\/span><\/td>\n<td class=\"xl71\">22,10<\/td>\n<td class=\"xl71\">41,10<\/td>\n<td class=\"xl71\">49,65<\/td>\n<td class=\"xl71\">60,45<\/td>\n<\/tr>\n<tr>\n<td class=\"xl85\" rowspan=\"2\" width=\"147\" height=\"32\"><span class=\"font6\">Air Flow<\/span><\/td>\n<td class=\"xl69\" width=\"53\"><span class=\"font6\">Cooling<\/span><\/td>\n<td class=\"xl91\" rowspan=\"2\" width=\"39\"><span class=\"font6\">m<\/span><span class=\"font7\"><sup>3<\/sup><\/span><span class=\"font6\">\/h<\/span><\/td>\n<td class=\"xl93\" colspan=\"4\">16200<\/td>\n<\/tr>\n<tr>\n<td class=\"xl69\" width=\"53\" height=\"16\"><span class=\"font6\">Heating<\/span><\/td>\n<td class=\"xl96\" colspan=\"4\">15000<\/td>\n<\/tr>\n<tr>\n<td class=\"xl74\" colspan=\"2\" width=\"200\" height=\"16\"><span class=\"font6\">Volume<\/span><\/td>\n<td class=\"xl72\" width=\"39\"><span class=\"font6\">dB(A)<\/span><\/td>\n<td class=\"xl93\" colspan=\"3\">62<\/td>\n<td class=\"xl73\">63<\/td>\n<\/tr>\n<tr>\n<td class=\"xl74\" colspan=\"2\" width=\"200\" height=\"16\"><span class=\"font6\">Power Drawn by Compressor<\/span><\/td>\n<td class=\"xl64\" width=\"39\"><span class=\"font6\">kW<\/span><\/td>\n<td class=\"xl82\" colspan=\"2\" width=\"278\"><span class=\"font5\">5,25 x 2<\/span><\/td>\n<td class=\"xl82\" colspan=\"2\" width=\"271\"><span class=\"font5\">6,50 x 2<\/span><\/td>\n<\/tr>\n<tr>\n<td class=\"xl74\" colspan=\"2\" width=\"200\" height=\"17\"><span class=\"font6\">Compressor Type<\/span><\/td>\n<td class=\"xl64\" width=\"39\"><span class=\"font6\">kW<\/span><\/td>\n<td class=\"xl99\" colspan=\"4\" width=\"549\"><span class=\"font5\">DC Inverter Scroll<\/span><\/td>\n<\/tr>\n<tr>\n<td class=\"xl74\" colspan=\"2\" width=\"200\" height=\"16\"><span class=\"font6\">Number of Compressors<\/span><\/td>\n<td class=\"xl64\" width=\"39\"><span class=\"font6\">kW<\/span><\/td>\n<td class=\"xl96\" colspan=\"4\">2<\/td>\n<\/tr>\n<tr>\n<td class=\"xl74\" colspan=\"3\" width=\"239\" height=\"16\"><span class=\"font6\">Condenser Structure<\/span><\/td>\n<td class=\"xl99\" colspan=\"4\" width=\"549\"><span class=\"font5\">Hydrophilic Aluminum<\/span><\/td>\n<\/tr>\n<tr>\n<td class=\"xl102\" rowspan=\"3\" width=\"147\" height=\"49\"><span class=\"font6\">Dimensions<\/span><\/td>\n<td class=\"xl69\" width=\"53\"><span class=\"font6\">Height<\/span><\/td>\n<td class=\"xl105\" rowspan=\"3\" width=\"39\"><span class=\"font6\">mm<\/span><\/td>\n<td class=\"xl96\" colspan=\"4\">2048<\/td>\n<\/tr>\n<tr>\n<td class=\"xl69\" width=\"53\" height=\"17\"><span class=\"font6\">Width<\/span><\/td>\n<td class=\"xl93\" colspan=\"4\">1350<\/td>\n<\/tr>\n<tr>\n<td class=\"xl69\" width=\"53\" height=\"16\"><span class=\"font6\">Depth<\/span><\/td>\n<td class=\"xl96\" colspan=\"4\">720<\/td>\n<\/tr>\n<tr>\n<td class=\"xl74\" colspan=\"2\" width=\"200\" height=\"17\"><span class=\"font6\">Weight<\/span><\/td>\n<td class=\"xl64\" width=\"39\"><span class=\"font6\">Kg<\/span><\/td>\n<td class=\"xl93\" colspan=\"2\">343<\/td>\n<td class=\"xl93\" colspan=\"2\">369<\/td>\n<\/tr>\n<tr>\n<td class=\"xl74\" colspan=\"2\" width=\"200\" height=\"16\"><span class=\"font6\">Amount of Refrigerant<\/span><\/td>\n<td class=\"xl64\" width=\"39\"><span class=\"font6\">Kg<\/span><\/td>\n<td class=\"xl96\" colspan=\"4\">10<\/td>\n<\/tr>\n<tr>\n<td class=\"xl85\" rowspan=\"2\" width=\"147\" height=\"33\"><span class=\"font6\">Copper Pipe Connection Diameters<\/span><\/td>\n<td class=\"xl69\" width=\"53\"><span class=\"font6\">Liquid<\/span><\/td>\n<td class=\"xl87\" rowspan=\"2\" width=\"39\"><span class=\"font6\">mm<\/span><\/td>\n<td class=\"xl99\" colspan=\"4\" width=\"549\"><span class=\"font5\">\u00d8 12,7<\/span><\/td>\n<\/tr>\n<tr>\n<td class=\"xl69\" width=\"53\" height=\"17\"><span class=\"font6\">Gaz<\/span><\/td>\n<td class=\"xl82\" colspan=\"4\" width=\"549\"><span class=\"font5\">\u00d8 28,58<\/span><\/td>\n<\/tr>\n<tr>\n<td class=\"xl85\" rowspan=\"2\" width=\"147\" height=\"32\"><span class=\"font6\">Operating Temperature Range<\/span><\/td>\n<td class=\"xl69\" width=\"53\"><span class=\"font6\">Cooling<\/span><\/td>\n<td class=\"xl108\" rowspan=\"2\" width=\"39\"><span class=\"font8\">O<\/span><span class=\"font9\"><sub>C<\/sub><\/span><\/td>\n<td class=\"xl110\" colspan=\"4\" width=\"549\"><span class=\"font5\">-5<\/span><span class=\"font10\"><sup>O<\/sup><\/span><span class=\"font5\">C ~ 43<\/span><span class=\"font10\"><sup>O<\/sup><\/span><span class=\"font5\">C<\/span><\/td>\n<\/tr>\n<tr>\n<td class=\"xl69\" width=\"53\" height=\"16\"><span class=\"font6\">Heating<\/span><\/td>\n<td class=\"xl113\" colspan=\"4\" width=\"549\"><span class=\"font5\">-15<\/span><span class=\"font10\"><sup>O<\/sup><\/span><span class=\"font5\">C ~ 15,5<\/span><span class=\"font10\"><sup>O<\/sup><\/span><span class=\"font5\">C<\/span><\/td>\n<\/tr>\n<\/tbody>\n<\/table>\n<\/div>\n<\/div>\n<\/div>\n<\/div>\n<\/div>\n<\/div>\n<\/div>\n","protected":false},"excerpt":{"rendered":"<p>\u2022 Grande capacit\u00e9 de compresseur avec plage de fonctionnement accrue (10 % \u2013 100 %)<br \/>\n\u2022 Compresseur Scroll avec technologie DC Inverter<br \/>\n\u2022 Refroidissement de \u20135 \u00b0C \u00e0 +48 \u00b0C DB (temp\u00e9rature ext\u00e9rieure)<br \/>\n\u2022 Chauffage entre \u201320 \u00b0C (max.) et +15,5 \u00b0C WB (temp\u00e9rature ext\u00e9rieure)<br \/>\n\u2022 Haute performance \u2013 EER jusqu&rsquo;\u00e0 4,29<br \/>\n\u2022 R\u00e9frig\u00e9rant respectueux de l&rsquo;environnement R\u2013410A<br \/>\n\u2022 Montage flexible et rapide<br \/>\n\u2022 Moins d&rsquo;occupation de l&rsquo;espace<br \/>\n\u2022 Large gamme de produits d&rsquo;unit\u00e9s int\u00e9rieures avec un design esth\u00e9tique en accord avec la conception architecturale.<br \/>\n\u2022 Connexion de 64 unit\u00e9s int\u00e9rieures \u00e0 une seule boucle de r\u00e9frig\u00e9rant<br \/>\n\u2022 Fonctionnement silencieux<\/p>\n","protected":false},"featured_media":25108,"template":"","meta":[],"product_brand":[],"product_cat":[705,1068],"product_tag":[],"class_list":{"0":"post-25113","1":"product","2":"type-product","3":"status-publish","4":"has-post-thumbnail","6":"product_cat-climatiseur","7":"product_cat-vrf-exterieures-unites-vrv-fr","9":"first","10":"instock","11":"shipping-taxable","12":"purchasable","13":"product-type-simple"},"_links":{"self":[{"href":"https:\/\/airsystems.ge\/shop\/fr\/wp-json\/wp\/v2\/product\/25113","targetHints":{"allow":["GET"]}}],"collection":[{"href":"https:\/\/airsystems.ge\/shop\/fr\/wp-json\/wp\/v2\/product"}],"about":[{"href":"https:\/\/airsystems.ge\/shop\/fr\/wp-json\/wp\/v2\/types\/product"}],"wp:featuredmedia":[{"embeddable":true,"href":"https:\/\/airsystems.ge\/shop\/fr\/wp-json\/wp\/v2\/media\/25108"}],"wp:attachment":[{"href":"https:\/\/airsystems.ge\/shop\/fr\/wp-json\/wp\/v2\/media?parent=25113"}],"wp:term":[{"taxonomy":"product_brand","embeddable":true,"href":"https:\/\/airsystems.ge\/shop\/fr\/wp-json\/wp\/v2\/product_brand?post=25113"},{"taxonomy":"product_cat","embeddable":true,"href":"https:\/\/airsystems.ge\/shop\/fr\/wp-json\/wp\/v2\/product_cat?post=25113"},{"taxonomy":"product_tag","embeddable":true,"href":"https:\/\/airsystems.ge\/shop\/fr\/wp-json\/wp\/v2\/product_tag?post=25113"}],"curies":[{"name":"wp","href":"https:\/\/api.w.org\/{rel}","templated":true}]}}