{"id":25043,"date":"2025-02-27T13:18:38","date_gmt":"2025-02-27T09:18:38","guid":{"rendered":"https:\/\/airsystems.ge\/shop\/product\/mini-vrf-outdoor-unit-15-kw-vrv-yv2vyh015kar-york\/"},"modified":"2025-02-27T13:22:41","modified_gmt":"2025-02-27T09:22:41","slug":"mini-vrf-outdoor-unit-15-kw-vrv-yv2vyh015kar-york","status":"publish","type":"product","link":"https:\/\/airsystems.ge\/shop\/fr\/produit\/mini-vrf-outdoor-unit-15-kw-vrv-yv2vyh015kar-york\/","title":{"rendered":"Mini unit\u00e9 ext\u00e9rieure VRF 15 kW VRV YV2VYH015KAR YORK"},"content":{"rendered":"","protected":false},"excerpt":{"rendered":"<p>Conception brevet\u00e9e de canal d\u2019\u00e9coulement<br \/>\n\u2022 Conception de ventilateur moderne, d\u00e9bit d\u2019air %17 et r\u00e9duit le bruit de 3 dB par rapport au produit pr\u00e9c\u00e9dent.<br \/>\n\u2022 Ventilateur, peut r\u00e9duire la perte d\u2019air et la r\u00e9sistance de l\u2019air et am\u00e9liorer l\u2019efficacit\u00e9 de l\u2019\u00e9change de chaleur.<\/p>\n<p>\u00c9changeur de chaleur \u00e0 haute efficacit\u00e9<br \/>\nNouvel \u00e9changeur de chaleur \u00e0 ailettes \u00e0 trois couches et \u00e0 quatre voies, augmente la zone d\u2019\u00e9change de chaleur, offre une grande capacit\u00e9.<\/p>\n<p>Faible bruit et fonctionnement silencieux la nuit<br \/>\nLes chambres m\u00e9caniques et d\u2019alimentation en air ind\u00e9pendantes, associ\u00e9es \u00e0 un silencieux \u00e0 haute efficacit\u00e9, r\u00e9duisent consid\u00e9rablement le bruit du compresseur.<br \/>\nMode de fonctionnement silencieux de nuit sur l\u2019unit\u00e9 ext\u00e9rieure, le bruit 8 Peut r\u00e9duire jusqu\u2019\u00e0 dB\/A.<\/p>\n","protected":false},"featured_media":25023,"template":"","meta":[],"product_brand":[],"product_cat":[705,1068],"product_tag":[],"class_list":{"0":"post-25043","1":"product","2":"type-product","3":"status-publish","4":"has-post-thumbnail","6":"product_cat-climatiseur","7":"product_cat-vrf-exterieures-unites-vrv-fr","9":"first","10":"instock","11":"shipping-taxable","12":"purchasable","13":"product-type-simple"},"_links":{"self":[{"href":"https:\/\/airsystems.ge\/shop\/fr\/wp-json\/wp\/v2\/product\/25043","targetHints":{"allow":["GET"]}}],"collection":[{"href":"https:\/\/airsystems.ge\/shop\/fr\/wp-json\/wp\/v2\/product"}],"about":[{"href":"https:\/\/airsystems.ge\/shop\/fr\/wp-json\/wp\/v2\/types\/product"}],"wp:featuredmedia":[{"embeddable":true,"href":"https:\/\/airsystems.ge\/shop\/fr\/wp-json\/wp\/v2\/media\/25023"}],"wp:attachment":[{"href":"https:\/\/airsystems.ge\/shop\/fr\/wp-json\/wp\/v2\/media?parent=25043"}],"wp:term":[{"taxonomy":"product_brand","embeddable":true,"href":"https:\/\/airsystems.ge\/shop\/fr\/wp-json\/wp\/v2\/product_brand?post=25043"},{"taxonomy":"product_cat","embeddable":true,"href":"https:\/\/airsystems.ge\/shop\/fr\/wp-json\/wp\/v2\/product_cat?post=25043"},{"taxonomy":"product_tag","embeddable":true,"href":"https:\/\/airsystems.ge\/shop\/fr\/wp-json\/wp\/v2\/product_tag?post=25043"}],"curies":[{"name":"wp","href":"https:\/\/api.w.org\/{rel}","templated":true}]}}