{"id":25028,"date":"2025-02-26T22:45:57","date_gmt":"2025-02-26T18:45:57","guid":{"rendered":"https:\/\/airsystems.ge\/shop\/product\/mini-vrf-outdoor-unit-8-2-kw-vrv-yv2vyh008kar-york\/"},"modified":"2025-02-26T22:53:08","modified_gmt":"2025-02-26T18:53:08","slug":"mini-vrf-outdoor-unit-8-2-kw-vrv-yv2vyh008kar-york","status":"publish","type":"product","link":"https:\/\/airsystems.ge\/shop\/fr\/produit\/mini-vrf-outdoor-unit-8-2-kw-vrv-yv2vyh008kar-york\/","title":{"rendered":"Mini unit\u00e9 ext\u00e9rieure VRF 8,2 kW VRV YV2VYH008KAR YORK"},"content":{"rendered":"","protected":false},"excerpt":{"rendered":"<p>Conception brevet\u00e9e de canal d&rsquo;\u00e9coulement<br \/>\n\u2022 Conception de ventilateur moderne, d\u00e9bit d&rsquo;air %17 et r\u00e9duit le bruit de 3 dB par rapport au produit pr\u00e9c\u00e9dent.<br \/>\n\u2022 Ventilateur, peut r\u00e9duire la perte d&rsquo;air et la r\u00e9sistance de l&rsquo;air et am\u00e9liorer l&rsquo;efficacit\u00e9 de l&rsquo;\u00e9change de chaleur.<\/p>\n<p>\u00c9changeur de chaleur \u00e0 haute efficacit\u00e9<br \/>\nNouvel \u00e9changeur de chaleur \u00e0 ailettes \u00e0 trois couches et \u00e0 quatre voies, augmente la zone d&rsquo;\u00e9change de chaleur, offre une grande capacit\u00e9.<\/p>\n<p>Faible bruit et fonctionnement silencieux la nuit<br \/>\nLes chambres m\u00e9caniques et d&rsquo;alimentation en air ind\u00e9pendantes, associ\u00e9es \u00e0 un silencieux \u00e0 haute efficacit\u00e9, r\u00e9duisent consid\u00e9rablement le bruit du compresseur.<br \/>\nMode de fonctionnement silencieux de nuit sur l&rsquo;unit\u00e9 ext\u00e9rieure, le bruit 8 Peut r\u00e9duire jusqu&rsquo;\u00e0 dB\/A.<\/p>\n","protected":false},"featured_media":25036,"template":"","meta":[],"product_brand":[],"product_cat":[705,1068],"product_tag":[],"class_list":{"0":"post-25028","1":"product","2":"type-product","3":"status-publish","4":"has-post-thumbnail","6":"product_cat-climatiseur","7":"product_cat-vrf-exterieures-unites-vrv-fr","9":"first","10":"instock","11":"shipping-taxable","12":"purchasable","13":"product-type-simple"},"_links":{"self":[{"href":"https:\/\/airsystems.ge\/shop\/fr\/wp-json\/wp\/v2\/product\/25028","targetHints":{"allow":["GET"]}}],"collection":[{"href":"https:\/\/airsystems.ge\/shop\/fr\/wp-json\/wp\/v2\/product"}],"about":[{"href":"https:\/\/airsystems.ge\/shop\/fr\/wp-json\/wp\/v2\/types\/product"}],"wp:featuredmedia":[{"embeddable":true,"href":"https:\/\/airsystems.ge\/shop\/fr\/wp-json\/wp\/v2\/media\/25036"}],"wp:attachment":[{"href":"https:\/\/airsystems.ge\/shop\/fr\/wp-json\/wp\/v2\/media?parent=25028"}],"wp:term":[{"taxonomy":"product_brand","embeddable":true,"href":"https:\/\/airsystems.ge\/shop\/fr\/wp-json\/wp\/v2\/product_brand?post=25028"},{"taxonomy":"product_cat","embeddable":true,"href":"https:\/\/airsystems.ge\/shop\/fr\/wp-json\/wp\/v2\/product_cat?post=25028"},{"taxonomy":"product_tag","embeddable":true,"href":"https:\/\/airsystems.ge\/shop\/fr\/wp-json\/wp\/v2\/product_tag?post=25028"}],"curies":[{"name":"wp","href":"https:\/\/api.w.org\/{rel}","templated":true}]}}