{"id":24612,"date":"2025-02-24T00:45:38","date_gmt":"2025-02-23T20:45:38","guid":{"rendered":"https:\/\/airsystems.ge\/shop\/product\/acoustic-panels-with-perimetric-light-alphacoustic-perix\/"},"modified":"2025-02-24T00:47:14","modified_gmt":"2025-02-23T20:47:14","slug":"acoustic-panels-with-perimetric-light-alphacoustic-perix","status":"publish","type":"product","link":"https:\/\/airsystems.ge\/shop\/fr\/produit\/acoustic-panels-with-perimetric-light-alphacoustic-perix\/","title":{"rendered":"Panneaux acoustiques avec lumi\u00e8re p\u00e9rim\u00e9trique ALPHAcoustic \u2013 Perix"},"content":{"rendered":"","protected":false},"excerpt":{"rendered":"<p>Design\/Format Rectangulaire\/Circulaire\/Polygonal<\/p>\n<p>ALPHAcoustic \u2013 Perix.Fos est une nouvelle s\u00e9rie de panneaux acoustiques qui combinent acoustique et \u00e9clairage. Nomm\u00e9s d&rsquo;apr\u00e8s le mot grec \u00ab \u03a0\u03ad\u03c1\u03b9\u03be \u00bb qui signifie autour, ces plafonniers incluent un cadre lumineux dans un motif de bordure autour du panneau acoustique pour cr\u00e9er un espace moderne et lumineux.<\/p>\n<p>Cat\u00e9gorie : Panneaux acoustiques avec lumi\u00e8re<\/p>\n","protected":false},"featured_media":24589,"template":"","meta":[],"product_brand":[],"product_cat":[739,778,955],"product_tag":[],"class_list":{"0":"post-24612","1":"product","2":"type-product","3":"status-publish","4":"has-post-thumbnail","6":"product_cat-architectural-acoustic-fr","7":"product_cat-acoustics-noise-fr","8":"product_cat-acoustiques-panneaux-lumiere-fr","10":"first","11":"instock","12":"shipping-taxable","13":"product-type-simple"},"_links":{"self":[{"href":"https:\/\/airsystems.ge\/shop\/fr\/wp-json\/wp\/v2\/product\/24612","targetHints":{"allow":["GET"]}}],"collection":[{"href":"https:\/\/airsystems.ge\/shop\/fr\/wp-json\/wp\/v2\/product"}],"about":[{"href":"https:\/\/airsystems.ge\/shop\/fr\/wp-json\/wp\/v2\/types\/product"}],"wp:featuredmedia":[{"embeddable":true,"href":"https:\/\/airsystems.ge\/shop\/fr\/wp-json\/wp\/v2\/media\/24589"}],"wp:attachment":[{"href":"https:\/\/airsystems.ge\/shop\/fr\/wp-json\/wp\/v2\/media?parent=24612"}],"wp:term":[{"taxonomy":"product_brand","embeddable":true,"href":"https:\/\/airsystems.ge\/shop\/fr\/wp-json\/wp\/v2\/product_brand?post=24612"},{"taxonomy":"product_cat","embeddable":true,"href":"https:\/\/airsystems.ge\/shop\/fr\/wp-json\/wp\/v2\/product_cat?post=24612"},{"taxonomy":"product_tag","embeddable":true,"href":"https:\/\/airsystems.ge\/shop\/fr\/wp-json\/wp\/v2\/product_tag?post=24612"}],"curies":[{"name":"wp","href":"https:\/\/api.w.org\/{rel}","templated":true}]}}