{"id":24507,"date":"2025-02-24T00:30:48","date_gmt":"2025-02-23T20:30:48","guid":{"rendered":"https:\/\/airsystems.ge\/shop\/product\/round-acoustic-panels-with-led-alphacoustic-kiklos-fos\/"},"modified":"2025-02-24T00:32:13","modified_gmt":"2025-02-23T20:32:13","slug":"round-acoustic-panels-with-led-alphacoustic-kiklos-fos","status":"publish","type":"product","link":"https:\/\/airsystems.ge\/shop\/fr\/produit\/round-acoustic-panels-with-led-alphacoustic-kiklos-fos\/","title":{"rendered":"Panneaux acoustiques ronds avec LED ALPHAcoustic \u2013 Kiklos.Fos"},"content":{"rendered":"","protected":false},"excerpt":{"rendered":"<p>ALPHAcoustic \u2013 Kiklos.Fos est une nouvelle s\u00e9rie de panneaux acoustiques ronds qui combinent l&rsquo;acoustique avec l&rsquo;\u00e9clairage LED. Nomm\u00e9s d&rsquo;apr\u00e8s le mot grec \u00ab \u03a6\u03a9\u03a3 \u00bb qui signifie lumi\u00e8re, ces panneaux acoustiques sont suspendus horizontalement au plafond et envelopp\u00e9s d&rsquo;un tissu acoustiquement transparent. Ils comprennent un syst\u00e8me d&rsquo;\u00e9clairage rond qui permet un \u00e9clairage direct et r\u00e9fl\u00e9chi. Outre une excellente acoustique, ils sont con\u00e7us dans le but de fournir aux architectes d&rsquo;int\u00e9rieur et aux consultants en \u00e9clairage m\u00e9canique des solutions acoustiques et d&rsquo;\u00e9clairage compl\u00e8tes.<\/p>\n<p>Cat\u00e9gorie : Panneaux acoustiques avec lumi\u00e8re<\/p>\n","protected":false},"featured_media":24483,"template":"","meta":[],"product_brand":[],"product_cat":[739,778,955],"product_tag":[],"class_list":{"0":"post-24507","1":"product","2":"type-product","3":"status-publish","4":"has-post-thumbnail","6":"product_cat-architectural-acoustic-fr","7":"product_cat-acoustics-noise-fr","8":"product_cat-acoustiques-panneaux-lumiere-fr","10":"first","11":"instock","12":"shipping-taxable","13":"product-type-simple"},"_links":{"self":[{"href":"https:\/\/airsystems.ge\/shop\/fr\/wp-json\/wp\/v2\/product\/24507","targetHints":{"allow":["GET"]}}],"collection":[{"href":"https:\/\/airsystems.ge\/shop\/fr\/wp-json\/wp\/v2\/product"}],"about":[{"href":"https:\/\/airsystems.ge\/shop\/fr\/wp-json\/wp\/v2\/types\/product"}],"wp:featuredmedia":[{"embeddable":true,"href":"https:\/\/airsystems.ge\/shop\/fr\/wp-json\/wp\/v2\/media\/24483"}],"wp:attachment":[{"href":"https:\/\/airsystems.ge\/shop\/fr\/wp-json\/wp\/v2\/media?parent=24507"}],"wp:term":[{"taxonomy":"product_brand","embeddable":true,"href":"https:\/\/airsystems.ge\/shop\/fr\/wp-json\/wp\/v2\/product_brand?post=24507"},{"taxonomy":"product_cat","embeddable":true,"href":"https:\/\/airsystems.ge\/shop\/fr\/wp-json\/wp\/v2\/product_cat?post=24507"},{"taxonomy":"product_tag","embeddable":true,"href":"https:\/\/airsystems.ge\/shop\/fr\/wp-json\/wp\/v2\/product_tag?post=24507"}],"curies":[{"name":"wp","href":"https:\/\/api.w.org\/{rel}","templated":true}]}}