{"id":24463,"date":"2025-02-24T00:25:31","date_gmt":"2025-02-23T20:25:31","guid":{"rendered":"https:\/\/airsystems.ge\/shop\/product\/luminous-acoustic-ceiling-alphacoustic-sky-fos\/"},"modified":"2025-02-24T00:27:03","modified_gmt":"2025-02-23T20:27:03","slug":"luminous-acoustic-ceiling-alphacoustic-sky-fos","status":"publish","type":"product","link":"https:\/\/airsystems.ge\/shop\/fr\/produit\/luminous-acoustic-ceiling-alphacoustic-sky-fos\/","title":{"rendered":"Plafond acoustique lumineux ALPHAcoustic \u2013 Sky.Fos"},"content":{"rendered":"","protected":false},"excerpt":{"rendered":"<p>Design\/Format Rectangulaire\/Polygonal<\/p>\n<p>ALPHAcoustic \u2013 Sky.Fos est une nouvelle s\u00e9rie de panneaux acoustiques qui combinent acoustique et \u00e9clairage. Nomm\u00e9s d&rsquo;apr\u00e8s le mot grec \u00ab \u03a6\u03a9\u03a3 \u00bb qui signifie Lumi\u00e8re, ces panneaux de plafond acoustiques\/lumineux peuvent \u00eatre suspendus horizontalement au plafond ou fix\u00e9s verticalement au mur. Les LED cach\u00e9es, \u00e0 haute intensit\u00e9, diffusent la lumi\u00e8re uniform\u00e9ment sur la surface en tissu du panneau avant.<\/p>\n<p>Cat\u00e9gorie : Panneaux acoustiques avec lumi\u00e8re<\/p>\n","protected":false},"featured_media":24458,"template":"","meta":[],"product_brand":[],"product_cat":[739,778,955],"product_tag":[],"class_list":{"0":"post-24463","1":"product","2":"type-product","3":"status-publish","4":"has-post-thumbnail","6":"product_cat-architectural-acoustic-fr","7":"product_cat-acoustics-noise-fr","8":"product_cat-acoustiques-panneaux-lumiere-fr","10":"first","11":"instock","12":"shipping-taxable","13":"product-type-simple"},"_links":{"self":[{"href":"https:\/\/airsystems.ge\/shop\/fr\/wp-json\/wp\/v2\/product\/24463","targetHints":{"allow":["GET"]}}],"collection":[{"href":"https:\/\/airsystems.ge\/shop\/fr\/wp-json\/wp\/v2\/product"}],"about":[{"href":"https:\/\/airsystems.ge\/shop\/fr\/wp-json\/wp\/v2\/types\/product"}],"wp:featuredmedia":[{"embeddable":true,"href":"https:\/\/airsystems.ge\/shop\/fr\/wp-json\/wp\/v2\/media\/24458"}],"wp:attachment":[{"href":"https:\/\/airsystems.ge\/shop\/fr\/wp-json\/wp\/v2\/media?parent=24463"}],"wp:term":[{"taxonomy":"product_brand","embeddable":true,"href":"https:\/\/airsystems.ge\/shop\/fr\/wp-json\/wp\/v2\/product_brand?post=24463"},{"taxonomy":"product_cat","embeddable":true,"href":"https:\/\/airsystems.ge\/shop\/fr\/wp-json\/wp\/v2\/product_cat?post=24463"},{"taxonomy":"product_tag","embeddable":true,"href":"https:\/\/airsystems.ge\/shop\/fr\/wp-json\/wp\/v2\/product_tag?post=24463"}],"curies":[{"name":"wp","href":"https:\/\/api.w.org\/{rel}","templated":true}]}}