{"id":24427,"date":"2025-02-24T00:19:11","date_gmt":"2025-02-23T20:19:11","guid":{"rendered":"https:\/\/airsystems.ge\/shop\/product\/wooden-acoustic-panel-alphacoustic-%e2%80%90-wp\/"},"modified":"2025-02-24T00:19:44","modified_gmt":"2025-02-23T20:19:44","slug":"wooden-acoustic-panel-alphacoustic-%e2%80%90-wp","status":"publish","type":"product","link":"https:\/\/airsystems.ge\/shop\/fr\/produit\/wooden-acoustic-panel-alphacoustic-%e2%80%90-wp\/","title":{"rendered":"Panneau acoustique en bois ALPHAcoustic \u2010 WP"},"content":{"rendered":"","protected":false},"excerpt":{"rendered":"<p>ALPHA coustic\u2010WP sont des panneaux acoustiques en bois qui am\u00e9liorent l&rsquo;acoustique d&rsquo;une salle et peuvent \u00eatre utilis\u00e9s dans diff\u00e9rentes formations combinatoires pour satisfaire toutes les exigences architecturales de chaque pi\u00e8ce.<\/p>\n<p>Cat\u00e9gorie : Panneaux acoustiques sur mesure<\/p>\n","protected":false},"featured_media":24410,"template":"","meta":[],"product_brand":[],"product_cat":[739,778,949],"product_tag":[],"class_list":{"0":"post-24427","1":"product","2":"type-product","3":"status-publish","4":"has-post-thumbnail","6":"product_cat-architectural-acoustic-fr","7":"product_cat-acoustics-noise-fr","8":"product_cat-acoustiques-panneaux-sur-fr","10":"first","11":"instock","12":"shipping-taxable","13":"product-type-simple"},"_links":{"self":[{"href":"https:\/\/airsystems.ge\/shop\/fr\/wp-json\/wp\/v2\/product\/24427","targetHints":{"allow":["GET"]}}],"collection":[{"href":"https:\/\/airsystems.ge\/shop\/fr\/wp-json\/wp\/v2\/product"}],"about":[{"href":"https:\/\/airsystems.ge\/shop\/fr\/wp-json\/wp\/v2\/types\/product"}],"wp:featuredmedia":[{"embeddable":true,"href":"https:\/\/airsystems.ge\/shop\/fr\/wp-json\/wp\/v2\/media\/24410"}],"wp:attachment":[{"href":"https:\/\/airsystems.ge\/shop\/fr\/wp-json\/wp\/v2\/media?parent=24427"}],"wp:term":[{"taxonomy":"product_brand","embeddable":true,"href":"https:\/\/airsystems.ge\/shop\/fr\/wp-json\/wp\/v2\/product_brand?post=24427"},{"taxonomy":"product_cat","embeddable":true,"href":"https:\/\/airsystems.ge\/shop\/fr\/wp-json\/wp\/v2\/product_cat?post=24427"},{"taxonomy":"product_tag","embeddable":true,"href":"https:\/\/airsystems.ge\/shop\/fr\/wp-json\/wp\/v2\/product_tag?post=24427"}],"curies":[{"name":"wp","href":"https:\/\/api.w.org\/{rel}","templated":true}]}}