{"id":24385,"date":"2025-02-24T00:14:09","date_gmt":"2025-02-23T20:14:09","guid":{"rendered":"https:\/\/airsystems.ge\/shop\/product\/acoustic-panel-alphacoustic-keros\/"},"modified":"2025-02-24T00:16:33","modified_gmt":"2025-02-23T20:16:33","slug":"acoustic-panel-alphacoustic-keros","status":"publish","type":"product","link":"https:\/\/airsystems.ge\/shop\/fr\/produit\/acoustic-panel-alphacoustic-keros\/","title":{"rendered":"Panneau acoustique ALPHAcoustic \u2013 K\u00e9ros"},"content":{"rendered":"","protected":false},"excerpt":{"rendered":"<div class=\"woocommerce-product-details__short-description\">\n<p>Inspir\u00e9 de l&rsquo;art grec ancien et fabriqu\u00e9 avec des tissus de haute r\u00e9sistance et d&rsquo;excellente qualit\u00e9. La combinaison des mat\u00e9riaux acoustiques \u00e0 l&rsquo;int\u00e9rieur offre une large absorption sonore.<br \/>\nIl y a 4500 ans\u2026<\/p>\n<p>K\u00e9ros est une \u00eele grecque inhabit\u00e9e des Cyclades. C&rsquo;\u00e9tait l&rsquo;un des sites les plus \u00e9minents qui abritait la civilisation cycladique qui a prosp\u00e9r\u00e9 dans la mer \u00c9g\u00e9e centrale vers 2500 avant J.-C. K\u00e9ros est principalement connue pour les figurines en marbre cycladique \u00e0 face plate qui ont \u00e9t\u00e9 trouv\u00e9es lors de fouilles sur l&rsquo;\u00eele. Bien que les figurines en marbre cycladique plaisent au spectateur moderne pour leur blancheur presque translucide, leurs cr\u00e9ateurs aimaient cette couleur et l&rsquo;utilisaient g\u00e9n\u00e9reusement sur ces objets pour des raisons \u00e0 la fois pratiques et symboliques.<\/p>\n<p>Cat\u00e9gorie : Panneaux acoustiques personnalis\u00e9s<\/p>\n<\/div>\n","protected":false},"featured_media":24380,"template":"","meta":[],"product_brand":[],"product_cat":[739,778,949],"product_tag":[],"class_list":{"0":"post-24385","1":"product","2":"type-product","3":"status-publish","4":"has-post-thumbnail","6":"product_cat-architectural-acoustic-fr","7":"product_cat-acoustics-noise-fr","8":"product_cat-acoustiques-panneaux-sur-fr","10":"first","11":"instock","12":"shipping-taxable","13":"product-type-simple"},"_links":{"self":[{"href":"https:\/\/airsystems.ge\/shop\/fr\/wp-json\/wp\/v2\/product\/24385","targetHints":{"allow":["GET"]}}],"collection":[{"href":"https:\/\/airsystems.ge\/shop\/fr\/wp-json\/wp\/v2\/product"}],"about":[{"href":"https:\/\/airsystems.ge\/shop\/fr\/wp-json\/wp\/v2\/types\/product"}],"wp:featuredmedia":[{"embeddable":true,"href":"https:\/\/airsystems.ge\/shop\/fr\/wp-json\/wp\/v2\/media\/24380"}],"wp:attachment":[{"href":"https:\/\/airsystems.ge\/shop\/fr\/wp-json\/wp\/v2\/media?parent=24385"}],"wp:term":[{"taxonomy":"product_brand","embeddable":true,"href":"https:\/\/airsystems.ge\/shop\/fr\/wp-json\/wp\/v2\/product_brand?post=24385"},{"taxonomy":"product_cat","embeddable":true,"href":"https:\/\/airsystems.ge\/shop\/fr\/wp-json\/wp\/v2\/product_cat?post=24385"},{"taxonomy":"product_tag","embeddable":true,"href":"https:\/\/airsystems.ge\/shop\/fr\/wp-json\/wp\/v2\/product_tag?post=24385"}],"curies":[{"name":"wp","href":"https:\/\/api.w.org\/{rel}","templated":true}]}}