{"id":24361,"date":"2025-02-23T23:51:12","date_gmt":"2025-02-23T19:51:12","guid":{"rendered":"https:\/\/airsystems.ge\/shop\/product\/wave-form-acoustic-cloud-alphacoustic-kima\/"},"modified":"2025-02-23T23:52:13","modified_gmt":"2025-02-23T19:52:13","slug":"wave-form-acoustic-cloud-alphacoustic-kima","status":"publish","type":"product","link":"https:\/\/airsystems.ge\/shop\/fr\/produit\/wave-form-acoustic-cloud-alphacoustic-kima\/","title":{"rendered":"Nuage acoustique en forme d&rsquo;onde ALPHAcoustic \u2013 Kima"},"content":{"rendered":"","protected":false},"excerpt":{"rendered":"<p>ALPHAcoustic \u2013 Kima est un nuage acoustique en forme d&rsquo;onde absorbant le son. Le panneau acoustique en forme d&rsquo;onde, avec sa forme rectangulaire concave et convexe, offre un aspect vibrant et unique. Inspir\u00e9 par le mouvement \u00e9ternel des vagues et de la mer, le panneau peut compl\u00e9ter l&rsquo;esth\u00e9tique int\u00e9rieure d&rsquo;un espace commercial, de bureau ou de tout autre espace de b\u00e2timent int\u00e9rieur avec son aspect vibrant et \u00e9nergique.<\/p>\n<p>Cat\u00e9gorie : Panneaux acoustiques personnalis\u00e9s<\/p>\n","protected":false},"featured_media":24344,"template":"","meta":[],"product_brand":[],"product_cat":[739,778,949],"product_tag":[],"class_list":{"0":"post-24361","1":"product","2":"type-product","3":"status-publish","4":"has-post-thumbnail","6":"product_cat-architectural-acoustic-fr","7":"product_cat-acoustics-noise-fr","8":"product_cat-acoustiques-panneaux-sur-fr","10":"first","11":"instock","12":"shipping-taxable","13":"product-type-simple"},"_links":{"self":[{"href":"https:\/\/airsystems.ge\/shop\/fr\/wp-json\/wp\/v2\/product\/24361","targetHints":{"allow":["GET"]}}],"collection":[{"href":"https:\/\/airsystems.ge\/shop\/fr\/wp-json\/wp\/v2\/product"}],"about":[{"href":"https:\/\/airsystems.ge\/shop\/fr\/wp-json\/wp\/v2\/types\/product"}],"wp:featuredmedia":[{"embeddable":true,"href":"https:\/\/airsystems.ge\/shop\/fr\/wp-json\/wp\/v2\/media\/24344"}],"wp:attachment":[{"href":"https:\/\/airsystems.ge\/shop\/fr\/wp-json\/wp\/v2\/media?parent=24361"}],"wp:term":[{"taxonomy":"product_brand","embeddable":true,"href":"https:\/\/airsystems.ge\/shop\/fr\/wp-json\/wp\/v2\/product_brand?post=24361"},{"taxonomy":"product_cat","embeddable":true,"href":"https:\/\/airsystems.ge\/shop\/fr\/wp-json\/wp\/v2\/product_cat?post=24361"},{"taxonomy":"product_tag","embeddable":true,"href":"https:\/\/airsystems.ge\/shop\/fr\/wp-json\/wp\/v2\/product_tag?post=24361"}],"curies":[{"name":"wp","href":"https:\/\/api.w.org\/{rel}","templated":true}]}}