{"id":24319,"date":"2025-02-23T23:45:37","date_gmt":"2025-02-23T19:45:37","guid":{"rendered":"https:\/\/airsystems.ge\/shop\/product\/trapezoid-acoustic-panel-alphacoustic-urban\/"},"modified":"2025-02-23T23:48:25","modified_gmt":"2025-02-23T19:48:25","slug":"trapezoid-acoustic-panel-alphacoustic-urban","status":"publish","type":"product","link":"https:\/\/airsystems.ge\/shop\/fr\/produit\/trapezoid-acoustic-panel-alphacoustic-urban\/","title":{"rendered":"Panneau acoustique trap\u00e9zo\u00efdal ALPHAcoustic \u2013 URBAN"},"content":{"rendered":"","protected":false},"excerpt":{"rendered":"<div class=\"woocommerce-product-details__short-description\">\n<p>ALPHAcoustic \u2013 Urban est un panneau acoustique inspir\u00e9 du projet Urban Design. Le panneau est enti\u00e8rement envelopp\u00e9 d&rsquo;un tissu acoustique transparent.<br \/>\nL&rsquo;ALPHAcoustic \u2013 Urban se compose de seulement deux mod\u00e8les de panneaux diff\u00e9rents qui peuvent cr\u00e9er une infinit\u00e9 de combinaisons possibles.<\/p>\n<p>Il offre une r\u00e9duction des r\u00e9flexions sonores g\u00eanantes, am\u00e9liorant l&rsquo;acoustique int\u00e9rieure, r\u00e9duisant le bruit r\u00e9verb\u00e9r\u00e9,<br \/>\noffrant un meilleur environnement acoustique tout en am\u00e9liorant l&rsquo;esth\u00e9tique de tout espace int\u00e9rieur.<\/p>\n<p>Cat\u00e9gorie : Panneaux acoustiques personnalis\u00e9s<\/p>\n<\/div>\n","protected":false},"featured_media":24308,"template":"","meta":[],"product_brand":[],"product_cat":[739,778,949],"product_tag":[],"class_list":{"0":"post-24319","1":"product","2":"type-product","3":"status-publish","4":"has-post-thumbnail","6":"product_cat-architectural-acoustic-fr","7":"product_cat-acoustics-noise-fr","8":"product_cat-acoustiques-panneaux-sur-fr","10":"first","11":"instock","12":"shipping-taxable","13":"product-type-simple"},"_links":{"self":[{"href":"https:\/\/airsystems.ge\/shop\/fr\/wp-json\/wp\/v2\/product\/24319","targetHints":{"allow":["GET"]}}],"collection":[{"href":"https:\/\/airsystems.ge\/shop\/fr\/wp-json\/wp\/v2\/product"}],"about":[{"href":"https:\/\/airsystems.ge\/shop\/fr\/wp-json\/wp\/v2\/types\/product"}],"wp:featuredmedia":[{"embeddable":true,"href":"https:\/\/airsystems.ge\/shop\/fr\/wp-json\/wp\/v2\/media\/24308"}],"wp:attachment":[{"href":"https:\/\/airsystems.ge\/shop\/fr\/wp-json\/wp\/v2\/media?parent=24319"}],"wp:term":[{"taxonomy":"product_brand","embeddable":true,"href":"https:\/\/airsystems.ge\/shop\/fr\/wp-json\/wp\/v2\/product_brand?post=24319"},{"taxonomy":"product_cat","embeddable":true,"href":"https:\/\/airsystems.ge\/shop\/fr\/wp-json\/wp\/v2\/product_cat?post=24319"},{"taxonomy":"product_tag","embeddable":true,"href":"https:\/\/airsystems.ge\/shop\/fr\/wp-json\/wp\/v2\/product_tag?post=24319"}],"curies":[{"name":"wp","href":"https:\/\/api.w.org\/{rel}","templated":true}]}}