{"id":24299,"date":"2025-02-23T23:40:04","date_gmt":"2025-02-23T19:40:04","guid":{"rendered":"https:\/\/airsystems.ge\/shop\/product\/soundproofing-curtains-alphacoustic-acu-noise\/"},"modified":"2025-02-23T23:41:14","modified_gmt":"2025-02-23T19:41:14","slug":"soundproofing-curtains-alphacoustic-acu-noise","status":"publish","type":"product","link":"https:\/\/airsystems.ge\/shop\/fr\/produit\/soundproofing-curtains-alphacoustic-acu-noise\/","title":{"rendered":"Rideaux insonorisants ALPHAcoustic \u2013 ACu. Bruit"},"content":{"rendered":"","protected":false},"excerpt":{"rendered":"<div class=\"woocommerce-product-details__short-description\">\n<p>Les rideaux acoustiques ne sont g\u00e9n\u00e9ralement pas utilis\u00e9s pour arr\u00eater la transmission du bruit. N\u00e9anmoins, dans certaines circonstances, avec une planification minutieuse, les rideaux acoustiques peuvent absorber et r\u00e9fl\u00e9chir les bruits ind\u00e9sirables. Gr\u00e2ce \u00e0 l&rsquo;interpolation de tissus\/membranes \u00e0 masse \u00e9lev\u00e9e entre les tissus ext\u00e9rieurs, nous pouvons obtenir des valeurs d&rsquo;isolation acoustique acceptables. L&rsquo;efficacit\u00e9 de ces rideaux\/rideaux d\u00e9pend de la r\u00e9alisation de l&rsquo;\u00e9tanch\u00e9it\u00e9 des chemins de flanquement.<\/p>\n<p>Cat\u00e9gorie : Rideaux acoustiques<\/p>\n<\/div>\n","protected":false},"featured_media":24257,"template":"","meta":[],"product_brand":[],"product_cat":[739,778,943],"product_tag":[],"class_list":{"0":"post-24299","1":"product","2":"type-product","3":"status-publish","4":"has-post-thumbnail","6":"product_cat-architectural-acoustic-fr","7":"product_cat-acoustics-noise-fr","8":"product_cat-rideaux-acoustiques-fr","10":"first","11":"instock","12":"shipping-taxable","13":"product-type-simple"},"_links":{"self":[{"href":"https:\/\/airsystems.ge\/shop\/fr\/wp-json\/wp\/v2\/product\/24299","targetHints":{"allow":["GET"]}}],"collection":[{"href":"https:\/\/airsystems.ge\/shop\/fr\/wp-json\/wp\/v2\/product"}],"about":[{"href":"https:\/\/airsystems.ge\/shop\/fr\/wp-json\/wp\/v2\/types\/product"}],"wp:featuredmedia":[{"embeddable":true,"href":"https:\/\/airsystems.ge\/shop\/fr\/wp-json\/wp\/v2\/media\/24257"}],"wp:attachment":[{"href":"https:\/\/airsystems.ge\/shop\/fr\/wp-json\/wp\/v2\/media?parent=24299"}],"wp:term":[{"taxonomy":"product_brand","embeddable":true,"href":"https:\/\/airsystems.ge\/shop\/fr\/wp-json\/wp\/v2\/product_brand?post=24299"},{"taxonomy":"product_cat","embeddable":true,"href":"https:\/\/airsystems.ge\/shop\/fr\/wp-json\/wp\/v2\/product_cat?post=24299"},{"taxonomy":"product_tag","embeddable":true,"href":"https:\/\/airsystems.ge\/shop\/fr\/wp-json\/wp\/v2\/product_tag?post=24299"}],"curies":[{"name":"wp","href":"https:\/\/api.w.org\/{rel}","templated":true}]}}