{"id":24164,"date":"2025-02-23T23:18:36","date_gmt":"2025-02-23T19:18:36","guid":{"rendered":"https:\/\/airsystems.ge\/shop\/product\/multi-pattern-acoustic-panels-alphacoustic-multi\/"},"modified":"2025-02-23T23:21:23","modified_gmt":"2025-02-23T19:21:23","slug":"multi-pattern-acoustic-panels-alphacoustic-multi","status":"publish","type":"product","link":"https:\/\/airsystems.ge\/shop\/fr\/produit\/multi-pattern-acoustic-panels-alphacoustic-multi\/","title":{"rendered":"Panneaux acoustiques multi-motifs ALPHAcoustic \u2013 MULTI"},"content":{"rendered":"","protected":false},"excerpt":{"rendered":"<p>Section rectangulaire<br \/>\nALPHAcoustic \u2013 Multi.Ortho sont des panneaux acoustiques multifonctionnels \u00e0 section rectangulaire (style dorique), envelopp\u00e9s dans un tissu acoustique et perm\u00e9able au son.<\/p>\n<p>Dimensions de base : 82 x 66 x 5 cm (diff\u00e9rentes dimensions et \u00e9paisseurs peuvent \u00eatre r\u00e9alis\u00e9es sur demande).<\/p>\n<p>Cat\u00e9gorie : Panneaux acoustiques<\/p>\n<p>Section courbe<br \/>\nLes cadres acoustiques ALPHAcoustic \u2013 Multi.Tondo ont un design courb\u00e9 raffin\u00e9 : ils pr\u00e9sentent des courbes harmonieuses qui respirent le confort, la s\u00e9curit\u00e9, l&rsquo;intimit\u00e9 et la d\u00e9tente.<\/p>\n<p>Caract\u00e9ristiques principales :<\/p>\n<p>-Des courbes harmonieuses qui respirent le confort, la s\u00e9curit\u00e9, l&rsquo;intimit\u00e9 et la d\u00e9tente.<br \/>\n-Ils offrent une mise \u00e0 niveau acoustique et esth\u00e9tique de l&rsquo;espace.<br \/>\n-Possibilit\u00e9 d&rsquo;int\u00e9gration dans tous les espaces de vie.<\/p>\n<p>Dimensions standard : 82 x 65 x 5 cm (diff\u00e9rentes formes, dimensions et \u00e9paisseurs peuvent \u00eatre r\u00e9alis\u00e9es sur demande).<\/p>\n<p>Cat\u00e9gorie : Panneaux acoustiques<\/p>\n","protected":false},"featured_media":24099,"template":"","meta":[],"product_brand":[],"product_cat":[739,778,738],"product_tag":[],"class_list":{"0":"post-24164","1":"product","2":"type-product","3":"status-publish","4":"has-post-thumbnail","6":"product_cat-architectural-acoustic-fr","7":"product_cat-acoustics-noise-fr","8":"product_cat-acoustic-panels-fr","10":"first","11":"instock","12":"shipping-taxable","13":"product-type-simple"},"_links":{"self":[{"href":"https:\/\/airsystems.ge\/shop\/fr\/wp-json\/wp\/v2\/product\/24164","targetHints":{"allow":["GET"]}}],"collection":[{"href":"https:\/\/airsystems.ge\/shop\/fr\/wp-json\/wp\/v2\/product"}],"about":[{"href":"https:\/\/airsystems.ge\/shop\/fr\/wp-json\/wp\/v2\/types\/product"}],"wp:featuredmedia":[{"embeddable":true,"href":"https:\/\/airsystems.ge\/shop\/fr\/wp-json\/wp\/v2\/media\/24099"}],"wp:attachment":[{"href":"https:\/\/airsystems.ge\/shop\/fr\/wp-json\/wp\/v2\/media?parent=24164"}],"wp:term":[{"taxonomy":"product_brand","embeddable":true,"href":"https:\/\/airsystems.ge\/shop\/fr\/wp-json\/wp\/v2\/product_brand?post=24164"},{"taxonomy":"product_cat","embeddable":true,"href":"https:\/\/airsystems.ge\/shop\/fr\/wp-json\/wp\/v2\/product_cat?post=24164"},{"taxonomy":"product_tag","embeddable":true,"href":"https:\/\/airsystems.ge\/shop\/fr\/wp-json\/wp\/v2\/product_tag?post=24164"}],"curies":[{"name":"wp","href":"https:\/\/api.w.org\/{rel}","templated":true}]}}