{"id":24091,"date":"2025-02-23T23:10:20","date_gmt":"2025-02-23T19:10:20","guid":{"rendered":"https:\/\/airsystems.ge\/shop\/product\/false-ceiling-acoustic-panels-alphacoustic-ceiling\/"},"modified":"2025-02-23T23:13:52","modified_gmt":"2025-02-23T19:13:52","slug":"false-ceiling-acoustic-panels-alphacoustic-ceiling","status":"publish","type":"product","link":"https:\/\/airsystems.ge\/shop\/fr\/produit\/false-ceiling-acoustic-panels-alphacoustic-ceiling\/","title":{"rendered":"Panneaux acoustiques pour faux plafonds ALPHAcoustic \u2013 Ceiling"},"content":{"rendered":"","protected":false},"excerpt":{"rendered":"<div class=\"woocommerce-product-details__short-description\">\n<p>ALPHAcoustic \u2013 Ceiling est un panneau acoustique sans cadre qui remplace les dalles de faux plafonds afin de cr\u00e9er une meilleure acoustique de la pi\u00e8ce. Il est envelopp\u00e9 d&rsquo;un tissu acoustique transparent qui garantit que le noyau, fabriqu\u00e9 \u00e0 partir de laine de roche produite industriellement, a des performances acoustiques maximales. Il r\u00e9duit les \u00e9chos et les r\u00e9verb\u00e9rations et am\u00e9liore l&rsquo;acoustique int\u00e9rieure, offrant ainsi un meilleur environnement acoustique.<\/p>\n<p>ALPHAcoustic \u2013 Ceiling ne perturbe pas visuellement l&rsquo;espace. De plus, les panneaux n&rsquo;affectent pas la fonctionnalit\u00e9 des syst\u00e8mes de climatisation ou d&rsquo;\u00e9clairage.<\/p>\n<p>ALPHAcoustic \u2013 Ceiling est sp\u00e9cialement con\u00e7u pour obtenir une absorption sonore maximale dans une bande de fr\u00e9quence acoustique sp\u00e9cifique. L&rsquo;indice d&rsquo;absorption acoustique (a\u03c2) selon les normes ISO 354.2003 et ISO 11654.1997, le coefficient d&rsquo;absorption acoustique pratique indicatif (\u03b1p) et le coefficient d&rsquo;absorption acoustique pond\u00e9r\u00e9 (ap) sont indiqu\u00e9s dans le graphique et le tableau ci-dessous (voir documents techniques)<\/p>\n<p>Dimensions standard : 59,3 x 59,3 cm et 119,3 x 59,3 cm<br \/>\n\u00c9paisseur standard : 30 ou 50 mm<\/p>\n<p>Cat\u00e9gorie : Panneaux acoustiques<\/p>\n<\/div>\n<div class=\"product_meta\"><\/div>\n","protected":false},"featured_media":24044,"template":"","meta":[],"product_brand":[],"product_cat":[739,778,738],"product_tag":[],"class_list":{"0":"post-24091","1":"product","2":"type-product","3":"status-publish","4":"has-post-thumbnail","6":"product_cat-architectural-acoustic-fr","7":"product_cat-acoustics-noise-fr","8":"product_cat-acoustic-panels-fr","10":"first","11":"instock","12":"shipping-taxable","13":"product-type-simple"},"_links":{"self":[{"href":"https:\/\/airsystems.ge\/shop\/fr\/wp-json\/wp\/v2\/product\/24091","targetHints":{"allow":["GET"]}}],"collection":[{"href":"https:\/\/airsystems.ge\/shop\/fr\/wp-json\/wp\/v2\/product"}],"about":[{"href":"https:\/\/airsystems.ge\/shop\/fr\/wp-json\/wp\/v2\/types\/product"}],"wp:featuredmedia":[{"embeddable":true,"href":"https:\/\/airsystems.ge\/shop\/fr\/wp-json\/wp\/v2\/media\/24044"}],"wp:attachment":[{"href":"https:\/\/airsystems.ge\/shop\/fr\/wp-json\/wp\/v2\/media?parent=24091"}],"wp:term":[{"taxonomy":"product_brand","embeddable":true,"href":"https:\/\/airsystems.ge\/shop\/fr\/wp-json\/wp\/v2\/product_brand?post=24091"},{"taxonomy":"product_cat","embeddable":true,"href":"https:\/\/airsystems.ge\/shop\/fr\/wp-json\/wp\/v2\/product_cat?post=24091"},{"taxonomy":"product_tag","embeddable":true,"href":"https:\/\/airsystems.ge\/shop\/fr\/wp-json\/wp\/v2\/product_tag?post=24091"}],"curies":[{"name":"wp","href":"https:\/\/api.w.org\/{rel}","templated":true}]}}