{"id":23957,"date":"2025-02-23T22:46:28","date_gmt":"2025-02-23T18:46:28","guid":{"rendered":"https:\/\/airsystems.ge\/shop\/product\/desk-acoustic-partitions-alphacoustic-desk\/"},"modified":"2025-02-23T22:49:10","modified_gmt":"2025-02-23T18:49:10","slug":"desk-acoustic-partitions-alphacoustic-desk","status":"publish","type":"product","link":"https:\/\/airsystems.ge\/shop\/fr\/produit\/desk-acoustic-partitions-alphacoustic-desk\/","title":{"rendered":"Cloisons acoustiques de bureau ALPHAcoustic \u2013 DESK"},"content":{"rendered":"","protected":false},"excerpt":{"rendered":"<p>Section rectangulaire<\/p>\n<p>ALPHAcoustic -Desk.Ortho sont des cloisons acoustiques absorbantes avec des lignes carr\u00e9es (sommets orthogonaux) pour les bureaux qui offrent une solution flexible aux probl\u00e8mes acoustiques dans les bureaux. Elles am\u00e9liorent l&rsquo;absorption sonore et offrent une meilleure acoustique dans l&rsquo;environnement de travail. Elles offrent une solution flexible aux probl\u00e8mes acoustiques dans les bureaux \u00e0 aire ouverte, tels que les bureaux de comptabilit\u00e9, les centres d&rsquo;appels, le support client et partout o\u00f9 une isolation visuelle et sonore est n\u00e9cessaire.<\/p>\n<p>Cat\u00e9gorie : Panneaux acoustiques<\/p>\n<p>Section courbe<\/p>\n<p>ALPHA coustic -Desk.Tondo sont des cloisons acoustiques absorbantes et insonorisantes sur pied avec des lignes courbes (sommets lisses) pour les bureaux. Con\u00e7ues avec une forme raffin\u00e9e et \u00e9l\u00e9gante, avec un design lisse et fluide. Des courbes douces, qui sugg\u00e8rent le confort, la s\u00e9curit\u00e9, la familiarit\u00e9 et la d\u00e9tente. Elles rappellent les courbes du corps humain.<\/p>\n<p>Cat\u00e9gorie : Panneaux acoustiques<\/p>\n","protected":false},"featured_media":23946,"template":"","meta":[],"product_brand":[],"product_cat":[739,778,738],"product_tag":[],"class_list":{"0":"post-23957","1":"product","2":"type-product","3":"status-publish","4":"has-post-thumbnail","6":"product_cat-architectural-acoustic-fr","7":"product_cat-acoustics-noise-fr","8":"product_cat-acoustic-panels-fr","10":"first","11":"instock","12":"shipping-taxable","13":"product-type-simple"},"_links":{"self":[{"href":"https:\/\/airsystems.ge\/shop\/fr\/wp-json\/wp\/v2\/product\/23957","targetHints":{"allow":["GET"]}}],"collection":[{"href":"https:\/\/airsystems.ge\/shop\/fr\/wp-json\/wp\/v2\/product"}],"about":[{"href":"https:\/\/airsystems.ge\/shop\/fr\/wp-json\/wp\/v2\/types\/product"}],"wp:featuredmedia":[{"embeddable":true,"href":"https:\/\/airsystems.ge\/shop\/fr\/wp-json\/wp\/v2\/media\/23946"}],"wp:attachment":[{"href":"https:\/\/airsystems.ge\/shop\/fr\/wp-json\/wp\/v2\/media?parent=23957"}],"wp:term":[{"taxonomy":"product_brand","embeddable":true,"href":"https:\/\/airsystems.ge\/shop\/fr\/wp-json\/wp\/v2\/product_brand?post=23957"},{"taxonomy":"product_cat","embeddable":true,"href":"https:\/\/airsystems.ge\/shop\/fr\/wp-json\/wp\/v2\/product_cat?post=23957"},{"taxonomy":"product_tag","embeddable":true,"href":"https:\/\/airsystems.ge\/shop\/fr\/wp-json\/wp\/v2\/product_tag?post=23957"}],"curies":[{"name":"wp","href":"https:\/\/api.w.org\/{rel}","templated":true}]}}