{"id":22990,"date":"2025-02-16T12:06:09","date_gmt":"2025-02-16T08:06:09","guid":{"rendered":"https:\/\/airsystems.ge\/shop\/product\/wind-measurement-masts\/"},"modified":"2025-04-02T09:30:42","modified_gmt":"2025-04-02T05:30:42","slug":"wind-measurement-masts","status":"publish","type":"product","link":"https:\/\/airsystems.ge\/shop\/fr\/produit\/wind-measurement-masts\/","title":{"rendered":"\u00c9oliennes Tour de mesure du vent \u00c9oliennes"},"content":{"rendered":"","protected":false},"excerpt":{"rendered":"<p>\u00c9oliennes<br \/>\nNous produisons trois types de m\u00e2ts de mesure en treillis\u00a0:<br \/>\nNormal<br \/>\n1. M\u00e2ts de mesure normaux antigel \u2013 con\u00e7us pour des vents faibles et des conditions hivernales normales<\/p>\n<p>2. M\u00e2ts de mesure renforc\u00e9s antigel \u2013 con\u00e7us pour des vents allant jusqu&rsquo;\u00e0 15-22\u00a0m\/s et des conditions hivernales rigoureuses<\/p>\n<p>3. M\u00e2ts de mesure super renforc\u00e9s antigel \u2013 con\u00e7us pour des vents allant jusqu&rsquo;\u00e0 22-30\u00a0m\/s et des conditions arctiques ou de haute montagne<\/p>\n<p>Ces m\u00e2ts peuvent atteindre des dimensions importantes, allant jusqu&rsquo;\u00e0 120-140\u00a0m, et sont principalement utilis\u00e9s pour des mesures aussi pr\u00e9cises que possible, \u00e0 des hauteurs aussi proches que possible de celles des futures \u00e9oliennes.<\/p>\n","protected":false},"featured_media":22979,"template":"","meta":[],"product_brand":[],"product_cat":[795],"product_tag":[],"class_list":{"0":"post-22990","1":"product","2":"type-product","3":"status-publish","4":"has-post-thumbnail","6":"product_cat-mats-mesure-tour-eolienne","8":"first","9":"instock","10":"shipping-taxable","11":"product-type-simple"},"_links":{"self":[{"href":"https:\/\/airsystems.ge\/shop\/fr\/wp-json\/wp\/v2\/product\/22990","targetHints":{"allow":["GET"]}}],"collection":[{"href":"https:\/\/airsystems.ge\/shop\/fr\/wp-json\/wp\/v2\/product"}],"about":[{"href":"https:\/\/airsystems.ge\/shop\/fr\/wp-json\/wp\/v2\/types\/product"}],"wp:featuredmedia":[{"embeddable":true,"href":"https:\/\/airsystems.ge\/shop\/fr\/wp-json\/wp\/v2\/media\/22979"}],"wp:attachment":[{"href":"https:\/\/airsystems.ge\/shop\/fr\/wp-json\/wp\/v2\/media?parent=22990"}],"wp:term":[{"taxonomy":"product_brand","embeddable":true,"href":"https:\/\/airsystems.ge\/shop\/fr\/wp-json\/wp\/v2\/product_brand?post=22990"},{"taxonomy":"product_cat","embeddable":true,"href":"https:\/\/airsystems.ge\/shop\/fr\/wp-json\/wp\/v2\/product_cat?post=22990"},{"taxonomy":"product_tag","embeddable":true,"href":"https:\/\/airsystems.ge\/shop\/fr\/wp-json\/wp\/v2\/product_tag?post=22990"}],"curies":[{"name":"wp","href":"https:\/\/api.w.org\/{rel}","templated":true}]}}