{"id":19251,"date":"2025-02-12T23:41:20","date_gmt":"2025-02-12T19:41:20","guid":{"rendered":"https:\/\/airsystems.ge\/shop\/product\/eco-sound-absorbing-slabs-izifon\/"},"modified":"2025-02-12T23:44:30","modified_gmt":"2025-02-12T19:44:30","slug":"eco-sound-absorbing-slabs-izifon","status":"publish","type":"product","link":"https:\/\/airsystems.ge\/shop\/fr\/produit\/eco-sound-absorbing-slabs-izifon\/","title":{"rendered":"Dalles d&rsquo;absorption acoustique \u00e9cologiques iZiFON"},"content":{"rendered":"<h3>Sound Absorption Properties<\/h3>\n<p><img loading=\"lazy\" decoding=\"async\" class=\"alignnone wp-image-31414\" title=\"iZiFON Sound Absorption Diagram\" src=\"https:\/\/alphacoustic.com\/wp-content\/uploads\/2024\/01\/Sound-Absorption-Diagram_ENG-300x300.png\" sizes=\"auto, (max-width: 600px) 100vw, 600px\" srcset=\"https:\/\/alphacoustic.com\/wp-content\/uploads\/2024\/01\/Sound-Absorption-Diagram_ENG-600x336.png 600w, https:\/\/alphacoustic.com\/wp-content\/uploads\/2024\/01\/Sound-Absorption-Diagram_ENG.png 864w\" alt=\"iZiFON Sound Absorption Diagram_ENG\" width=\"600\" height=\"336\" \/><\/p>\n<p><u>Additional characteristics<\/u><\/p>\n<ul>\n<li>Thermal conductivity: \u03bb10 = 0.031 W\/m.K (for density 38.5 Kg\/m\u00b3)<\/li>\n<li>Fire resistance: According to FMVSS 302:2011 (certified by Bureau Veritas)<\/li>\n<li>Indoor air quality: Certified according to ISO 16000: Indoor air quality, VOC &amp; Formaldehyde free by CSI-SpA.<\/li>\n<\/ul>\n","protected":false},"excerpt":{"rendered":"<div class=\"woocommerce-product-details__short-description\">\n<p>Un produit de nouvelle g\u00e9n\u00e9ration compos\u00e9 \u00e0 100 % de fibres de polyester, id\u00e9al pour l&rsquo;isolation phonique et thermique.<\/p>\n<p><img loading=\"lazy\" decoding=\"async\" class=\"alignleft wp-image-34028\" src=\"https:\/\/alphacoustic.com\/wp-content\/uploads\/2024\/11\/icon_sustainability_eco-01-300x300.webp\" alt=\"Eco-friendly product with recycled materials\" width=\"57\" height=\"57\" \/><br \/>\nProduit \u00e9cologique \u00e0 base de mat\u00e9riaux recycl\u00e9s<\/p>\n<p>&nbsp;<\/p>\n<\/div>\n<div class=\"product_meta\">Cat\u00e9gorie\u00a0:\u00a0Absorption acoustique<\/div>\n","protected":false},"featured_media":19268,"template":"","meta":[],"product_brand":[],"product_cat":[750,757],"product_tag":[],"class_list":{"0":"post-19251","1":"product","2":"type-product","3":"status-publish","4":"has-post-thumbnail","6":"product_cat-building-acoustics-fr","7":"product_cat-sound-proofing-fr","9":"first","10":"instock","11":"shipping-taxable","12":"product-type-simple"},"_links":{"self":[{"href":"https:\/\/airsystems.ge\/shop\/fr\/wp-json\/wp\/v2\/product\/19251","targetHints":{"allow":["GET"]}}],"collection":[{"href":"https:\/\/airsystems.ge\/shop\/fr\/wp-json\/wp\/v2\/product"}],"about":[{"href":"https:\/\/airsystems.ge\/shop\/fr\/wp-json\/wp\/v2\/types\/product"}],"wp:featuredmedia":[{"embeddable":true,"href":"https:\/\/airsystems.ge\/shop\/fr\/wp-json\/wp\/v2\/media\/19268"}],"wp:attachment":[{"href":"https:\/\/airsystems.ge\/shop\/fr\/wp-json\/wp\/v2\/media?parent=19251"}],"wp:term":[{"taxonomy":"product_brand","embeddable":true,"href":"https:\/\/airsystems.ge\/shop\/fr\/wp-json\/wp\/v2\/product_brand?post=19251"},{"taxonomy":"product_cat","embeddable":true,"href":"https:\/\/airsystems.ge\/shop\/fr\/wp-json\/wp\/v2\/product_cat?post=19251"},{"taxonomy":"product_tag","embeddable":true,"href":"https:\/\/airsystems.ge\/shop\/fr\/wp-json\/wp\/v2\/product_tag?post=19251"}],"curies":[{"name":"wp","href":"https:\/\/api.w.org\/{rel}","templated":true}]}}