{"id":19210,"date":"2025-02-12T22:57:00","date_gmt":"2025-02-12T18:57:00","guid":{"rendered":"https:\/\/airsystems.ge\/shop\/product\/mass-loaded-vinyl-membrane-isolfon-barrier\/"},"modified":"2025-02-12T22:59:31","modified_gmt":"2025-02-12T18:59:31","slug":"mass-loaded-vinyl-membrane-isolfon-barrier","status":"publish","type":"product","link":"https:\/\/airsystems.ge\/shop\/fr\/produit\/mass-loaded-vinyl-membrane-isolfon-barrier\/","title":{"rendered":"Membrane en vinyle \u00e0 charge massive ISOLfon \u2013 Barrier"},"content":{"rendered":"<p><strong>Fire behaviour:<\/strong>\u00a0HF1 (UL94), SE (MVSS 302)<br \/>\n<strong>Temperature range:<\/strong>\u00a0-30\u00b0C, +130\u00b0C (continuous use)<\/p>\n<p><strong>ISOL<em>fon<\/em>\u2013BARRIER\u00a05<\/strong>\u00a0<b>Rw\u00a0<sub>(C+Ctr)\u00a0<\/sub>= 27\u00a0<sub>(-1,-3)<\/sub>\u00a0dB<\/b><\/p>\n<p><strong>ISOL<em>fon<\/em>\u2013BARRIER\u00a010<\/strong>\u00a0<b>Rw\u00a0<sub>(C+Ctr)\u00a0<\/sub>= 31\u00a0<sub>(-1,-4)<\/sub>\u00a0dB<\/b><br \/>\n<strong>Drywall 2+2 plasterboards<\/strong><br \/>\nOn top of the Rw improvement by 5 dB, there is an additional\u00a05-10 dB improvement at the frequency<br \/>\nrange of 1500-4000 Hz.<\/p>\n<p><img loading=\"lazy\" decoding=\"async\" class=\"alignnone wp-image-5759 size-full\" src=\"https:\/\/alphacoustic.com\/wp-content\/uploads\/2013\/09\/table1.jpg\" sizes=\"auto, (max-width: 379px) 100vw, 379px\" srcset=\"https:\/\/alphacoustic.com\/wp-content\/uploads\/2013\/09\/table1.jpg 379w, https:\/\/alphacoustic.com\/wp-content\/uploads\/2013\/09\/table1-284x300.jpg 284w\" alt=\"\" width=\"379\" height=\"400\" \/><\/p>\n<p>That is the range of frequencies we commonly face at homes and offices.<\/p>\n","protected":false},"excerpt":{"rendered":"<p>ISOLfon-BARRIER est une membrane d&rsquo;isolation acoustique qui augmente la perte de transmission des murs et des plafonds, et en particulier dans les constructions l\u00e9g\u00e8res\/s\u00e8ches.<\/p>\n<p>Gr\u00e2ce \u00e0 ses propri\u00e9t\u00e9s visco\u00e9lastiques, \u00e0 son poids surfacique \u00e9lev\u00e9, \u00e0 sa faible \u00e9paisseur, \u00e0 sa r\u00e9sistance m\u00e9canique \u00e9lev\u00e9e et \u00e0 sa flexibilit\u00e9, ISOLfon-BARRIER est l&rsquo;une des membranes d&rsquo;isolation acoustique les plus pratiques pour les cloisons l\u00e9g\u00e8res et s\u00e8ches qui n\u00e9cessitent un mat\u00e9riau d&rsquo;isolation acoustique fin.<\/p>\n<p>Cat\u00e9gorie : Insonorisation<\/p>\n","protected":false},"featured_media":19183,"template":"","meta":[],"product_brand":[],"product_cat":[778,750,757],"product_tag":[],"class_list":{"0":"post-19210","1":"product","2":"type-product","3":"status-publish","4":"has-post-thumbnail","6":"product_cat-acoustics-noise-fr","7":"product_cat-building-acoustics-fr","8":"product_cat-sound-proofing-fr","10":"first","11":"instock","12":"shipping-taxable","13":"product-type-simple"},"_links":{"self":[{"href":"https:\/\/airsystems.ge\/shop\/fr\/wp-json\/wp\/v2\/product\/19210","targetHints":{"allow":["GET"]}}],"collection":[{"href":"https:\/\/airsystems.ge\/shop\/fr\/wp-json\/wp\/v2\/product"}],"about":[{"href":"https:\/\/airsystems.ge\/shop\/fr\/wp-json\/wp\/v2\/types\/product"}],"wp:featuredmedia":[{"embeddable":true,"href":"https:\/\/airsystems.ge\/shop\/fr\/wp-json\/wp\/v2\/media\/19183"}],"wp:attachment":[{"href":"https:\/\/airsystems.ge\/shop\/fr\/wp-json\/wp\/v2\/media?parent=19210"}],"wp:term":[{"taxonomy":"product_brand","embeddable":true,"href":"https:\/\/airsystems.ge\/shop\/fr\/wp-json\/wp\/v2\/product_brand?post=19210"},{"taxonomy":"product_cat","embeddable":true,"href":"https:\/\/airsystems.ge\/shop\/fr\/wp-json\/wp\/v2\/product_cat?post=19210"},{"taxonomy":"product_tag","embeddable":true,"href":"https:\/\/airsystems.ge\/shop\/fr\/wp-json\/wp\/v2\/product_tag?post=19210"}],"curies":[{"name":"wp","href":"https:\/\/api.w.org\/{rel}","templated":true}]}}