{"id":18944,"date":"2025-02-12T10:48:21","date_gmt":"2025-02-12T06:48:21","guid":{"rendered":"https:\/\/airsystems.ge\/shop\/product\/18922\/"},"modified":"2025-02-12T10:52:35","modified_gmt":"2025-02-12T06:52:35","slug":"18922","status":"publish","type":"product","link":"https:\/\/airsystems.ge\/shop\/fr\/produit\/18922\/","title":{"rendered":"Acoustic Panels ALPHAcoustic \u2013 AP"},"content":{"rendered":"<p>ALPHAcoustic \u2013 AP.Tondo sont des panneaux acoustiques rectangulaires aux lignes courbes. Con\u00e7us avec une forme raffin\u00e9e et \u00e9l\u00e9gante, avec un design fluide et lisse. Courbes douces, qui sugg\u00e8rent le confort, la s\u00e9curit\u00e9, la familiarit\u00e9 et la d\u00e9tente.<\/p>\n<p>Elles rappellent les courbes du corps humain.<\/p>\n<p>Caract\u00e9ristiques principales :<\/p>\n<p>\u2013 Raffin\u00e9 et \u00e9l\u00e9gant<\/p>\n<p>\u2013 Courbes douces qui sugg\u00e8rent le confort, la s\u00e9curit\u00e9, la familiarit\u00e9 et la d\u00e9tente qui rappellent les courbes du corps humain.<\/p>\n<p>\u2013 Capacit\u00e9 \u00e0 s&rsquo;adapter parfaitement \u00e0 tout espace de vie<\/p>\n<p>\u2013 Capacit\u00e9 \u00e0 s&rsquo;adapter parfaitement \u00e0 tout espace de vie<\/p>\n<p>Dimensions typiques : 60 x 60 x 5 cm (diff\u00e9rentes formes, dimensions ou \u00e9paisseurs peuvent \u00eatre fabriqu\u00e9es sur demande).<\/p>\n<p>Ils se pr\u00e9sentent sous de nombreuses formes diff\u00e9rentes comme carr\u00e9, rectangle, ellipse, demi-cercle, triangle, pentagone, hexagone, heptagone, octogone, etc. (sur demande)<\/p>\n<p>Gr\u00e2ce \u00e0 son indice d&rsquo;absorption acoustique \u00e9lev\u00e9 (\u03b1s), le panneau acoustique peut atteindre une absorption acoustique maximale dans chaque bande de fr\u00e9quence acoustique. Sur demande, nous pouvons d\u00e9terminer l&rsquo;indice d&rsquo;absorption acoustique selon les normes ISO 354.2003 et ISO 11654.1997 pour la plupart de nos types de panneaux acoustiques. Le coefficient d&rsquo;absorption acoustique (\u03b1s) peut \u00eatre calcul\u00e9 conform\u00e9ment aux normes ISO 354.2003 et ISO 11654.1997 pour la plupart des types de panneaux acoustiques<\/p>\n<p>En fonction des exigences de chaque application et afin d&rsquo;obtenir une absorption sur une large gamme de fr\u00e9quences, une combinaison de diff\u00e9rents mat\u00e9riaux absorbants acoustiques peut \u00eatre appliqu\u00e9e.<\/p>\n","protected":false},"excerpt":{"rendered":"<p>Section Courb\u00e9e<\/p>\n<p>ALPHAcoustic \u2013 AP.Tondo sont des panneaux acoustiques rectangulaires aux lignes courbes. Con\u00e7us avec une forme raffin\u00e9e et \u00e9l\u00e9gante, avec un design fluide et lisse. Des courbes douces, qui sugg\u00e8rent le confort, la s\u00e9curit\u00e9, la familiarit\u00e9 et la d\u00e9tente qui rappellent les courbes du corps humain. Caract\u00e9ristiques principales : \u2013 Raffin\u00e9 et \u00e9l\u00e9gant \u2013 Des courbes douces qui sugg\u00e8rent le confort, la s\u00e9curit\u00e9, la familiarit\u00e9 et la d\u00e9tente qui rappellent les courbes du corps humain. \u2013 Capacit\u00e9 \u00e0 s&rsquo;adapter parfaitement \u00e0 tout espace de vie \u2013 Capacit\u00e9 \u00e0 s&rsquo;adapter parfaitement \u00e0 tout espace de vie Dimensions typiques : 60 x 60 x 5 cm (diff\u00e9rentes formes, dimensions ou \u00e9paisseurs peuvent \u00eatre fabriqu\u00e9es sur demande) Ils se pr\u00e9sentent sous de nombreuses formes diff\u00e9rentes comme le carr\u00e9, le rectangle, l&rsquo;ellipse, le demi-cercle, le triangle, le pentagone, l&rsquo;hexagone, l&rsquo;heptagone, l&rsquo;octogone, etc. (sur demande)<\/p>\n","protected":false},"featured_media":18924,"template":"","meta":[],"product_brand":[],"product_cat":[739,738],"product_tag":[],"class_list":{"0":"post-18944","1":"product","2":"type-product","3":"status-publish","4":"has-post-thumbnail","6":"product_cat-architectural-acoustic-fr","7":"product_cat-acoustic-panels-fr","9":"first","10":"instock","11":"shipping-taxable","12":"product-type-simple"},"_links":{"self":[{"href":"https:\/\/airsystems.ge\/shop\/fr\/wp-json\/wp\/v2\/product\/18944","targetHints":{"allow":["GET"]}}],"collection":[{"href":"https:\/\/airsystems.ge\/shop\/fr\/wp-json\/wp\/v2\/product"}],"about":[{"href":"https:\/\/airsystems.ge\/shop\/fr\/wp-json\/wp\/v2\/types\/product"}],"wp:featuredmedia":[{"embeddable":true,"href":"https:\/\/airsystems.ge\/shop\/fr\/wp-json\/wp\/v2\/media\/18924"}],"wp:attachment":[{"href":"https:\/\/airsystems.ge\/shop\/fr\/wp-json\/wp\/v2\/media?parent=18944"}],"wp:term":[{"taxonomy":"product_brand","embeddable":true,"href":"https:\/\/airsystems.ge\/shop\/fr\/wp-json\/wp\/v2\/product_brand?post=18944"},{"taxonomy":"product_cat","embeddable":true,"href":"https:\/\/airsystems.ge\/shop\/fr\/wp-json\/wp\/v2\/product_cat?post=18944"},{"taxonomy":"product_tag","embeddable":true,"href":"https:\/\/airsystems.ge\/shop\/fr\/wp-json\/wp\/v2\/product_tag?post=18944"}],"curies":[{"name":"wp","href":"https:\/\/api.w.org\/{rel}","templated":true}]}}