{"id":18882,"date":"2025-02-11T16:00:15","date_gmt":"2025-02-11T12:00:15","guid":{"rendered":"https:\/\/airsystems.ge\/shop\/product\/revib-brick-block-vibration-isolator-from-recycled-rubber\/"},"modified":"2025-02-11T16:09:32","modified_gmt":"2025-02-11T12:09:32","slug":"revib-brick-block-vibration-isolator-from-recycled-rubber","status":"publish","type":"product","link":"https:\/\/airsystems.ge\/shop\/fr\/produit\/revib-brick-block-vibration-isolator-from-recycled-rubber\/","title":{"rendered":"ReVib-Brick Bloc anti-vibratoire en caoutchouc recycl\u00e9 Bloc anti-vibratoire"},"content":{"rendered":"<p>ReVib-Brick<\/p>\n<p>Description<br \/>\nReVib-Brick est constitu\u00e9 d&rsquo;un bloc de caoutchouc lourd compos\u00e9 de fibres de caoutchouc de pneus recycl\u00e9s en fin de vie (ELTR) li\u00e9es au PUR. Le choix \u00e9cologique en mati\u00e8re de produits anti-vibratoires.<br \/>\nReVib-Brick est un amortisseur \u00e9conomique sophistiqu\u00e9 pour toutes les installations de climatisation et constitue le choix le plus \u00e9cologique pour les personnes soucieuses de la protection de l&rsquo;environnement.<br \/>\nIl est fabriqu\u00e9 \u00e0 partir de pneus de voiture recycl\u00e9s 100 % fragment\u00e9s li\u00e9s par un adh\u00e9sif sp\u00e9cial en polyur\u00e9thane.<br \/>\nSa conception ing\u00e9nieuse permet sa fixation facile (par une vis passante adapt\u00e9e en son centre) \u00e0 n&rsquo;importe quel point d&rsquo;appui de tous les appareils CVC, unit\u00e9s de r\u00e9frig\u00e9ration, supports d&rsquo;installations de tuyauterie, syst\u00e8mes de passerelles sur toit, conduits, conduits, chemins de c\u00e2bles, etc.<\/p>\n<p>Principaux avantages<br \/>\n\u2022 La base solide prot\u00e8ge le climatiseur contre les vibrations et les dommages<br \/>\n\u2022 La taille universelle rend la brique adapt\u00e9e \u00e0 divers mod\u00e8les de climatiseurs<br \/>\n\u2022 R\u00e9sistant aux intemp\u00e9ries et aux contraintes m\u00e9caniques ext\u00e9rieures. R\u00e9sistant aux UV<br \/>\n\u2022 La composition du produit n&rsquo;est ni tranchante ni abrasive ; elle contribue \u00e0 prolonger la dur\u00e9e de vie du toit<br \/>\n\u2022 Convient \u00e0 tout type de mat\u00e9riau de toiture ou autre surface plane<br \/>\n\u2022 G\u00e9n\u00e9ralement, aucune p\u00e9n\u00e9tration de toit n&rsquo;est requise<br \/>\n\u2022 Empreinte \u00e9cologique. Qualifie pour les cr\u00e9dits LEED<br \/>\n\u2022 R\u00e9sistant au gel\/d\u00e9gel<br \/>\n\u2022 Installation rapide et efficace<\/p>\n<p>Caract\u00e9ristiques<br \/>\nDimensions : 125x125x80 mm Charge maximale recommand\u00e9e : 100 kg<\/p>\n<p>&nbsp;<\/p>\n","protected":false},"excerpt":{"rendered":"<p>ReVib-Brick Description ReVib-Brick est constitu\u00e9 d&rsquo;un bloc de caoutchouc lourd compos\u00e9 de fibres de caoutchouc de pneus recycl\u00e9s en fin<\/p>\n","protected":false},"featured_media":18859,"template":"","meta":[],"product_brand":[],"product_cat":[707],"product_tag":[],"class_list":{"0":"post-18882","1":"product","2":"type-product","3":"status-publish","4":"has-post-thumbnail","6":"product_cat-vibration-anti-bruit-acoustique-fr","8":"first","9":"instock","10":"shipping-taxable","11":"product-type-simple"},"_links":{"self":[{"href":"https:\/\/airsystems.ge\/shop\/fr\/wp-json\/wp\/v2\/product\/18882","targetHints":{"allow":["GET"]}}],"collection":[{"href":"https:\/\/airsystems.ge\/shop\/fr\/wp-json\/wp\/v2\/product"}],"about":[{"href":"https:\/\/airsystems.ge\/shop\/fr\/wp-json\/wp\/v2\/types\/product"}],"wp:featuredmedia":[{"embeddable":true,"href":"https:\/\/airsystems.ge\/shop\/fr\/wp-json\/wp\/v2\/media\/18859"}],"wp:attachment":[{"href":"https:\/\/airsystems.ge\/shop\/fr\/wp-json\/wp\/v2\/media?parent=18882"}],"wp:term":[{"taxonomy":"product_brand","embeddable":true,"href":"https:\/\/airsystems.ge\/shop\/fr\/wp-json\/wp\/v2\/product_brand?post=18882"},{"taxonomy":"product_cat","embeddable":true,"href":"https:\/\/airsystems.ge\/shop\/fr\/wp-json\/wp\/v2\/product_cat?post=18882"},{"taxonomy":"product_tag","embeddable":true,"href":"https:\/\/airsystems.ge\/shop\/fr\/wp-json\/wp\/v2\/product_tag?post=18882"}],"curies":[{"name":"wp","href":"https:\/\/api.w.org\/{rel}","templated":true}]}}