{"id":18701,"date":"2025-02-08T19:48:11","date_gmt":"2025-02-08T15:48:11","guid":{"rendered":"https:\/\/airsystems.ge\/shop\/product\/precision-air-conditioning\/"},"modified":"2025-02-08T19:51:08","modified_gmt":"2025-02-08T15:51:08","slug":"precision-air-conditioning","status":"publish","type":"product","link":"https:\/\/airsystems.ge\/shop\/fr\/produit\/precision-air-conditioning\/","title":{"rendered":"Unit\u00e9s de climatisation de pr\u00e9cision"},"content":{"rendered":"<p>Precision Air Conditioning<\/p>\n","protected":false},"excerpt":{"rendered":"<p>Unit\u00e9 de climatisation \u00e0 condensation par eau<br \/>\nWUL : Version \u00e9tendue<br \/>\nWUL<br \/>\nCapacit\u00e9 de refroidissement de 60 kW \u00e0 216 kW<\/p>\n<p>Climatiseurs \u00e0 r\u00e9gulation de pr\u00e9cision pour installation verticale et refroidissement uniquement, avec chauffage optionnel au moyen d&rsquo;un \u00e9l\u00e9ment chauffant, humidificateur et d\u00e9shumidificateur optionnels pour un contr\u00f4le pr\u00e9cis de la temp\u00e9rature et de l&rsquo;humidit\u00e9. Particuli\u00e8rement adapt\u00e9s \u00e0 la climatisation de pr\u00e9cision dans les serveurs et les salles informatiques et toutes les applications technologiques en g\u00e9n\u00e9ral.<br \/>\nLes unit\u00e9s se composent de deux modules : le premier abritant l&rsquo;\u00e9changeur de chaleur, g\u00e9n\u00e9ralement plac\u00e9 au sol, le second o\u00f9 sont install\u00e9s les ventilateurs EC inverter. Alimentation en air descendant.<br \/>\nCes unit\u00e9s sont \u00e9quip\u00e9es d&rsquo;une vanne modulante \u00e0 2 voies et d&rsquo;un servomoteur. L&rsquo;unit\u00e9 doit \u00eatre connect\u00e9e \u00e0 un refroidisseur externe.<\/p>\n<p>ACCESSOIRES<\/p>\n<p>\u2022 Terminal utilisateur d\u00e9port\u00e9<br \/>\n\u2022 Batterie de chauffage \u00e9lectrique<br \/>\n\u2022 Humidificateur<br \/>\n\u2022 Cadre antivibratoire avec supports en caoutchouc<br \/>\n\u2022 Carte \u00e9lectronique d&rsquo;interface<br \/>\n\u2022 Pl\u00e9num de distribution d&rsquo;air<br \/>\n\u2022 Refoulement de pompe de condensation<br \/>\n\u2022 Carte d&rsquo;interface pour protocole TCP\/IP<br \/>\n\u2022 Longwork, modbus, bacnet<br \/>\n\u2022 Terminal graphique \u00e0 \u00e9cran tactile<br \/>\n\u2022 Alimentation \u00e9lectrique diff\u00e9rente de la norme<\/p>\n","protected":false},"featured_media":18698,"template":"","meta":[],"product_brand":[],"product_cat":[717,705],"product_tag":[],"class_list":{"0":"post-18701","1":"product","2":"type-product","3":"status-publish","4":"has-post-thumbnail","6":"product_cat-climatisation-precision-de-fr","7":"product_cat-climatiseur","9":"first","10":"instock","11":"shipping-taxable","12":"product-type-simple"},"_links":{"self":[{"href":"https:\/\/airsystems.ge\/shop\/fr\/wp-json\/wp\/v2\/product\/18701","targetHints":{"allow":["GET"]}}],"collection":[{"href":"https:\/\/airsystems.ge\/shop\/fr\/wp-json\/wp\/v2\/product"}],"about":[{"href":"https:\/\/airsystems.ge\/shop\/fr\/wp-json\/wp\/v2\/types\/product"}],"wp:featuredmedia":[{"embeddable":true,"href":"https:\/\/airsystems.ge\/shop\/fr\/wp-json\/wp\/v2\/media\/18698"}],"wp:attachment":[{"href":"https:\/\/airsystems.ge\/shop\/fr\/wp-json\/wp\/v2\/media?parent=18701"}],"wp:term":[{"taxonomy":"product_brand","embeddable":true,"href":"https:\/\/airsystems.ge\/shop\/fr\/wp-json\/wp\/v2\/product_brand?post=18701"},{"taxonomy":"product_cat","embeddable":true,"href":"https:\/\/airsystems.ge\/shop\/fr\/wp-json\/wp\/v2\/product_cat?post=18701"},{"taxonomy":"product_tag","embeddable":true,"href":"https:\/\/airsystems.ge\/shop\/fr\/wp-json\/wp\/v2\/product_tag?post=18701"}],"curies":[{"name":"wp","href":"https:\/\/api.w.org\/{rel}","templated":true}]}}