{"id":18572,"date":"2025-02-08T17:07:44","date_gmt":"2025-02-08T13:07:44","guid":{"rendered":"https:\/\/airsystems.ge\/shop\/product\/high-efficiency-rigidbag-filter\/"},"modified":"2025-02-20T11:18:20","modified_gmt":"2025-02-20T07:18:20","slug":"high-efficiency-rigidbag-filter","status":"publish","type":"product","link":"https:\/\/airsystems.ge\/shop\/fr\/produit\/high-efficiency-rigidbag-filter\/","title":{"rendered":"Filtre \u00e0 sac rigide haute efficacit\u00e9"},"content":{"rendered":"<div class=\"col-lg-9 content-area\">\n<div class=\"ttm-single-product-details product\">\n<div class=\"ttm-tabs tabs-for-single-products\" data-effect=\"fadeIn\">\n<div class=\"content-tab ttm-bgcolor-white\">\n<div class=\"content-inner active\">\n<table class=\"shop_attributes\">\n<thead>\n<tr>\n<th>Product Code<\/th>\n<th colspan=\"2\">Class<\/th>\n<th>Dimensions (WxHxD)<\/th>\n<th>Air flow<\/th>\n<th>Filter surface<\/th>\n<th>Pressure<\/th>\n<th>Max. Final Pressure Drop<\/th>\n<th>Weight<\/th>\n<\/tr>\n<tr>\n<th><\/th>\n<th>En779<\/th>\n<th>ISO 16890<\/th>\n<th>mm<\/th>\n<th>m\u00b3\/h<\/th>\n<th>m2<\/th>\n<th>Pa<\/th>\n<th>Pa<\/th>\n<th>Kg<\/th>\n<\/tr>\n<\/thead>\n<tbody>\n<tr>\n<td>MGKM-F6-287x592x292<\/td>\n<td>M6<\/td>\n<td>ePM10 80%<\/td>\n<td>592x287x292<\/td>\n<td>2125<\/td>\n<td>11<\/td>\n<td>90<\/td>\n<td>450<\/td>\n<td>3.5<\/td>\n<\/tr>\n<tr>\n<td>MGKM-F6-490x592x292<\/td>\n<td>M6<\/td>\n<td>ePM10 80%<\/td>\n<td>592x490x292<\/td>\n<td>3500<\/td>\n<td>18<\/td>\n<td>90<\/td>\n<td>450<\/td>\n<td>5.4<\/td>\n<\/tr>\n<tr>\n<td>MGKM-F6-592x592x292<\/td>\n<td>M6<\/td>\n<td>ePM10 80%<\/td>\n<td>592x592x292<\/td>\n<td>4250<\/td>\n<td>21<\/td>\n<td>90<\/td>\n<td>450<\/td>\n<td>6.5<\/td>\n<\/tr>\n<tr>\n<td>MGKM-F7-287x592x292<\/td>\n<td>F7<\/td>\n<td>ePM1 60%<\/td>\n<td>592x287x292<\/td>\n<td>2125<\/td>\n<td>11<\/td>\n<td>105<\/td>\n<td>450<\/td>\n<td>3.5<\/td>\n<\/tr>\n<tr>\n<td>MGKM-F7-490x592x292<\/td>\n<td>F7<\/td>\n<td>ePM1 60%<\/td>\n<td>592x490x292<\/td>\n<td>3500<\/td>\n<td>18<\/td>\n<td>105<\/td>\n<td>450<\/td>\n<td>5.4<\/td>\n<\/tr>\n<tr>\n<td>MGKM-F7-592x592x292<\/td>\n<td>F7<\/td>\n<td>ePM1 60%<\/td>\n<td>592x592x292<\/td>\n<td>4250<\/td>\n<td>21<\/td>\n<td>105<\/td>\n<td>450<\/td>\n<td>6.5<\/td>\n<\/tr>\n<tr>\n<td>MGKM-F8-287x592x292<\/td>\n<td>F8<\/td>\n<td>ePM1 70%<\/td>\n<td>592x287x292<\/td>\n<td>2125<\/td>\n<td>11<\/td>\n<td>115<\/td>\n<td>450<\/td>\n<td>3.5<\/td>\n<\/tr>\n<tr>\n<td>MGKM-F8-490x592x292<\/td>\n<td>F8<\/td>\n<td>ePM1 70%<\/td>\n<td>592x490x292<\/td>\n<td>3500<\/td>\n<td>18<\/td>\n<td>115<\/td>\n<td>450<\/td>\n<td>5.4<\/td>\n<\/tr>\n<tr>\n<td>MGKM-F8-592x592x292<\/td>\n<td>F8<\/td>\n<td>ePM1 70%<\/td>\n<td>592x592x292<\/td>\n<td>4250<\/td>\n<td>21<\/td>\n<td>115<\/td>\n<td>450<\/td>\n<td>6.5<\/td>\n<\/tr>\n<tr>\n<td>MGKM-F9-287x592x292<\/td>\n<td>F9<\/td>\n<td>ePM1 90%<\/td>\n<td>592x287x292<\/td>\n<td>2125<\/td>\n<td>11<\/td>\n<td>140<\/td>\n<td>450<\/td>\n<td>3.5<\/td>\n<\/tr>\n<tr>\n<td>MGKM-F9-490x592x292<\/td>\n<td>F9<\/td>\n<td>ePM1 90%<\/td>\n<td>592x490x292<\/td>\n<td>3500<\/td>\n<td>18<\/td>\n<td>140<\/td>\n<td>450<\/td>\n<td>5.4<\/td>\n<\/tr>\n<tr>\n<td>MGKM-F9-592x592x292<\/td>\n<td>F9<\/td>\n<td>ePM1 90%<\/td>\n<td>592x592x292<\/td>\n<td>4250<\/td>\n<td>21<\/td>\n<td>140<\/td>\n<td>450<\/td>\n<td>6.5<\/td>\n<\/tr>\n<\/tbody>\n<\/table>\n<\/div>\n<\/div>\n<\/div>\n<\/div>\n<\/div>\n","protected":false},"excerpt":{"rendered":"<p>Les filtres \u00e0 sac rigide haute efficacit\u00e9 du groupe de filtres de pr\u00e9cision Filter offrent un d\u00e9bit d&rsquo;air maximal. Permet des \u00e9conomies avec une faible consommation d&rsquo;\u00e9nergie et des co\u00fbts de maintenance r\u00e9duits<\/p>\n<p>CLASSE DE FILTRE : ePM10 80 %, ePM1 60 %, ePM1 70 %, ePM1 90 %<br \/>\nM\u00c9DIA : Microfibre de verre<br \/>\nTYPE DE CADRE : Plastique<br \/>\nAPPLICATION : Pr\u00e9filtre pour CVC<br \/>\nTEMP\u00c9RATURE DE FONCTIONNEMENT MAXIMALE : 80 \u00baC<br \/>\nS\u00c9PARATEUR : Hot melt<\/p>\n<p>D\u00e9bit d&rsquo;air maximal<br \/>\nAutoportant et rigide<br \/>\nGrande surface ; faible perte de charge<br \/>\nLes deux c\u00f4t\u00e9s peuvent \u00eatre utilis\u00e9s pour toutes les directions de flux d&rsquo;air<br \/>\nEnti\u00e8rement incin\u00e9rable sans \u00e9mission de polluants<br \/>\nMoins d&rsquo;entretien et de consommation d&rsquo;\u00e9nergie<br \/>\nLa profondeur du collecteur est de 25 mm<\/p>\n","protected":false},"featured_media":18568,"template":"","meta":[],"product_brand":[],"product_cat":[713],"product_tag":[],"class_list":{"0":"post-18572","1":"product","2":"type-product","3":"status-publish","4":"has-post-thumbnail","6":"product_cat-filtres-air-fr","8":"first","9":"instock","10":"shipping-taxable","11":"product-type-simple"},"_links":{"self":[{"href":"https:\/\/airsystems.ge\/shop\/fr\/wp-json\/wp\/v2\/product\/18572","targetHints":{"allow":["GET"]}}],"collection":[{"href":"https:\/\/airsystems.ge\/shop\/fr\/wp-json\/wp\/v2\/product"}],"about":[{"href":"https:\/\/airsystems.ge\/shop\/fr\/wp-json\/wp\/v2\/types\/product"}],"wp:featuredmedia":[{"embeddable":true,"href":"https:\/\/airsystems.ge\/shop\/fr\/wp-json\/wp\/v2\/media\/18568"}],"wp:attachment":[{"href":"https:\/\/airsystems.ge\/shop\/fr\/wp-json\/wp\/v2\/media?parent=18572"}],"wp:term":[{"taxonomy":"product_brand","embeddable":true,"href":"https:\/\/airsystems.ge\/shop\/fr\/wp-json\/wp\/v2\/product_brand?post=18572"},{"taxonomy":"product_cat","embeddable":true,"href":"https:\/\/airsystems.ge\/shop\/fr\/wp-json\/wp\/v2\/product_cat?post=18572"},{"taxonomy":"product_tag","embeddable":true,"href":"https:\/\/airsystems.ge\/shop\/fr\/wp-json\/wp\/v2\/product_tag?post=18572"}],"curies":[{"name":"wp","href":"https:\/\/api.w.org\/{rel}","templated":true}]}}