{"id":18513,"date":"2025-02-08T16:19:13","date_gmt":"2025-02-08T12:19:13","guid":{"rendered":"https:\/\/airsystems.ge\/shop\/product\/metal-panel-filter\/"},"modified":"2025-02-08T16:24:39","modified_gmt":"2025-02-08T12:24:39","slug":"metal-panel-filter","status":"publish","type":"product","link":"https:\/\/airsystems.ge\/shop\/fr\/produit\/metal-panel-filter\/","title":{"rendered":"Filtre \u00e0 panneau m\u00e9tallique"},"content":{"rendered":"<div class=\"col-lg-9 content-area\">\n<div class=\"ttm-single-product-details product\">\n<div class=\"ttm-tabs tabs-for-single-products\" data-effect=\"fadeIn\">\n<div class=\"content-tab ttm-bgcolor-white\">\n<div class=\"content-inner active\">\n<table class=\"shop_attributes\">\n<thead>\n<tr>\n<th>Product Code<\/th>\n<th colspan=\"2\">Class<\/th>\n<th>Dimensions (WxHxD)<\/th>\n<th>Filter surface<\/th>\n<th>Air flow<\/th>\n<th>Initial Pressure Drop<\/th>\n<th>Max. Final Pressure Drop<\/th>\n<th>Weight<\/th>\n<\/tr>\n<tr>\n<th><\/th>\n<th>En779<\/th>\n<th>ISO 16890<\/th>\n<th>mm<\/th>\n<th>m2<\/th>\n<th>m\u00b3\/h<\/th>\n<th>Pa<\/th>\n<th>Pa<\/th>\n<th>Kg<\/th>\n<\/tr>\n<\/thead>\n<tbody>\n<tr>\n<td>MGC-G2MT-287x592x48<\/td>\n<td>G2<\/td>\n<td>Coarse 40%<\/td>\n<td>287x592x48<\/td>\n<td>0.29<\/td>\n<td>2.120<\/td>\n<td>20<\/td>\n<td>450<\/td>\n<td>1.4<\/td>\n<\/tr>\n<tr>\n<td>MGC-G2MT-400x400x48<\/td>\n<td>G2<\/td>\n<td>Coarse 40%<\/td>\n<td>400x400x48<\/td>\n<td>0.27<\/td>\n<td>1.990<\/td>\n<td>20<\/td>\n<td>450<\/td>\n<td>1.3<\/td>\n<\/tr>\n<tr>\n<td>MGC-G2MT-400x500x48<\/td>\n<td>G2<\/td>\n<td>Coarse 40%<\/td>\n<td>400x500x48<\/td>\n<td>0.34<\/td>\n<td>2.470<\/td>\n<td>20<\/td>\n<td>450<\/td>\n<td>1.65<\/td>\n<\/tr>\n<tr>\n<td>MGC-G2MT-400x625x48<\/td>\n<td>G2<\/td>\n<td>Coarse 40%<\/td>\n<td>400x625x48<\/td>\n<td>0.43<\/td>\n<td>3.110<\/td>\n<td>20<\/td>\n<td>450<\/td>\n<td>2<\/td>\n<\/tr>\n<tr>\n<td>MGC-G2MT-500x500x48<\/td>\n<td>G2<\/td>\n<td>Coarse 40%<\/td>\n<td>500x500x48<\/td>\n<td>0.42<\/td>\n<td>3.080<\/td>\n<td>20<\/td>\n<td>450<\/td>\n<td>2<\/td>\n<\/tr>\n<tr>\n<td>MGC-G2MT-500x625x48<\/td>\n<td>G2<\/td>\n<td>Coarse 40%<\/td>\n<td>500x625x48<\/td>\n<td>0.53<\/td>\n<td>3.880<\/td>\n<td>20<\/td>\n<td>450<\/td>\n<td>2.55<\/td>\n<\/tr>\n<tr>\n<td>MGC-G2MT-592x592x48<\/td>\n<td>G2<\/td>\n<td>Coarse 40%<\/td>\n<td>592x592x48<\/td>\n<td>0.6<\/td>\n<td>4.360<\/td>\n<td>20<\/td>\n<td>450<\/td>\n<td>2.65<\/td>\n<\/tr>\n<tr>\n<td>MGC-G2MT-287x592x98<\/td>\n<td>G2<\/td>\n<td>Coarse 40%<\/td>\n<td>287x592x98<\/td>\n<td>0.34<\/td>\n<td>2.450<\/td>\n<td>25<\/td>\n<td>450<\/td>\n<td>2.55<\/td>\n<\/tr>\n<tr>\n<td>MGC-G2MT-400x400x98<\/td>\n<td>G2<\/td>\n<td>Coarse 40%<\/td>\n<td>400x400x98<\/td>\n<td>0.32<\/td>\n<td>2.340<\/td>\n<td>25<\/td>\n<td>450<\/td>\n<td>2.55<\/td>\n<\/tr>\n<tr>\n<td>MGC-G2MT-400x500x98<\/td>\n<td>G2<\/td>\n<td>Coarse 40%<\/td>\n<td>400x500x98<\/td>\n<td>0.4<\/td>\n<td>2.910<\/td>\n<td>25<\/td>\n<td>450<\/td>\n<td>2.7<\/td>\n<\/tr>\n<tr>\n<td>MGC-G2MT-400x625x98<\/td>\n<td>G2<\/td>\n<td>Coarse 40%<\/td>\n<td>400x625x98<\/td>\n<td>0.5<\/td>\n<td>3.640<\/td>\n<td>25<\/td>\n<td>450<\/td>\n<td>3.25<\/td>\n<\/tr>\n<tr>\n<td>MGC-G2MT-500x500x98<\/td>\n<td>G2<\/td>\n<td>Coarse 40%<\/td>\n<td>500x500x98<\/td>\n<td>0.5<\/td>\n<td>3.640<\/td>\n<td>25<\/td>\n<td>450<\/td>\n<td>3.25<\/td>\n<\/tr>\n<tr>\n<td>MGC-G2MT-500x625x98<\/td>\n<td>G2<\/td>\n<td>Coarse 40%<\/td>\n<td>500x625x98<\/td>\n<td>0.62<\/td>\n<td>4.510<\/td>\n<td>25<\/td>\n<td>450<\/td>\n<td>3.45<\/td>\n<\/tr>\n<tr>\n<td>MGC-G2MT-592x592x98<\/td>\n<td>G2<\/td>\n<td>Coarse 40%<\/td>\n<td>592x592x98<\/td>\n<td>0.7<\/td>\n<td>5.060<\/td>\n<td>25<\/td>\n<td>450<\/td>\n<td>3.8<\/td>\n<\/tr>\n<\/tbody>\n<\/table>\n<\/div>\n<\/div>\n<\/div>\n<\/div>\n<\/div>\n","protected":false},"excerpt":{"rendered":"<p>Les filtres Z-Line sont utilis\u00e9s comme pr\u00e9-filtres ou filtres principaux pour prot\u00e9ger les syst\u00e8mes de climatisation des particules de poussi\u00e8re fines et grossi\u00e8res. Ils conviennent \u00e0 l&rsquo;installation sur les murs et les conduits. Surface filtrante efficace gr\u00e2ce \u00e0 leur profondeur dans les plis ; de cette fa\u00e7on, le filtre nous offre une capacit\u00e9 de r\u00e9tention de poussi\u00e8re \u00e9lev\u00e9e avec une faible r\u00e9sistance \u00e0 l&rsquo;air.<\/p>\n<p>CLASSE DE FILTRE : ISO grossier 40 %<br \/>\nM\u00c9DIA : M\u00e9tal d\u00e9ploy\u00e9, treillis m\u00e9tallique (aluminium, galvanis\u00e9)<br \/>\nTYPE DE CADRE : Galvanis\u00e9, aluminium, acier inoxydable<br \/>\nAPPLICATION : S\u00e9paration des vapeurs de graisse ou d&rsquo;huile<br \/>\nTEMP\u00c9RATURE DE FONCTIONNEMENT MAXIMALE : 200 \u00baC<\/p>\n<p>Longs intervalles de maintenance<br \/>\nFacile \u00e0 manipuler et \u00e0 installer<br \/>\nPlusieurs couches de m\u00e9dia<br \/>\nLavable<br \/>\nPetit volume portable<br \/>\nDurabilit\u00e9 m\u00e9canique<br \/>\nFaible chute de pression<br \/>\nR\u00e9sistance aux temp\u00e9ratures \u00e9lev\u00e9es<\/p>\n","protected":false},"featured_media":18510,"template":"","meta":[],"product_brand":[],"product_cat":[713],"product_tag":[],"class_list":{"0":"post-18513","1":"product","2":"type-product","3":"status-publish","4":"has-post-thumbnail","6":"product_cat-filtres-air-fr","8":"first","9":"instock","10":"shipping-taxable","11":"product-type-simple"},"_links":{"self":[{"href":"https:\/\/airsystems.ge\/shop\/fr\/wp-json\/wp\/v2\/product\/18513","targetHints":{"allow":["GET"]}}],"collection":[{"href":"https:\/\/airsystems.ge\/shop\/fr\/wp-json\/wp\/v2\/product"}],"about":[{"href":"https:\/\/airsystems.ge\/shop\/fr\/wp-json\/wp\/v2\/types\/product"}],"wp:featuredmedia":[{"embeddable":true,"href":"https:\/\/airsystems.ge\/shop\/fr\/wp-json\/wp\/v2\/media\/18510"}],"wp:attachment":[{"href":"https:\/\/airsystems.ge\/shop\/fr\/wp-json\/wp\/v2\/media?parent=18513"}],"wp:term":[{"taxonomy":"product_brand","embeddable":true,"href":"https:\/\/airsystems.ge\/shop\/fr\/wp-json\/wp\/v2\/product_brand?post=18513"},{"taxonomy":"product_cat","embeddable":true,"href":"https:\/\/airsystems.ge\/shop\/fr\/wp-json\/wp\/v2\/product_cat?post=18513"},{"taxonomy":"product_tag","embeddable":true,"href":"https:\/\/airsystems.ge\/shop\/fr\/wp-json\/wp\/v2\/product_tag?post=18513"}],"curies":[{"name":"wp","href":"https:\/\/api.w.org\/{rel}","templated":true}]}}