{"id":18480,"date":"2025-02-08T15:56:02","date_gmt":"2025-02-08T11:56:02","guid":{"rendered":"https:\/\/airsystems.ge\/shop\/product\/fancoil-filter\/"},"modified":"2025-02-08T16:01:20","modified_gmt":"2025-02-08T12:01:20","slug":"fancoil-filter","status":"publish","type":"product","link":"https:\/\/airsystems.ge\/shop\/fr\/produit\/fancoil-filter\/","title":{"rendered":"Filtre pour ventilo-convecteur"},"content":{"rendered":"<table class=\"shop_attributes\">\n<thead>\n<tr>\n<th>Product Code<\/th>\n<th colspan=\"2\">Class<\/th>\n<th>Dimensions (WxHxD)<\/th>\n<th>Filter surface<\/th>\n<th>Air flow<\/th>\n<th>Initial Pressure Drop<\/th>\n<th>Max. Final Pressure Drop<\/th>\n<th>Weight<\/th>\n<th>Filter Media<\/th>\n<\/tr>\n<tr>\n<th><\/th>\n<th>En779<\/th>\n<th>ISO 16890<\/th>\n<th>mm<\/th>\n<th>m2<\/th>\n<th>m\u00b3\/h<\/th>\n<th><\/th>\n<th>Pa<\/th>\n<th>Kg<\/th>\n<th><\/th>\n<\/tr>\n<\/thead>\n<tbody>\n<tr>\n<td>MGFC-POL-202x400x10<\/td>\n<td>G2<\/td>\n<td>Coarse40%<\/td>\n<td>202x400x10<\/td>\n<td>0.08<\/td>\n<td>785<\/td>\n<td>25<\/td>\n<td>250<\/td>\n<td>0.3<\/td>\n<td>Polyurethane<\/td>\n<\/tr>\n<tr>\n<td>MGFC-POL-202x500x10<\/td>\n<td>G2<\/td>\n<td>Coarse40%<\/td>\n<td>202x500x10<\/td>\n<td>0.1<\/td>\n<td>980<\/td>\n<td>25<\/td>\n<td>250<\/td>\n<td>0.3<\/td>\n<td>Polyurethane<\/td>\n<\/tr>\n<tr>\n<td>MGFC-POL-202x700x10<\/td>\n<td>G2<\/td>\n<td>Coarse40%<\/td>\n<td>202x700x10<\/td>\n<td>0.14<\/td>\n<td>1.375<\/td>\n<td>25<\/td>\n<td>250<\/td>\n<td>0.35<\/td>\n<td>Polyurethane<\/td>\n<\/tr>\n<tr>\n<td>MGFC-POL-202x900x10<\/td>\n<td>G2<\/td>\n<td>Coarse40%<\/td>\n<td>202x900x10<\/td>\n<td>0.18<\/td>\n<td>1.760<\/td>\n<td>25<\/td>\n<td>250<\/td>\n<td>0.38<\/td>\n<td>Polyurethane<\/td>\n<\/tr>\n<tr>\n<td>MGFC-POL-202x1096x10<\/td>\n<td>G2<\/td>\n<td>Coarse40%<\/td>\n<td>202x1096x10<\/td>\n<td>0.22<\/td>\n<td>2.150<\/td>\n<td>25<\/td>\n<td>250<\/td>\n<td>0.4<\/td>\n<td>Polyurethane<\/td>\n<\/tr>\n<tr>\n<td>MGFC-POL-260x1096x10<\/td>\n<td>G2<\/td>\n<td>Coarse40%<\/td>\n<td>260x1096x10<\/td>\n<td>0.28<\/td>\n<td>2.800<\/td>\n<td>25<\/td>\n<td>250<\/td>\n<td>0.4<\/td>\n<td>Polyurethane<\/td>\n<\/tr>\n<tr>\n<td>MGFC-G3-202x400x10<\/td>\n<td>G3<\/td>\n<td>Coarse50%<\/td>\n<td>202x400x10<\/td>\n<td>0.08<\/td>\n<td>785<\/td>\n<td>30<\/td>\n<td>250<\/td>\n<td>0.3<\/td>\n<td>Synthetic Polyester<\/td>\n<\/tr>\n<tr>\n<td>MGFC-G3-202x500x10<\/td>\n<td>G3<\/td>\n<td>Coarse50%<\/td>\n<td>202x500x10<\/td>\n<td>0.1<\/td>\n<td>980<\/td>\n<td>30<\/td>\n<td>250<\/td>\n<td>0.3<\/td>\n<td>Synthetic Polyester<\/td>\n<\/tr>\n<tr>\n<td>MGFC-G3-202x700x10<\/td>\n<td>G3<\/td>\n<td>Coarse50%<\/td>\n<td>202x700x10<\/td>\n<td>0.14<\/td>\n<td>1.375<\/td>\n<td>30<\/td>\n<td>250<\/td>\n<td>0.35<\/td>\n<td>Synthetic Polyester<\/td>\n<\/tr>\n<tr>\n<td>MGFC-G3-202x900x10<\/td>\n<td>G3<\/td>\n<td>Coarse50%<\/td>\n<td>202x900x10<\/td>\n<td>0.18<\/td>\n<td>1.760<\/td>\n<td>30<\/td>\n<td>250<\/td>\n<td>0.38<\/td>\n<td>Synthetic Polyester<\/td>\n<\/tr>\n<tr>\n<td>MGFC-G3-202x1096x10<\/td>\n<td>G3<\/td>\n<td>Coarse50%<\/td>\n<td>202x1096x10<\/td>\n<td>0.22<\/td>\n<td>2.150<\/td>\n<td>30<\/td>\n<td>250<\/td>\n<td>0.4<\/td>\n<td>Synthetic Polyester<\/td>\n<\/tr>\n<tr>\n<td>MGFC-G3-260x1096x10<\/td>\n<td>G3<\/td>\n<td>Coarse50%<\/td>\n<td>260x1096x10<\/td>\n<td>0.28<\/td>\n<td>2.800<\/td>\n<td>30<\/td>\n<td>250<\/td>\n<td>0.4<\/td>\n<td>Synthetic Polyester<\/td>\n<\/tr>\n<tr>\n<td>MGFC-POL-202x400x15<\/td>\n<td>G2<\/td>\n<td>Coarse40%<\/td>\n<td>202x400x15<\/td>\n<td>0.08<\/td>\n<td>785<\/td>\n<td>25<\/td>\n<td>250<\/td>\n<td>0.3<\/td>\n<td>Polyurethane<\/td>\n<\/tr>\n<tr>\n<td>MGFC-POL-202x500x15<\/td>\n<td>G2<\/td>\n<td>Coarse40%<\/td>\n<td>202x500x15<\/td>\n<td>0.1<\/td>\n<td>980<\/td>\n<td>25<\/td>\n<td>250<\/td>\n<td>0.3<\/td>\n<td>Polyurethane<\/td>\n<\/tr>\n<tr>\n<td>MGFC-POL-202x700x15<\/td>\n<td>G2<\/td>\n<td>Coarse40%<\/td>\n<td>202x700x15<\/td>\n<td>0.14<\/td>\n<td>1.375<\/td>\n<td>25<\/td>\n<td>250<\/td>\n<td>0.35<\/td>\n<td>Polyurethane<\/td>\n<\/tr>\n<tr>\n<td>MGFC-POL-202x900x15<\/td>\n<td>G2<\/td>\n<td>Coarse40%<\/td>\n<td>202x900x15<\/td>\n<td>0.18<\/td>\n<td>1.760<\/td>\n<td>25<\/td>\n<td>250<\/td>\n<td>0.38<\/td>\n<td>Polyurethane<\/td>\n<\/tr>\n<tr>\n<td>MGFC-POL-202x1096x15<\/td>\n<td>G2<\/td>\n<td>Coarse40%<\/td>\n<td>202x1096x15<\/td>\n<td>0.22<\/td>\n<td>2.150<\/td>\n<td>25<\/td>\n<td>250<\/td>\n<td>0.4<\/td>\n<td>Polyurethane<\/td>\n<\/tr>\n<tr>\n<td>MGFC-POL-260x1096x15<\/td>\n<td>G2<\/td>\n<td>Coarse40%<\/td>\n<td>260x1096x15<\/td>\n<td>0.28<\/td>\n<td>2.800<\/td>\n<td>25<\/td>\n<td>250<\/td>\n<td>0.4<\/td>\n<td>Polyurethane<\/td>\n<\/tr>\n<tr>\n<td>MGFC-G3-202x400x15<\/td>\n<td>G3<\/td>\n<td>Coarse50%<\/td>\n<td>202x400x15<\/td>\n<td>0.08<\/td>\n<td>785<\/td>\n<td>50<\/td>\n<td>250<\/td>\n<td>0.3<\/td>\n<td>Synthetic Polyester<\/td>\n<\/tr>\n<tr>\n<td>MGFC-G3-202x500x15<\/td>\n<td>G3<\/td>\n<td>Coarse50%<\/td>\n<td>202x500x15<\/td>\n<td>0.1<\/td>\n<td>980<\/td>\n<td>50<\/td>\n<td>250<\/td>\n<td>0.3<\/td>\n<td>Synthetic Polyester<\/td>\n<\/tr>\n<tr>\n<td>MGFC-G3-202x700x15<\/td>\n<td>G3<\/td>\n<td>Coarse50%<\/td>\n<td>202x700x15<\/td>\n<td>0.14<\/td>\n<td>1.375<\/td>\n<td>50<\/td>\n<td>250<\/td>\n<td>0.35<\/td>\n<td>Synthetic Polyester<\/td>\n<\/tr>\n<tr>\n<td>MGFC-G3-202x900x15<\/td>\n<td>G3<\/td>\n<td>Coarse50%<\/td>\n<td>202x900x15<\/td>\n<td>0.18<\/td>\n<td>1.760<\/td>\n<td>50<\/td>\n<td>250<\/td>\n<td>0.38<\/td>\n<td>Synthetic Polyester<\/td>\n<\/tr>\n<tr>\n<td>MGFC-G3-202x1096x15<\/td>\n<td>G3<\/td>\n<td>Coarse50%<\/td>\n<td>202x1096x15<\/td>\n<td>0.22<\/td>\n<td>2.150<\/td>\n<td>50<\/td>\n<td>250<\/td>\n<td>0.4<\/td>\n<td>Synthetic Polyester<\/td>\n<\/tr>\n<tr>\n<td>MGFC-G3-260x1096x15<\/td>\n<td>G3<\/td>\n<td>Coarse50%<\/td>\n<td>260x1096x15<\/td>\n<td>0.28<\/td>\n<td>2.800<\/td>\n<td>50<\/td>\n<td>250<\/td>\n<td>0.4<\/td>\n<td>Synthetic Polyester<\/td>\n<\/tr>\n<\/tbody>\n<\/table>\n","protected":false},"excerpt":{"rendered":"<p>Con\u00e7u pour les applications industrielles lourdes et les hottes de cuisine comme filtre \u00e0 poussi\u00e8re et \u00e0 graisse lavable. Le cadre du filtre peut \u00eatre fabriqu\u00e9 en acier galvanis\u00e9, en aluminium ou en acier inoxydable et le support filtrant est constitu\u00e9 de plusieurs couches de mailles fines galvanis\u00e9es. Le support filtrant assure une capacit\u00e9 de r\u00e9tention de poussi\u00e8re \u00e9lev\u00e9e avec une tr\u00e8s longue dur\u00e9e de vie. Disponible en taille standard et des tailles non standard peuvent \u00eatre produites. Classe d&rsquo;efficacit\u00e9 du filtre : ISO grossier 40 %, ISO grossier 50 %<\/p>\n<p>CLASSE DE FILTRE : ISO grossier 40 %, ISO grossier 50 %<br \/>\nM\u00c9DIA : Polyester, mousse de polyur\u00e9thane<br \/>\nTYPE DE CADRE : Galvanis\u00e9, aluminium, acier inoxydable<br \/>\nAPPLICATION : Pr\u00e9filtre pour CVC<br \/>\nTEMP\u00c9RATURE DE FONCTIONNEMENT MAXIMALE : 75 \u00baC<\/p>\n<p>Facile \u00e0 assembler<br \/>\nSupport filtrant plat entre les mailles m\u00e9talliques<br \/>\nSimple et l\u00e9ger<br \/>\nL&rsquo;option lavable est disponible<\/p>\n","protected":false},"featured_media":18477,"template":"","meta":[],"product_brand":[],"product_cat":[713],"product_tag":[],"class_list":{"0":"post-18480","1":"product","2":"type-product","3":"status-publish","4":"has-post-thumbnail","6":"product_cat-filtres-air-fr","8":"first","9":"instock","10":"shipping-taxable","11":"product-type-simple"},"_links":{"self":[{"href":"https:\/\/airsystems.ge\/shop\/fr\/wp-json\/wp\/v2\/product\/18480","targetHints":{"allow":["GET"]}}],"collection":[{"href":"https:\/\/airsystems.ge\/shop\/fr\/wp-json\/wp\/v2\/product"}],"about":[{"href":"https:\/\/airsystems.ge\/shop\/fr\/wp-json\/wp\/v2\/types\/product"}],"wp:featuredmedia":[{"embeddable":true,"href":"https:\/\/airsystems.ge\/shop\/fr\/wp-json\/wp\/v2\/media\/18477"}],"wp:attachment":[{"href":"https:\/\/airsystems.ge\/shop\/fr\/wp-json\/wp\/v2\/media?parent=18480"}],"wp:term":[{"taxonomy":"product_brand","embeddable":true,"href":"https:\/\/airsystems.ge\/shop\/fr\/wp-json\/wp\/v2\/product_brand?post=18480"},{"taxonomy":"product_cat","embeddable":true,"href":"https:\/\/airsystems.ge\/shop\/fr\/wp-json\/wp\/v2\/product_cat?post=18480"},{"taxonomy":"product_tag","embeddable":true,"href":"https:\/\/airsystems.ge\/shop\/fr\/wp-json\/wp\/v2\/product_tag?post=18480"}],"curies":[{"name":"wp","href":"https:\/\/api.w.org\/{rel}","templated":true}]}}