{"id":18472,"date":"2025-02-08T15:48:27","date_gmt":"2025-02-08T11:48:27","guid":{"rendered":"https:\/\/airsystems.ge\/shop\/product\/glass-fiber-roll\/"},"modified":"2025-02-08T15:54:03","modified_gmt":"2025-02-08T11:54:03","slug":"glass-fiber-roll","status":"publish","type":"product","link":"https:\/\/airsystems.ge\/shop\/fr\/produit\/glass-fiber-roll\/","title":{"rendered":"Rouleau de fibre de verre"},"content":{"rendered":"<table class=\"shop_attributes\">\n<thead>\n<tr>\n<th>Product Code<\/th>\n<th colspan=\"2\">Classification<\/th>\n<th>Thickness<\/th>\n<th>Dimension<\/th>\n<th>Flow Rate<\/th>\n<th>Initial Pressure Drop<\/th>\n<th>Final Pressure<\/th>\n<\/tr>\n<tr>\n<th><\/th>\n<th>\u0131so 16890<\/th>\n<th>EN 779<\/th>\n<th>mm<\/th>\n<th>m<\/th>\n<th>m3\/h<\/th>\n<th>Pa<\/th>\n<th>Pa<\/th>\n<\/tr>\n<\/thead>\n<tbody>\n<tr>\n<td>MGGR-2-2000&#215;10<\/td>\n<td>ISO Coarse 40%<\/td>\n<td>G2<\/td>\n<td>25<\/td>\n<td>1&#215;20<\/td>\n<td>5000<\/td>\n<td>25<\/td>\n<td>250<\/td>\n<\/tr>\n<tr>\n<td>MGGR-3-2000&#215;10<\/td>\n<td>ISO Coarse 50%<\/td>\n<td>G3<\/td>\n<td>50<\/td>\n<td>1&#215;20<\/td>\n<td>5000<\/td>\n<td>35<\/td>\n<td>250<\/td>\n<\/tr>\n<\/tbody>\n<\/table>\n","protected":false},"excerpt":{"rendered":"<p>CLASSE DE FILTRE : ISO grossier 40 %, ISO grossier 50 %<br \/>\nM\u00c9DIA : fibre de verre<br \/>\nAPPLICATION : cabines de peinture<br \/>\nTEMP\u00c9RATURE DE FONCTIONNEMENT MAXIMALE : 120 \u00baC<\/p>\n<p>M\u00e9dia r\u00e9sistant ininflammable<br \/>\nFacile \u00e0 traiter<br \/>\nEfficace Capacit\u00e9 de r\u00e9tention de poussi\u00e8re sup\u00e9rieure<\/p>\n","protected":false},"featured_media":18469,"template":"","meta":[],"product_brand":[],"product_cat":[713],"product_tag":[],"class_list":{"0":"post-18472","1":"product","2":"type-product","3":"status-publish","4":"has-post-thumbnail","6":"product_cat-filtres-air-fr","8":"first","9":"instock","10":"shipping-taxable","11":"product-type-simple"},"_links":{"self":[{"href":"https:\/\/airsystems.ge\/shop\/fr\/wp-json\/wp\/v2\/product\/18472","targetHints":{"allow":["GET"]}}],"collection":[{"href":"https:\/\/airsystems.ge\/shop\/fr\/wp-json\/wp\/v2\/product"}],"about":[{"href":"https:\/\/airsystems.ge\/shop\/fr\/wp-json\/wp\/v2\/types\/product"}],"wp:featuredmedia":[{"embeddable":true,"href":"https:\/\/airsystems.ge\/shop\/fr\/wp-json\/wp\/v2\/media\/18469"}],"wp:attachment":[{"href":"https:\/\/airsystems.ge\/shop\/fr\/wp-json\/wp\/v2\/media?parent=18472"}],"wp:term":[{"taxonomy":"product_brand","embeddable":true,"href":"https:\/\/airsystems.ge\/shop\/fr\/wp-json\/wp\/v2\/product_brand?post=18472"},{"taxonomy":"product_cat","embeddable":true,"href":"https:\/\/airsystems.ge\/shop\/fr\/wp-json\/wp\/v2\/product_cat?post=18472"},{"taxonomy":"product_tag","embeddable":true,"href":"https:\/\/airsystems.ge\/shop\/fr\/wp-json\/wp\/v2\/product_tag?post=18472"}],"curies":[{"name":"wp","href":"https:\/\/api.w.org\/{rel}","templated":true}]}}