{"id":18390,"date":"2025-02-07T23:00:38","date_gmt":"2025-02-07T19:00:38","guid":{"rendered":"https:\/\/airsystems.ge\/shop\/product\/vibro-ms-wm\/"},"modified":"2025-02-07T23:04:35","modified_gmt":"2025-02-07T19:04:35","slug":"vibro-ms-wm","status":"publish","type":"product","link":"https:\/\/airsystems.ge\/shop\/fr\/produit\/vibro-ms-wm\/","title":{"rendered":"Vibro-MS.wm"},"content":{"rendered":"<p><img loading=\"lazy\" decoding=\"async\" class=\" wp-image-4817 aligncenter\" src=\"https:\/\/antivibration-systems.com\/wp-content\/uploads\/2017\/10\/selection-table-ms.jpg\" sizes=\"auto, (max-width: 519px) 100vw, 519px\" srcset=\"https:\/\/antivibration-systems.com\/wp-content\/uploads\/2017\/10\/selection-table-ms.jpg 685w, https:\/\/antivibration-systems.com\/wp-content\/uploads\/2017\/10\/selection-table-ms-300x92.jpg 300w\" alt=\"selection table ms\" width=\"519\" height=\"159\" \/><strong><br \/>\nOperating Characteristics<\/strong><br \/>\nDeflection 25 mm at maximum load<br \/>\nNatural Frequency: 3 Hz at maximum load<br \/>\nOperating temperature: -70 0 C to 200 0 C (upon request)<br \/>\nTheoretical Vibration Attenuation up to 95%<\/p>\n","protected":false},"excerpt":{"rendered":"<p>Vibro-MS.wm est un support antivibratoire \u00e0 ressorts multiples. Le diam\u00e8tre int\u00e9rieur du ressort h\u00e9lico\u00efdal est constitu\u00e9 d&rsquo;un coussinet \u00e9lastique en treillis m\u00e9tallique en acier inoxydable.<\/p>\n<p>Vibro-MS.wm est un amortisseur de vibrations \u00e0 treillis m\u00e9tallique, \u00e0 ressorts multiples. Le diam\u00e8tre int\u00e9rieur du ressort h\u00e9lico\u00efdal est constitu\u00e9 d&rsquo;un coussinet \u00e9lastique en treillis m\u00e9tallique en acier inoxydable, ce qui diff\u00e9rencie le Vibro-MS de l&rsquo;amortisseur de vibrations \u00e0 treillis m\u00e9tallique \u00e9quivalent VIBRO-MS.wm. Cet amortisseur de vibrations \u00e0 treillis m\u00e9tallique est dot\u00e9 de plusieurs ressorts libres afin de s&rsquo;adapter \u00e0 une large gamme de machines. Les ressorts sont fix\u00e9s avec un syst\u00e8me de fixation innovant. Le coussinet m\u00e9tallique interne r\u00e9duit l&rsquo;amplification \u00e0 la fr\u00e9quence naturelle et augmente le facteur d&rsquo;amortissement.<\/p>\n<p>Si l&rsquo;application n&rsquo;est pas expos\u00e9e \u00e0 des temp\u00e9ratures \u00e9lev\u00e9es, elle peut \u00eatre \u00e9quip\u00e9e d&rsquo;un profil en caoutchouc \u00e0 sa base, qui agit comme un amortisseur de bruit et augmente l&rsquo;efficacit\u00e9 d&rsquo;isolation dans les hautes fr\u00e9quences, qui pourraient \u00eatre transmises par les ressorts. Il peut \u00eatre mis \u00e0 niveau vers le complexe Vibro-MS.wm, avec l&rsquo;ajout d&rsquo;une feuille de mousse de polyur\u00e9thane antivibratoire avec la marque d\u00e9pos\u00e9e Regufoam\u00ae sous sa base m\u00e9tallique.<\/p>\n<p>Le Vibro-MS.wm est utilis\u00e9 pour le contr\u00f4le des vibrations \u00e0 basse fr\u00e9quence et en particulier dans les cas o\u00f9 l&rsquo;utilisation de plusieurs ressorts est n\u00e9cessaire pour une plus grande stabilit\u00e9. Il peut \u00eatre utilis\u00e9 pour l&rsquo;isolation des vibrations des \u00e9quipements m\u00e9caniques dans les applications militaires, marines et avioniques. Le Vibro-MS.wm fonctionne bien dans les environnements difficiles.<\/p>\n","protected":false},"featured_media":18387,"template":"","meta":[],"product_brand":[],"product_cat":[707],"product_tag":[],"class_list":{"0":"post-18390","1":"product","2":"type-product","3":"status-publish","4":"has-post-thumbnail","6":"product_cat-vibration-anti-bruit-acoustique-fr","8":"first","9":"instock","10":"shipping-taxable","11":"product-type-simple"},"_links":{"self":[{"href":"https:\/\/airsystems.ge\/shop\/fr\/wp-json\/wp\/v2\/product\/18390","targetHints":{"allow":["GET"]}}],"collection":[{"href":"https:\/\/airsystems.ge\/shop\/fr\/wp-json\/wp\/v2\/product"}],"about":[{"href":"https:\/\/airsystems.ge\/shop\/fr\/wp-json\/wp\/v2\/types\/product"}],"wp:featuredmedia":[{"embeddable":true,"href":"https:\/\/airsystems.ge\/shop\/fr\/wp-json\/wp\/v2\/media\/18387"}],"wp:attachment":[{"href":"https:\/\/airsystems.ge\/shop\/fr\/wp-json\/wp\/v2\/media?parent=18390"}],"wp:term":[{"taxonomy":"product_brand","embeddable":true,"href":"https:\/\/airsystems.ge\/shop\/fr\/wp-json\/wp\/v2\/product_brand?post=18390"},{"taxonomy":"product_cat","embeddable":true,"href":"https:\/\/airsystems.ge\/shop\/fr\/wp-json\/wp\/v2\/product_cat?post=18390"},{"taxonomy":"product_tag","embeddable":true,"href":"https:\/\/airsystems.ge\/shop\/fr\/wp-json\/wp\/v2\/product_tag?post=18390"}],"curies":[{"name":"wp","href":"https:\/\/api.w.org\/{rel}","templated":true}]}}