{"id":18365,"date":"2025-02-07T22:50:02","date_gmt":"2025-02-07T18:50:02","guid":{"rendered":"https:\/\/airsystems.ge\/shop\/product\/vibro-am-wm\/"},"modified":"2025-02-07T22:51:30","modified_gmt":"2025-02-07T18:51:30","slug":"vibro-am-wm","status":"publish","type":"product","link":"https:\/\/airsystems.ge\/shop\/fr\/produit\/vibro-am-wm\/","title":{"rendered":"Vibro-AM.wm"},"content":{"rendered":"<p><a class=\"swipebox\" title=\"selection table\" href=\"https:\/\/antivibration-systems.com\/wp-content\/uploads\/2017\/10\/selection-table.jpg\" data-rel=\"lightbox-gallery-bGlnaHRib3gtZ2FsbGVyeS0w\" data-rl_title=\"selection table\" data-rl_caption=\"\"><img loading=\"lazy\" decoding=\"async\" class=\" wp-image-4806 aligncenter\" src=\"https:\/\/antivibration-systems.com\/wp-content\/uploads\/2017\/10\/selection-table.jpg\" sizes=\"auto, (max-width: 441px) 100vw, 441px\" srcset=\"https:\/\/antivibration-systems.com\/wp-content\/uploads\/2017\/10\/selection-table.jpg 372w, https:\/\/antivibration-systems.com\/wp-content\/uploads\/2017\/10\/selection-table-300x152.jpg 300w\" alt=\"selection table\" width=\"441\" height=\"224\" \/><\/a><strong>Operating Characteristics<\/strong><br \/>\nDeflection: 25 mm at maximum load<br \/>\nNatural Frequency: 3 to 10 Hz depending on load<br \/>\nOperating temperature: -70 0 C to 200 0 C (upon request)<br \/>\nTheoretical Vibration Attenuation up to 95%<\/p>\n","protected":false},"excerpt":{"rendered":"<p>Vibro-AM.wm est un support antivibratoire \u00e0 ressort simple autoportant, avec un treillis m\u00e9tallique en acier inoxydable tricot\u00e9 \u00e0 l&rsquo;int\u00e9rieur. Ce coussin m\u00e9tallique \u00e0 l&rsquo;int\u00e9rieur du ressort augmente le facteur d&rsquo;amortissement et limite les vibrations \u00e0 la fr\u00e9quence naturelle.<\/p>\n<p>Vibro-AM.wm est un support antivibratoire \u00e0 ressort simple autoportant, avec un treillis m\u00e9tallique en acier inoxydable tricot\u00e9 \u00e0 l&rsquo;int\u00e9rieur. Ce coussin m\u00e9tallique \u00e0 l&rsquo;int\u00e9rieur du ressort augmente le facteur d&rsquo;amortissement et limite les vibrations \u00e0 la fr\u00e9quence naturelle. \u00c0 sa base, il y a une plaque m\u00e9tallique galvanis\u00e9e d&rsquo;\u00e9paisseur ad\u00e9quate recouverte d&rsquo;un tampon en caoutchouc sp\u00e9cial, r\u00e9sistant aux conditions ext\u00e9rieures (non applicable dans les applications \u00e0 haute temp\u00e9rature). Ce profil en caoutchouc offre une meilleure efficacit\u00e9 d&rsquo;isolation aux hautes fr\u00e9quences, qui peuvent \u00eatre transmises \u00e0 travers sa structure m\u00e9tallique. La base ovale a deux trous pour la fixation avec des boulons traversants M8. De cette fa\u00e7on, l&rsquo;amortisseur de vibrations en treillis m\u00e9tallique peut \u00eatre fix\u00e9 sur la surface de montage pour maintenir la stabilit\u00e9 entre l&rsquo;isolateur de vibrations et la surface de montage. Dans la partie sup\u00e9rieure, il y a un boulon M8 pour la fixation \u00e0 la machine et le maintien d&rsquo;une stabilit\u00e9 accrue entre l&rsquo;isolateur de vibrations et la machine. Cela permet \u00e0 l&rsquo;amortisseur de vibrations en treillis m\u00e9tallique d&rsquo;offrir une certaine protection contre la pression du vent et les tremblements de terre, bien qu&rsquo;il soit de type ouvert et non un isolateur de vibrations \u00e0 ressort ferm\u00e9 comme Vibro-AMR.wm<\/p>\n<p>Vibro-AM.wm est un amortisseur de vibrations en treillis m\u00e9tallique utilisant l&rsquo;isolation des vibrations \u00e0 basse fr\u00e9quence de l&rsquo;isolateur \u00e0 ressort avec les capacit\u00e9s techniques avanc\u00e9es de la technologie d&rsquo;isolation des vibrations en treillis m\u00e9tallique. Cela le rend applicable au contr\u00f4le des vibrations \u00e0 basse fr\u00e9quence (rotation \u00e0 basse vitesse de 400 tr\/min et plus) comme les compresseurs, les moteurs \u00e0 deux temps, les refroidisseurs, les unit\u00e9s de traitement d&rsquo;air, etc. Il peut \u00e9galement \u00eatre utilis\u00e9 comme support d&rsquo;appareils sensibles. Il peut \u00eatre utilis\u00e9 pour l&rsquo;isolation des vibrations des \u00e9quipements m\u00e9caniques dans les applications militaires marines et avioniques. Vibro-AM.wm fonctionne bien dans les environnements difficiles et est \u00e9galement r\u00e9sistant aux liquides normaux et \u00e0 la poussi\u00e8re. capture 2 AM<\/p>\n<p><img loading=\"lazy\" decoding=\"async\" class=\" wp-image-4804 aligncenter\" src=\"https:\/\/antivibration-systems.com\/wp-content\/uploads\/2017\/10\/capture-2-AM1.jpg\" alt=\"capture 2 AM\" width=\"226\" height=\"136\" \/><\/p>\n","protected":false},"featured_media":18362,"template":"","meta":[],"product_brand":[],"product_cat":[707],"product_tag":[],"class_list":{"0":"post-18365","1":"product","2":"type-product","3":"status-publish","4":"has-post-thumbnail","6":"product_cat-vibration-anti-bruit-acoustique-fr","8":"first","9":"instock","10":"shipping-taxable","11":"product-type-simple"},"_links":{"self":[{"href":"https:\/\/airsystems.ge\/shop\/fr\/wp-json\/wp\/v2\/product\/18365","targetHints":{"allow":["GET"]}}],"collection":[{"href":"https:\/\/airsystems.ge\/shop\/fr\/wp-json\/wp\/v2\/product"}],"about":[{"href":"https:\/\/airsystems.ge\/shop\/fr\/wp-json\/wp\/v2\/types\/product"}],"wp:featuredmedia":[{"embeddable":true,"href":"https:\/\/airsystems.ge\/shop\/fr\/wp-json\/wp\/v2\/media\/18362"}],"wp:attachment":[{"href":"https:\/\/airsystems.ge\/shop\/fr\/wp-json\/wp\/v2\/media?parent=18365"}],"wp:term":[{"taxonomy":"product_brand","embeddable":true,"href":"https:\/\/airsystems.ge\/shop\/fr\/wp-json\/wp\/v2\/product_brand?post=18365"},{"taxonomy":"product_cat","embeddable":true,"href":"https:\/\/airsystems.ge\/shop\/fr\/wp-json\/wp\/v2\/product_cat?post=18365"},{"taxonomy":"product_tag","embeddable":true,"href":"https:\/\/airsystems.ge\/shop\/fr\/wp-json\/wp\/v2\/product_tag?post=18365"}],"curies":[{"name":"wp","href":"https:\/\/api.w.org\/{rel}","templated":true}]}}