{"id":18255,"date":"2025-02-07T22:06:40","date_gmt":"2025-02-07T18:06:40","guid":{"rendered":"https:\/\/airsystems.ge\/shop\/product\/vibro-strip-rubber-strip\/"},"modified":"2025-02-07T22:09:39","modified_gmt":"2025-02-07T18:09:39","slug":"vibro-strip-rubber-strip","status":"publish","type":"product","link":"https:\/\/airsystems.ge\/shop\/fr\/produit\/vibro-strip-rubber-strip\/","title":{"rendered":"Vibro-Strip : bande en caoutchouc"},"content":{"rendered":"<p><strong>Load Range<\/strong><\/p>\n<table border=\"1\" width=\"311\" cellspacing=\"1\" cellpadding=\"1\" align=\"left\">\n<tbody>\n<tr>\n<td>\n<p align=\"center\"><strong>TYPE<\/strong><\/p>\n<\/td>\n<td>\n<p align=\"center\"><strong>Recommeded\u00a0Load (kp*\/cm<sup>2<\/sup>)<\/strong><\/p>\n<\/td>\n<\/tr>\n<tr>\n<td>\n<p align=\"center\"><strong><em>Vibro<\/em>-Strip<\/strong><\/p>\n<\/td>\n<td>\n<p align=\"center\">3<\/p>\n<\/td>\n<\/tr>\n<\/tbody>\n<\/table>\n<p><em>\u00a0<\/em><\/p>\n<p>&nbsp;<\/p>\n<p>&nbsp;<\/p>\n<p>&nbsp;<\/p>\n<p><em>*1kp = 10N\u00a0<\/em><\/p>\n<p>&nbsp;<\/p>\n<p><strong>Dynamic Characteristics<\/strong><\/p>\n<p>Natural frequency fn= 30Hz (for perpendicular load in a single layer)<\/p>\n<p>Load range 1-3 kg\/cm2 (1 per 3 tonnes per linear meter)<\/p>\n","protected":false},"excerpt":{"rendered":"<p>Un syst\u00e8me de support en caoutchouc non renforc\u00e9 avec une section transversale est adapt\u00e9 \u00e0 une utilisation comme support \u00e9lastique pour les composants de construction<\/p>\n<p><img loading=\"lazy\" decoding=\"async\" class=\" wp-image-1843 alignleft\" title=\"Vibro-Strip - Diagram 2\" src=\"https:\/\/antivibration-systems.com\/wp-content\/uploads\/2012\/12\/vibro-strip-pic.jpg\" alt=\"\" width=\"250\" height=\"134\" \/><\/p>\n<p>La bande de support est un syst\u00e8me de support en caoutchouc non renforc\u00e9 avec une conception ondul\u00e9e avanc\u00e9e. Gr\u00e2ce \u00e0 son profil ing\u00e9nieux, la section transversale est adapt\u00e9e \u00e0 une utilisation comme support \u00e9lastique pour les composants de construction.<\/p>\n<p>DIMENSIONS : \u00c9paisseur 10 mm, largeur 108 mm.<br \/>\nElle est fournie en longueurs allant jusqu&rsquo;\u00e0 3 m.<\/p>\n","protected":false},"featured_media":18244,"template":"","meta":[],"product_brand":[],"product_cat":[707],"product_tag":[],"class_list":{"0":"post-18255","1":"product","2":"type-product","3":"status-publish","4":"has-post-thumbnail","6":"product_cat-vibration-anti-bruit-acoustique-fr","8":"first","9":"instock","10":"shipping-taxable","11":"product-type-simple"},"_links":{"self":[{"href":"https:\/\/airsystems.ge\/shop\/fr\/wp-json\/wp\/v2\/product\/18255","targetHints":{"allow":["GET"]}}],"collection":[{"href":"https:\/\/airsystems.ge\/shop\/fr\/wp-json\/wp\/v2\/product"}],"about":[{"href":"https:\/\/airsystems.ge\/shop\/fr\/wp-json\/wp\/v2\/types\/product"}],"wp:featuredmedia":[{"embeddable":true,"href":"https:\/\/airsystems.ge\/shop\/fr\/wp-json\/wp\/v2\/media\/18244"}],"wp:attachment":[{"href":"https:\/\/airsystems.ge\/shop\/fr\/wp-json\/wp\/v2\/media?parent=18255"}],"wp:term":[{"taxonomy":"product_brand","embeddable":true,"href":"https:\/\/airsystems.ge\/shop\/fr\/wp-json\/wp\/v2\/product_brand?post=18255"},{"taxonomy":"product_cat","embeddable":true,"href":"https:\/\/airsystems.ge\/shop\/fr\/wp-json\/wp\/v2\/product_cat?post=18255"},{"taxonomy":"product_tag","embeddable":true,"href":"https:\/\/airsystems.ge\/shop\/fr\/wp-json\/wp\/v2\/product_tag?post=18255"}],"curies":[{"name":"wp","href":"https:\/\/api.w.org\/{rel}","templated":true}]}}