{"id":18226,"date":"2025-02-07T21:57:13","date_gmt":"2025-02-07T17:57:13","guid":{"rendered":"https:\/\/airsystems.ge\/shop\/product\/vibro-rw-isolation-fixing-rubber-washer\/"},"modified":"2025-02-07T22:00:08","modified_gmt":"2025-02-07T18:00:08","slug":"vibro-rw-isolation-fixing-rubber-washer","status":"publish","type":"product","link":"https:\/\/airsystems.ge\/shop\/fr\/produit\/vibro-rw-isolation-fixing-rubber-washer\/","title":{"rendered":"Vibro-RW : Rondelle en caoutchouc isolante de fixation"},"content":{"rendered":"","protected":false},"excerpt":{"rendered":"<p>Petite rondelle en caoutchouc sp\u00e9cialement con\u00e7ue pour isoler les fixations m\u00e9caniques du transfert de bruit et de vibrations aux structures sous-jacentes. Elle emp\u00eache toute connexion directe entre la vis de fixation et la base de montage, \u00e9vitant ainsi les ponts sonores ind\u00e9sirables.<\/p>\n<p>Description<br \/>\nVibro-RW est une rondelle en caoutchouc sp\u00e9cialement con\u00e7ue pour isoler les fixations m\u00e9caniques du transfert de bruit et de vibrations aux structures sous-jacentes. Elle emp\u00eache toute connexion directe entre la vis de fixation et la base de montage, \u00e9vitant ainsi les ponts sonores ind\u00e9sirables. Vibro-RW se compose d&rsquo;une rondelle \u00e9lastique, avec un col sp\u00e9cialement con\u00e7u et un trou de passage interne d&rsquo;un diam\u00e8tre de \u03a67,5 mm. Une rondelle m\u00e9tallique est \u00e9galement incluse afin d&rsquo;obtenir une r\u00e9partition \u00e9gale de la force de fixation. Fabriqu\u00e9 pour la durabilit\u00e9, la performance et la facilit\u00e9 d&rsquo;installation sur site.<\/p>\n<p><img loading=\"lazy\" decoding=\"async\" class=\"size-full wp-image-11813 aligncenter\" src=\"https:\/\/antivibration-systems.com\/wp-content\/uploads\/2022\/04\/vibro-rw-applications.jpg\" sizes=\"auto, (max-width: 906px) 100vw, 906px\" srcset=\"https:\/\/antivibration-systems.com\/wp-content\/uploads\/2022\/04\/vibro-rw-applications.jpg 906w, https:\/\/antivibration-systems.com\/wp-content\/uploads\/2022\/04\/vibro-rw-applications-249x300.jpg 249w, https:\/\/antivibration-systems.com\/wp-content\/uploads\/2022\/04\/vibro-rw-applications-850x1024.jpg 850w, https:\/\/antivibration-systems.com\/wp-content\/uploads\/2022\/04\/vibro-rw-applications-768x926.jpg 768w\" alt=\"\" width=\"906\" height=\"1092\" \/><\/p>\n","protected":false},"featured_media":18215,"template":"","meta":[],"product_brand":[],"product_cat":[707],"product_tag":[],"class_list":{"0":"post-18226","1":"product","2":"type-product","3":"status-publish","4":"has-post-thumbnail","6":"product_cat-vibration-anti-bruit-acoustique-fr","8":"first","9":"instock","10":"shipping-taxable","11":"product-type-simple"},"_links":{"self":[{"href":"https:\/\/airsystems.ge\/shop\/fr\/wp-json\/wp\/v2\/product\/18226","targetHints":{"allow":["GET"]}}],"collection":[{"href":"https:\/\/airsystems.ge\/shop\/fr\/wp-json\/wp\/v2\/product"}],"about":[{"href":"https:\/\/airsystems.ge\/shop\/fr\/wp-json\/wp\/v2\/types\/product"}],"wp:featuredmedia":[{"embeddable":true,"href":"https:\/\/airsystems.ge\/shop\/fr\/wp-json\/wp\/v2\/media\/18215"}],"wp:attachment":[{"href":"https:\/\/airsystems.ge\/shop\/fr\/wp-json\/wp\/v2\/media?parent=18226"}],"wp:term":[{"taxonomy":"product_brand","embeddable":true,"href":"https:\/\/airsystems.ge\/shop\/fr\/wp-json\/wp\/v2\/product_brand?post=18226"},{"taxonomy":"product_cat","embeddable":true,"href":"https:\/\/airsystems.ge\/shop\/fr\/wp-json\/wp\/v2\/product_cat?post=18226"},{"taxonomy":"product_tag","embeddable":true,"href":"https:\/\/airsystems.ge\/shop\/fr\/wp-json\/wp\/v2\/product_tag?post=18226"}],"curies":[{"name":"wp","href":"https:\/\/api.w.org\/{rel}","templated":true}]}}