{"id":18192,"date":"2025-02-07T21:51:52","date_gmt":"2025-02-07T17:51:52","guid":{"rendered":"https:\/\/airsystems.ge\/shop\/product\/vibro-em-3-anti-vibration-metal-rubber-mount-type-3\/"},"modified":"2025-02-07T21:53:32","modified_gmt":"2025-02-07T17:53:32","slug":"vibro-em-3-anti-vibration-metal-rubber-mount-type-3","status":"publish","type":"product","link":"https:\/\/airsystems.ge\/shop\/fr\/produit\/vibro-em-3-anti-vibration-metal-rubber-mount-type-3\/","title":{"rendered":"Vibro-EM.3 : support antivibratoire m\u00e9tal-caoutchouc (type 3)"},"content":{"rendered":"<table>\n<thead>\n<tr>\n<th colspan=\"2\">Section Table of Vibro-EM.3<\/th>\n<\/tr>\n<\/thead>\n<tbody>\n<tr>\n<td><strong>Type (color code)<\/strong><\/td>\n<td><strong>Max. Load (daN)<\/strong><\/td>\n<\/tr>\n<tr>\n<td>Vibro-EM.3 (Blue)<\/td>\n<td>200<\/td>\n<\/tr>\n<tr>\n<td>Vibro-EM.3 (White)<\/td>\n<td>350<\/td>\n<\/tr>\n<tr>\n<td>Vibro-EM.3 (Orange)<\/td>\n<td>500<\/td>\n<\/tr>\n<\/tbody>\n<\/table>\n<p><strong>Dynamic Characteristics:<\/strong><\/p>\n<p><strong>Deflection:<\/strong>\u00a03 mm at maximum load<br \/>\n<strong>Natural Frequency:<\/strong>\u00a010 Hz at maximum load<\/p>\n","protected":false},"excerpt":{"rendered":"<p>Support \u00e9lastique antivibratoire de type 3 pour les applications CVC, en particulier lorsqu&rsquo;un montage au sol et sur les machines est n\u00e9cessaire.<\/p>\n<p>SUPPORTS \u00c9LASTIQUES ANTIVIBRATOIRES (Type 3)<\/p>\n<p>Vibro EM.3 est un support antivibratoire fabriqu\u00e9 \u00e0 partir d&rsquo;une combinaison de pi\u00e8ces en caoutchouc et en m\u00e9tal. Les pi\u00e8ces m\u00e9talliques sont recouvertes de caoutchouc et sont mieux prot\u00e9g\u00e9es de l&rsquo;oxydation, tandis que la surface sup\u00e9rieure et inf\u00e9rieure est dot\u00e9e d&rsquo;un rev\u00eatement sp\u00e9cial qui augmente la friction et r\u00e9duit le glissement de la surface.<\/p>\n<p>Le support \u00e9lastique antivibratoire Vibro EM.3 peut \u00eatre utilis\u00e9 pour absorber les vibrations dans :<\/p>\n<p>les centrales de traitement d&rsquo;air<br \/>\nles climatiseurs<br \/>\nles pompes<br \/>\nles compresseurs d&rsquo;air<br \/>\nles ventilateurs<br \/>\nles transformateurs<br \/>\nles g\u00e9n\u00e9rateurs de moteurs<br \/>\nles machines de d\u00e9coupe<br \/>\nles machines d&rsquo;impression<br \/>\nles ascenseurs, etc.<br \/>\nUn marquage sp\u00e9cial (W : Blanc, B : Bleu) identifie la duret\u00e9 du caoutchouc et la charge maximale qu&rsquo;il peut supporter.<\/p>\n","protected":false},"featured_media":18165,"template":"","meta":[],"product_brand":[],"product_cat":[778,707],"product_tag":[],"class_list":{"0":"post-18192","1":"product","2":"type-product","3":"status-publish","4":"has-post-thumbnail","6":"product_cat-acoustics-noise-fr","7":"product_cat-vibration-anti-bruit-acoustique-fr","9":"first","10":"instock","11":"shipping-taxable","12":"product-type-simple"},"_links":{"self":[{"href":"https:\/\/airsystems.ge\/shop\/fr\/wp-json\/wp\/v2\/product\/18192","targetHints":{"allow":["GET"]}}],"collection":[{"href":"https:\/\/airsystems.ge\/shop\/fr\/wp-json\/wp\/v2\/product"}],"about":[{"href":"https:\/\/airsystems.ge\/shop\/fr\/wp-json\/wp\/v2\/types\/product"}],"wp:featuredmedia":[{"embeddable":true,"href":"https:\/\/airsystems.ge\/shop\/fr\/wp-json\/wp\/v2\/media\/18165"}],"wp:attachment":[{"href":"https:\/\/airsystems.ge\/shop\/fr\/wp-json\/wp\/v2\/media?parent=18192"}],"wp:term":[{"taxonomy":"product_brand","embeddable":true,"href":"https:\/\/airsystems.ge\/shop\/fr\/wp-json\/wp\/v2\/product_brand?post=18192"},{"taxonomy":"product_cat","embeddable":true,"href":"https:\/\/airsystems.ge\/shop\/fr\/wp-json\/wp\/v2\/product_cat?post=18192"},{"taxonomy":"product_tag","embeddable":true,"href":"https:\/\/airsystems.ge\/shop\/fr\/wp-json\/wp\/v2\/product_tag?post=18192"}],"curies":[{"name":"wp","href":"https:\/\/api.w.org\/{rel}","templated":true}]}}