{"id":18160,"date":"2025-02-07T21:47:55","date_gmt":"2025-02-07T17:47:55","guid":{"rendered":"https:\/\/airsystems.ge\/shop\/product\/vibro-em-2-anti-vibration-metal-rubber-mount-type-2\/"},"modified":"2025-02-07T21:49:35","modified_gmt":"2025-02-07T17:49:35","slug":"vibro-em-2-anti-vibration-metal-rubber-mount-type-2","status":"publish","type":"product","link":"https:\/\/airsystems.ge\/shop\/fr\/produit\/vibro-em-2-anti-vibration-metal-rubber-mount-type-2\/","title":{"rendered":"Vibro-EM.2 : support antivibratoire m\u00e9tal-caoutchouc (type 2)"},"content":{"rendered":"<p>Antivibration elastic mount the metal cover for even load distribution and UV protection of the elastic part of the mount<\/p>\n<p>&nbsp;<\/p>\n<p><img loading=\"lazy\" decoding=\"async\" class=\"alignleft wp-image-4895\" src=\"https:\/\/antivibration-systems.com\/wp-content\/uploads\/2012\/11\/Vibro-EM2-Selection-Table.jpg\" sizes=\"auto, (max-width: 590px) 100vw, 590px\" srcset=\"https:\/\/antivibration-systems.com\/wp-content\/uploads\/2012\/11\/Vibro-EM2-Selection-Table.jpg 638w, https:\/\/antivibration-systems.com\/wp-content\/uploads\/2012\/11\/Vibro-EM2-Selection-Table-300x75.jpg 300w\" alt=\"Vibro-EM2 Selection Table\" width=\"590\" height=\"146\" \/><\/p>\n<p>&nbsp;<\/p>\n<p><strong>Dynamic Characteristics<\/strong><br \/>\nDeflection 3 mm at maximum load<br \/>\nNatural Frequency: 10 Hz at maximum load<\/p>\n<p>&nbsp;<\/p>\n","protected":false},"excerpt":{"rendered":"<p>Support \u00e9lastique antivibratoire avec couvercle m\u00e9tallique pour une r\u00e9partition uniforme de la charge et une protection UV de la partie \u00e9lastique du support<\/p>\n<p>Vibro-E\u039c.2 est le r\u00e9sultat de recherches sp\u00e9cialis\u00e9es et est compos\u00e9 d&rsquo;une combinaison de pi\u00e8ces en caoutchouc et en m\u00e9tal. Le couvercle m\u00e9tallique offre une protection contre divers fluides, comme l&rsquo;huile et l&rsquo;eau. De plus, il prot\u00e8ge le corps principal du support antivibratoire du soleil, augmentant ainsi sa dur\u00e9e de vie.<\/p>\n<p>Le couvercle m\u00e9tallique est en t\u00f4le galvanis\u00e9e qui le prot\u00e8ge de l&rsquo;oxydation. Le reste des pi\u00e8ces m\u00e9talliques est recouvert de caoutchouc pour une meilleure protection contre l&rsquo;oxydation, tandis que les surfaces sup\u00e9rieure et inf\u00e9rieure ont des rev\u00eatements sp\u00e9ciaux qui augmentent la friction et r\u00e9duisent la surface de glissement.<\/p>\n<p>Le Vibro \u2013 EM.2 peut \u00eatre utilis\u00e9 dans :<\/p>\n<p>les centrales de traitement d&rsquo;air<br \/>\nles climatiseurs<br \/>\nles pompes<br \/>\nles compresseurs d&rsquo;air<br \/>\nles ventilateurs<br \/>\nles transformateurs<br \/>\nles g\u00e9n\u00e9rateurs de moteurs<br \/>\nles machines de d\u00e9coupe<br \/>\nles machines d&rsquo;impression<br \/>\nles ascenseurs, etc.<br \/>\nUn marquage sp\u00e9cial (W : Blanc, B : Bleu, R : Rouge) identifie la duret\u00e9 du caoutchouc et la charge maximale qu&rsquo;il peut supporter.<\/p>\n","protected":false},"featured_media":18129,"template":"","meta":[],"product_brand":[],"product_cat":[707],"product_tag":[],"class_list":{"0":"post-18160","1":"product","2":"type-product","3":"status-publish","4":"has-post-thumbnail","6":"product_cat-vibration-anti-bruit-acoustique-fr","8":"first","9":"instock","10":"shipping-taxable","11":"product-type-simple"},"_links":{"self":[{"href":"https:\/\/airsystems.ge\/shop\/fr\/wp-json\/wp\/v2\/product\/18160","targetHints":{"allow":["GET"]}}],"collection":[{"href":"https:\/\/airsystems.ge\/shop\/fr\/wp-json\/wp\/v2\/product"}],"about":[{"href":"https:\/\/airsystems.ge\/shop\/fr\/wp-json\/wp\/v2\/types\/product"}],"wp:featuredmedia":[{"embeddable":true,"href":"https:\/\/airsystems.ge\/shop\/fr\/wp-json\/wp\/v2\/media\/18129"}],"wp:attachment":[{"href":"https:\/\/airsystems.ge\/shop\/fr\/wp-json\/wp\/v2\/media?parent=18160"}],"wp:term":[{"taxonomy":"product_brand","embeddable":true,"href":"https:\/\/airsystems.ge\/shop\/fr\/wp-json\/wp\/v2\/product_brand?post=18160"},{"taxonomy":"product_cat","embeddable":true,"href":"https:\/\/airsystems.ge\/shop\/fr\/wp-json\/wp\/v2\/product_cat?post=18160"},{"taxonomy":"product_tag","embeddable":true,"href":"https:\/\/airsystems.ge\/shop\/fr\/wp-json\/wp\/v2\/product_tag?post=18160"}],"curies":[{"name":"wp","href":"https:\/\/api.w.org\/{rel}","templated":true}]}}