{"id":18124,"date":"2025-02-07T21:42:20","date_gmt":"2025-02-07T17:42:20","guid":{"rendered":"https:\/\/airsystems.ge\/shop\/product\/vibro-smrv-anti-vibration-spring-mounts-with-visco-dampers\/"},"modified":"2025-02-07T21:44:13","modified_gmt":"2025-02-07T17:44:13","slug":"vibro-smrv-anti-vibration-spring-mounts-with-visco-dampers","status":"publish","type":"product","link":"https:\/\/airsystems.ge\/shop\/fr\/produit\/vibro-smrv-anti-vibration-spring-mounts-with-visco-dampers\/","title":{"rendered":"Vibro-SMRV : Supports antivibratoires \u00e0 ressort avec amortisseurs visqueux"},"content":{"rendered":"<table>\n<thead>\n<tr>\n<th>TYPE<\/th>\n<th>DIMENSIONS<br \/>\n(AxBxH) (mm)<\/th>\n<th>SPRING NUMBER<\/th>\n<th>MAX LOAD (Kp*)<\/th>\n<\/tr>\n<\/thead>\n<tbody>\n<tr>\n<td>Vibro SMRV \u2013 500.2<\/td>\n<td>95x340x174<\/td>\n<td>2<\/td>\n<td>500<\/td>\n<\/tr>\n<tr>\n<td>Vibro SMRV \u2013 1000.2<\/td>\n<td>95x340x174<\/td>\n<td>2<\/td>\n<td>1000<\/td>\n<\/tr>\n<tr>\n<td>Vibro SMRV \u2013 1500.2<\/td>\n<td>95x340x174<\/td>\n<td>2<\/td>\n<td>1500<\/td>\n<\/tr>\n<tr>\n<td>Vibro SMRV \u2013 1000.4<\/td>\n<td>195x290x175<\/td>\n<td>4<\/td>\n<td>1000<\/td>\n<\/tr>\n<tr>\n<td>Vibro SMRV \u2013 2000.4<\/td>\n<td>195x290x175<\/td>\n<td>4<\/td>\n<td>2000<\/td>\n<\/tr>\n<tr>\n<td>Vibro SMRV \u2013 3000.4<\/td>\n<td>195x290x175<\/td>\n<td>4<\/td>\n<td>3000<\/td>\n<\/tr>\n<\/tbody>\n<\/table>\n<p>*1Kp=10N<\/p>\n<p><img loading=\"lazy\" decoding=\"async\" class=\"alignnone size-full wp-image-4768\" src=\"https:\/\/antivibration-systems.com\/wp-content\/uploads\/2017\/08\/Screen-Shot-2017-08-18-at-2.24.54-PM.png\" alt=\"Screen Shot 2017-08-18 at 2.24.54 PM\" width=\"222\" height=\"219\" \/><\/p>\n<p>Deflection (at maximum load): 25 mm<br \/>\nNatural Frequency (at maximum load): 3 Hz<\/p>\n","protected":false},"excerpt":{"rendered":"<p>Supports antivibratoires \u00e0 ressort avec retenue multidimensionnelle, amortissement visqueux et hauteur r\u00e9glable.<\/p>\n<p>DESCRIPTION<\/p>\n<p>Les supports antivibratoires \u00e0 ressort Vibro-SMRV sont des supports antivibratoires multidirectionnels avec une combinaison de ressort et de m\u00e9canisme visco-amortisseur \u00e0 hauteur r\u00e9glable. Vibro-SMRV peut \u00eatre utilis\u00e9 pour le contr\u00f4le des vibrations \u00e0 basse fr\u00e9quence (rotation \u00e0 basse vitesse 400 tr\/min et plus) qui n\u00e9cessitent \u00e9galement une retenue lat\u00e9rale et verticale et une protection contre les tremblements de terre et la pression excessive du vent.<\/p>\n<p>Les dispositifs visco-amortisseurs r\u00e9duisent les vibrations en convertissant l&rsquo;\u00e9nergie cin\u00e9tique en chaleur, amortissant ainsi le mouvement du syst\u00e8me. L&rsquo;amortissement est n\u00e9cessaire dans les cas o\u00f9 la fr\u00e9quence d&rsquo;excitation de la machine est proche de sa fr\u00e9quence naturelle.<\/p>\n<p>Les visco-amortisseurs aident \u00e0 r\u00e9duire les oscillations \u00e9lev\u00e9es qui montent, tout en passant par la plage de r\u00e9sonance dans la phase de d\u00e9marrage et d&rsquo;arr\u00eat du fonctionnement de l&rsquo;\u00e9quipement.<\/p>\n<p>Cet amortisseur de vibrations visqueux \u00e9largit la gamme existante de supports \u00e0 ressort pour l&rsquo;isolation des vibrations de la gamme VIBRO qui a \u00e9t\u00e9 consid\u00e9rablement \u00e9largie ces derni\u00e8res ann\u00e9es. Notre gamme actuelle de supports \u00e0 ressort peut couvrir une large gamme de projets n\u00e9cessitant une faible fr\u00e9quence naturelle et une efficacit\u00e9 d&rsquo;isolation des vibrations \u00e9lev\u00e9e, que ce soit via un amortisseur visqueux ou via des supports \u00e0 ressort \u00e0 d\u00e9flexion accrue.<\/p>\n<p>APPLICATIONS<\/p>\n<p>Les applications typiques sont les compresseurs d&rsquo;air, les moteurs \u00e0 deux temps, les refroidisseurs, les tours de refroidissement \u00e0 eau, les unit\u00e9s de traitement d&rsquo;air, etc.<\/p>\n<p>Le bo\u00eetier est en acier v\u00e9ritable et est prot\u00e9g\u00e9 de l&rsquo;oxydation par une peinture en poudre polyester (galvanis\u00e9e \u00e0 chaud sur demande).<\/p>\n","protected":false},"featured_media":18121,"template":"","meta":[],"product_brand":[],"product_cat":[707],"product_tag":[],"class_list":{"0":"post-18124","1":"product","2":"type-product","3":"status-publish","4":"has-post-thumbnail","6":"product_cat-vibration-anti-bruit-acoustique-fr","8":"first","9":"instock","10":"shipping-taxable","11":"product-type-simple"},"_links":{"self":[{"href":"https:\/\/airsystems.ge\/shop\/fr\/wp-json\/wp\/v2\/product\/18124","targetHints":{"allow":["GET"]}}],"collection":[{"href":"https:\/\/airsystems.ge\/shop\/fr\/wp-json\/wp\/v2\/product"}],"about":[{"href":"https:\/\/airsystems.ge\/shop\/fr\/wp-json\/wp\/v2\/types\/product"}],"wp:featuredmedia":[{"embeddable":true,"href":"https:\/\/airsystems.ge\/shop\/fr\/wp-json\/wp\/v2\/media\/18121"}],"wp:attachment":[{"href":"https:\/\/airsystems.ge\/shop\/fr\/wp-json\/wp\/v2\/media?parent=18124"}],"wp:term":[{"taxonomy":"product_brand","embeddable":true,"href":"https:\/\/airsystems.ge\/shop\/fr\/wp-json\/wp\/v2\/product_brand?post=18124"},{"taxonomy":"product_cat","embeddable":true,"href":"https:\/\/airsystems.ge\/shop\/fr\/wp-json\/wp\/v2\/product_cat?post=18124"},{"taxonomy":"product_tag","embeddable":true,"href":"https:\/\/airsystems.ge\/shop\/fr\/wp-json\/wp\/v2\/product_tag?post=18124"}],"curies":[{"name":"wp","href":"https:\/\/api.w.org\/{rel}","templated":true}]}}