{"id":17899,"date":"2025-02-07T20:57:59","date_gmt":"2025-02-07T16:57:59","guid":{"rendered":"https:\/\/airsystems.ge\/shop\/product\/vibro-ss-simple-spring-isolator\/"},"modified":"2025-02-07T21:00:45","modified_gmt":"2025-02-07T17:00:45","slug":"vibro-ss-simple-spring-isolator","status":"publish","type":"product","link":"https:\/\/airsystems.ge\/shop\/fr\/produit\/vibro-ss-simple-spring-isolator\/","title":{"rendered":"Vibro-SS : Isolateur \u00e0 ressort simple"},"content":{"rendered":"","protected":false},"excerpt":{"rendered":"<p>Un dispositif anti-vibratoire simple et facile \u00e0 installer avec un excellent rapport qualit\u00e9-prix. Il peut \u00eatre utilis\u00e9 pour r\u00e9duire les vibrations transmises structurellement par les tuyaux et les machines.<\/p>\n<p>DESCRIPTION<\/p>\n<p>L&rsquo;isolateur \u00e0 ressort simple Vibro-SS est une solution \u00e9conomique utilis\u00e9e pour r\u00e9duire les vibrations transmises structurellement par les tuyaux et les machines. Il aide \u00e9galement \u00e0 l&rsquo;isolation en tant que suspension de faux plafond. Le ressort en acier est fabriqu\u00e9 conform\u00e9ment \u00e0 la norme DIN. Vibro-SS dispose \u00e9galement d&rsquo;un \u0153illet anti-vibratoire en n\u00e9opr\u00e8ne en haut et en bas du ressort agissant comme un brise-son et augmentant l&rsquo;efficacit\u00e9 de l&rsquo;isolation. En raison de sa d\u00e9flexion \u00e9lev\u00e9e, il peut absorber une faible fr\u00e9quence d&rsquo;excitation.<\/p>\n<p>Attention : (a) Les ancrages doivent \u00eatre install\u00e9s perpendiculairement.<\/p>\n<p>(b) Ne pas \u00e9tirer.<\/p>\n<p>(c) Utiliser des \u00e9crous de s\u00e9curit\u00e9.<\/p>\n<p>Pourquoi utiliser l&rsquo;isolateur \u00e0 ressort simple Vibro-SS ?<\/p>\n<p>Solution \u00e9conomique<br \/>\nInstallation facile<br \/>\nAdaptable \u00e0 diff\u00e9rentes applications<br \/>\nFaible fr\u00e9quence naturelle<br \/>\nD\u00e9flexion \u00e9lev\u00e9e sous charge<br \/>\nAPPLICATIONS<br \/>\n-Suspension anti-vibratoire de tuyaux.<br \/>\n-Suspension anti-vibratoire pour machine.<br \/>\n-Suspension pour faux plafond \u00e0 isolation phonique.<\/p>\n<p>CARACT\u00c9RISTIQUES DYNAMIQUES<\/p>\n<p>D\u00e9flexion : 25 mm (\u00e0 charge maximale)<\/p>\n<p>Fr\u00e9quence naturelle (\u00e0 charge maximale) : 3 Hz<\/p>\n","protected":false},"featured_media":17892,"template":"","meta":[],"product_brand":[],"product_cat":[707],"product_tag":[],"class_list":{"0":"post-17899","1":"product","2":"type-product","3":"status-publish","4":"has-post-thumbnail","6":"product_cat-vibration-anti-bruit-acoustique-fr","8":"first","9":"instock","10":"shipping-taxable","11":"product-type-simple"},"_links":{"self":[{"href":"https:\/\/airsystems.ge\/shop\/fr\/wp-json\/wp\/v2\/product\/17899","targetHints":{"allow":["GET"]}}],"collection":[{"href":"https:\/\/airsystems.ge\/shop\/fr\/wp-json\/wp\/v2\/product"}],"about":[{"href":"https:\/\/airsystems.ge\/shop\/fr\/wp-json\/wp\/v2\/types\/product"}],"wp:featuredmedia":[{"embeddable":true,"href":"https:\/\/airsystems.ge\/shop\/fr\/wp-json\/wp\/v2\/media\/17892"}],"wp:attachment":[{"href":"https:\/\/airsystems.ge\/shop\/fr\/wp-json\/wp\/v2\/media?parent=17899"}],"wp:term":[{"taxonomy":"product_brand","embeddable":true,"href":"https:\/\/airsystems.ge\/shop\/fr\/wp-json\/wp\/v2\/product_brand?post=17899"},{"taxonomy":"product_cat","embeddable":true,"href":"https:\/\/airsystems.ge\/shop\/fr\/wp-json\/wp\/v2\/product_cat?post=17899"},{"taxonomy":"product_tag","embeddable":true,"href":"https:\/\/airsystems.ge\/shop\/fr\/wp-json\/wp\/v2\/product_tag?post=17899"}],"curies":[{"name":"wp","href":"https:\/\/api.w.org\/{rel}","templated":true}]}}