{"id":17887,"date":"2025-02-07T20:53:10","date_gmt":"2025-02-07T16:53:10","guid":{"rendered":"https:\/\/airsystems.ge\/shop\/product\/vibro-midi-anti-vibration-rubber-support\/"},"modified":"2025-02-18T18:48:23","modified_gmt":"2025-02-18T14:48:23","slug":"vibro-midi-anti-vibration-rubber-support","status":"publish","type":"product","link":"https:\/\/airsystems.ge\/shop\/fr\/produit\/vibro-midi-anti-vibration-rubber-support\/","title":{"rendered":"Vibro-Midi : Support antivibratoire en caoutchouc"},"content":{"rendered":"","protected":false},"excerpt":{"rendered":"<p>Vibro-Midi est une solution ing\u00e9nieuse et peu co\u00fbteuse aux probl\u00e8mes de vibrations. Gr\u00e2ce \u00e0 sa conception innovante, il offre une d\u00e9flexion impressionnante sous charge.<\/p>\n<p>DESCRIPTION<\/p>\n<p>Support antivibratoire en caoutchouc<\/p>\n<p>Le support antivibratoire en caoutchouc Vibro-Midi est une solution ing\u00e9nieuse et peu co\u00fbteuse aux probl\u00e8mes de<br \/>\nvibrations. Gr\u00e2ce \u00e0 sa conception innovante, Vibro-Midi offre une d\u00e9flexion impressionnante sous charge. Il<br \/>\npeut \u00eatre fix\u00e9 avec un ancrage au sol, ou il peut \u00eatre suspendu au plafond par des<br \/>\ntiges filet\u00e9es ou m\u00eame \u00eatre plac\u00e9 sur une base m\u00e9tallique avec une vis traversante de M8 \u2013 M10 mm.<\/p>\n<p>La vis mentionn\u00e9e ci-dessus ne cr\u00e9e aucun pont sonore gr\u00e2ce \u00e0 son col en caoutchouc cylindrique.<\/p>\n<p>Attention \u00e0 :<\/p>\n<p>La vis traversante emp\u00eache la chute de la machine en cas de destruction de la pi\u00e8ce en caoutchouc. (Fail Safe).<br \/>\nVeuillez vous r\u00e9f\u00e9rer \u00e0 la notice d&rsquo;application indicative afin d&rsquo;utiliser correctement la rondelle m\u00e9tallique.<br \/>\nAttention \u00e0 placer \u00e9galement une rondelle en caoutchouc c\u00f4t\u00e9 col, afin d&rsquo;\u00e9viter le contact avec la rondelle m\u00e9tallique.<br \/>\nVeuillez consulter le PDF Applications pour des exemples d&rsquo;installation.<\/p>\n<p>CARACT\u00c9RISTIQUES DYNAMIQUES<\/p>\n<p>D\u00e9flexion (\u00e0 charge maximale) : 8 mm<br \/>\nFr\u00e9quence naturelle : Vibro-Midi est adapt\u00e9<br \/>\npour faire face \u00e0 des vibrations de fr\u00e9quence<br \/>\nnaturelle sup\u00e9rieure \u00e0 8 Hz.<\/p>\n","protected":false},"featured_media":17884,"template":"","meta":[],"product_brand":[],"product_cat":[707],"product_tag":[],"class_list":{"0":"post-17887","1":"product","2":"type-product","3":"status-publish","4":"has-post-thumbnail","6":"product_cat-vibration-anti-bruit-acoustique-fr","8":"first","9":"instock","10":"shipping-taxable","11":"product-type-simple"},"_links":{"self":[{"href":"https:\/\/airsystems.ge\/shop\/fr\/wp-json\/wp\/v2\/product\/17887","targetHints":{"allow":["GET"]}}],"collection":[{"href":"https:\/\/airsystems.ge\/shop\/fr\/wp-json\/wp\/v2\/product"}],"about":[{"href":"https:\/\/airsystems.ge\/shop\/fr\/wp-json\/wp\/v2\/types\/product"}],"wp:featuredmedia":[{"embeddable":true,"href":"https:\/\/airsystems.ge\/shop\/fr\/wp-json\/wp\/v2\/media\/17884"}],"wp:attachment":[{"href":"https:\/\/airsystems.ge\/shop\/fr\/wp-json\/wp\/v2\/media?parent=17887"}],"wp:term":[{"taxonomy":"product_brand","embeddable":true,"href":"https:\/\/airsystems.ge\/shop\/fr\/wp-json\/wp\/v2\/product_brand?post=17887"},{"taxonomy":"product_cat","embeddable":true,"href":"https:\/\/airsystems.ge\/shop\/fr\/wp-json\/wp\/v2\/product_cat?post=17887"},{"taxonomy":"product_tag","embeddable":true,"href":"https:\/\/airsystems.ge\/shop\/fr\/wp-json\/wp\/v2\/product_tag?post=17887"}],"curies":[{"name":"wp","href":"https:\/\/api.w.org\/{rel}","templated":true}]}}