{"id":17871,"date":"2025-02-07T20:44:53","date_gmt":"2025-02-07T16:44:53","guid":{"rendered":"https:\/\/airsystems.ge\/shop\/product\/vibro-mini-anti-vibration-rubber-support-for-light-weight-machinery\/"},"modified":"2025-02-07T20:47:04","modified_gmt":"2025-02-07T16:47:04","slug":"vibro-mini-anti-vibration-rubber-support-for-light-weight-machinery","status":"publish","type":"product","link":"https:\/\/airsystems.ge\/shop\/fr\/produit\/vibro-mini-anti-vibration-rubber-support-for-light-weight-machinery\/","title":{"rendered":"Vibro-mini : Support antivibratoire en caoutchouc pour machines l\u00e9g\u00e8res"},"content":{"rendered":"","protected":false},"excerpt":{"rendered":"<p>Solution antivibratoire pour machines l\u00e9g\u00e8res. Peut \u00eatre utilis\u00e9 pour le montage ou la suspension antivibratoire de plafonds ou d&rsquo;\u00e9quipements CVC.<\/p>\n<p>DESCRIPTION<br \/>\nLe support antivibratoire en caoutchouc Vibro-mini est une solution \u00e0 faible co\u00fbt pour les probl\u00e8mes de vibrations<br \/>\ncaus\u00e9s par les machines de faible poids. C&rsquo;est une excellente solution pour le support antivibratoire de faibles<br \/>\ncharges axiales.<br \/>\nLe Vibro-mini peut \u00eatre fix\u00e9 avec un ancrage au sol, \u00eatre suspendu au plafond par des ancrages et \u00e9galement \u00eatre plac\u00e9 sur une base m\u00e9tallique avec une vis traversante de \u039c8 mm.<\/p>\n<p>En raison de sa conception pionni\u00e8re, le Vibro-mini offre une grande d\u00e9flexion lorsqu&rsquo;il est charg\u00e9. Comme on le sait, UNE D\u00c9FLEXION PLUS IMPORTANTE SIGNIFIE DE MEILLEURS R\u00c9SULTATS ANTIVIBRATIONS.<\/p>\n<p>Faites attention \u00e0 :<\/p>\n<p>La tige d&rsquo;ancrage de la suspension doit \u00eatre perpendiculaire.<br \/>\nLa vis traversante emp\u00eache la machine de tomber en cas de destruction de la partie \u00e9lastique. (Fail Safe)<br \/>\nLe poids de la machine doit \u00eatre appliqu\u00e9 sur la surface sup\u00e9rieure du Vibro-mini.<br \/>\nAPPLICATIONS<\/p>\n<p>SUPPORT ANTIVIBRATOIRE DE MACHINES<br \/>\nSUSPENSION DE MACHINES (Climatiseurs, Ventilateurs, etc.)<br \/>\nSUSPENSIONS D&rsquo;ISOLATION ACOUSTIQUE<br \/>\nPLAFONDS EN PLAQUES DE PL\u00c2TRE<br \/>\nATTENTION : Ne pas trop serrer la vis de fixation.<br \/>\nLa vis et l&rsquo;\u00e9crou ne doivent comprimer aucune des pi\u00e8ces \u00e9lastiques.<br \/>\nIl est important de ne pas oublier de faire passer le col du Vibro-mini dans le trou et de le placer sur la RONDELLE \u00c9LASTIQUE et sur la base m\u00e9tallique.<\/p>\n<p>CARACT\u00c9RISTIQUES DYNAMIQUES<\/p>\n<p>Plage de charge 8 \u2013 50 daN<br \/>\nFr\u00e9quence propre sup\u00e9rieure \u00e0 15 Hz.<\/p>\n","protected":false},"featured_media":17868,"template":"","meta":[],"product_brand":[],"product_cat":[707],"product_tag":[],"class_list":{"0":"post-17871","1":"product","2":"type-product","3":"status-publish","4":"has-post-thumbnail","6":"product_cat-vibration-anti-bruit-acoustique-fr","8":"first","9":"instock","10":"shipping-taxable","11":"product-type-simple"},"_links":{"self":[{"href":"https:\/\/airsystems.ge\/shop\/fr\/wp-json\/wp\/v2\/product\/17871","targetHints":{"allow":["GET"]}}],"collection":[{"href":"https:\/\/airsystems.ge\/shop\/fr\/wp-json\/wp\/v2\/product"}],"about":[{"href":"https:\/\/airsystems.ge\/shop\/fr\/wp-json\/wp\/v2\/types\/product"}],"wp:featuredmedia":[{"embeddable":true,"href":"https:\/\/airsystems.ge\/shop\/fr\/wp-json\/wp\/v2\/media\/17868"}],"wp:attachment":[{"href":"https:\/\/airsystems.ge\/shop\/fr\/wp-json\/wp\/v2\/media?parent=17871"}],"wp:term":[{"taxonomy":"product_brand","embeddable":true,"href":"https:\/\/airsystems.ge\/shop\/fr\/wp-json\/wp\/v2\/product_brand?post=17871"},{"taxonomy":"product_cat","embeddable":true,"href":"https:\/\/airsystems.ge\/shop\/fr\/wp-json\/wp\/v2\/product_cat?post=17871"},{"taxonomy":"product_tag","embeddable":true,"href":"https:\/\/airsystems.ge\/shop\/fr\/wp-json\/wp\/v2\/product_tag?post=17871"}],"curies":[{"name":"wp","href":"https:\/\/api.w.org\/{rel}","templated":true}]}}