{"id":17839,"date":"2025-02-07T20:25:37","date_gmt":"2025-02-07T16:25:37","guid":{"rendered":"https:\/\/airsystems.ge\/shop\/product\/vibro-qh-mini-sound-insulation-ceiling-hanger\/"},"modified":"2025-02-07T20:27:47","modified_gmt":"2025-02-07T16:27:47","slug":"vibro-qh-mini-sound-insulation-ceiling-hanger","status":"publish","type":"product","link":"https:\/\/airsystems.ge\/shop\/fr\/produit\/vibro-qh-mini-sound-insulation-ceiling-hanger\/","title":{"rendered":"Vibro-QH mini : Suspension pour plafond \u00e0 isolation phonique"},"content":{"rendered":"<p>Maximum Load : 20 &amp; 50 daN<\/p>\n<p>Natural frequency achieved : 15Hz.<\/p>\n<p>Note: The anchor of suspension must be perpendicular.<\/p>\n","protected":false},"excerpt":{"rendered":"<p>Suspensions antivibratoires avec connexion rapide au profil\u00e9 m\u00e9tallique des syst\u00e8mes de plafond<\/p>\n<p>Le Vibro-mini peut \u00eatre combin\u00e9 avec une suspension en m\u00e9tal galvanis\u00e9 renforc\u00e9e et modul\u00e9e appropri\u00e9e, pour cr\u00e9er le Vibro-QH mini Suspension pour plafond \u00e0 isolation phonique, offrant une isolation vibratoire sur une isolation phonique pour les plafonds en plaques de pl\u00e2tre. Le trou en caoutchouc du Vibro-mini est de \u00d88 mm pour le boulon de passage. Une longue tige filet\u00e9e peut \u00eatre utilis\u00e9e pour r\u00e9gler la hauteur du faux plafond.<\/p>\n<p>Le suspension est dot\u00e9 de bords de pr\u00e9hension pour une connexion rapide et facile aux profils de plafond standard 60 x 27 mm, selon DIN 186182-1.<br \/>\nCes bords facilitent l&rsquo;adaptation au profil m\u00e9tallique standard des faux plafonds afin qu&rsquo;il puisse \u00eatre facilement manipul\u00e9.<br \/>\nPar cons\u00e9quent, le co\u00fbt de travail est r\u00e9duit et cela facilite \u00e9galement le travail de l&rsquo;installateur.<\/p>\n<p>APPLICATIONS<\/p>\n<p>FAUSSE ISOLATION ACOUSTIQUE<br \/>\nSUSPENSION DE PLAFOND<br \/>\nCONNEXION RAPIDE avec le profil\u00e9 m\u00e9tallique des syst\u00e8mes de plafond<\/p>\n","protected":false},"featured_media":17832,"template":"","meta":[],"product_brand":[],"product_cat":[707],"product_tag":[],"class_list":{"0":"post-17839","1":"product","2":"type-product","3":"status-publish","4":"has-post-thumbnail","6":"product_cat-vibration-anti-bruit-acoustique-fr","8":"first","9":"instock","10":"shipping-taxable","11":"product-type-simple"},"_links":{"self":[{"href":"https:\/\/airsystems.ge\/shop\/fr\/wp-json\/wp\/v2\/product\/17839","targetHints":{"allow":["GET"]}}],"collection":[{"href":"https:\/\/airsystems.ge\/shop\/fr\/wp-json\/wp\/v2\/product"}],"about":[{"href":"https:\/\/airsystems.ge\/shop\/fr\/wp-json\/wp\/v2\/types\/product"}],"wp:featuredmedia":[{"embeddable":true,"href":"https:\/\/airsystems.ge\/shop\/fr\/wp-json\/wp\/v2\/media\/17832"}],"wp:attachment":[{"href":"https:\/\/airsystems.ge\/shop\/fr\/wp-json\/wp\/v2\/media?parent=17839"}],"wp:term":[{"taxonomy":"product_brand","embeddable":true,"href":"https:\/\/airsystems.ge\/shop\/fr\/wp-json\/wp\/v2\/product_brand?post=17839"},{"taxonomy":"product_cat","embeddable":true,"href":"https:\/\/airsystems.ge\/shop\/fr\/wp-json\/wp\/v2\/product_cat?post=17839"},{"taxonomy":"product_tag","embeddable":true,"href":"https:\/\/airsystems.ge\/shop\/fr\/wp-json\/wp\/v2\/product_tag?post=17839"}],"curies":[{"name":"wp","href":"https:\/\/api.w.org\/{rel}","templated":true}]}}