{"id":17749,"date":"2025-02-07T20:04:24","date_gmt":"2025-02-07T16:04:24","guid":{"rendered":"https:\/\/airsystems.ge\/shop\/product\/vibro-pb-f-anti-vibration-braces-for-floating-drywall-systems-with-regufoam\/"},"modified":"2025-02-07T20:08:02","modified_gmt":"2025-02-07T16:08:02","slug":"vibro-pb-f-anti-vibration-braces-for-floating-drywall-systems-with-regufoam","status":"publish","type":"product","link":"https:\/\/airsystems.ge\/shop\/fr\/produit\/vibro-pb-f-anti-vibration-braces-for-floating-drywall-systems-with-regufoam\/","title":{"rendered":"Vibro-PB.F : Supports antivibratoires pour syst\u00e8mes de cloisons s\u00e8ches flottantes avec Regufoam\u00ae"},"content":{"rendered":"<h5><strong>Selection Table:<\/strong><\/h5>\n<table class=\"tg\">\n<thead>\n<tr>\n<th class=\"tg-amwm\">TYPE<\/th>\n<th class=\"tg-amwm\">COLOUR CODE<\/th>\n<th class=\"tg-amwm\">MAX AXIAL RESTRAINT (daN)<\/th>\n<\/tr>\n<\/thead>\n<tbody>\n<tr>\n<td class=\"tg-baqh\">Vibro-PB.F 10<\/td>\n<td class=\"tg-baqh\">Black<\/td>\n<td class=\"tg-baqh\">10<\/td>\n<\/tr>\n<tr>\n<td class=\"tg-baqh\">Vibro-PB.F 20<\/td>\n<td class=\"tg-baqh\">Grey<\/td>\n<td class=\"tg-baqh\">20<\/td>\n<\/tr>\n<tr>\n<td class=\"tg-baqh\">Vibro-PB.F 40<\/td>\n<td class=\"tg-baqh\">Beige<\/td>\n<td class=\"tg-baqh\">40<\/td>\n<\/tr>\n<\/tbody>\n<\/table>\n<p><strong>Dynamic Characteristics:<\/strong><\/p>\n<p>Natural frequency (at maximum load) :<br \/>\n\u2013 14 Hz (12.5mm foam thickness)<br \/>\n\u2013 10 Hz (25mm foam thickness)<\/p>\n","protected":false},"excerpt":{"rendered":"<p>Les supports muraux sont utilis\u00e9s comme supports antivibratoires pour les cloisons s\u00e8ches flottantes. L&rsquo;utilisation de ces supports antivibratoires est recommand\u00e9e pour les murs d&rsquo;une hauteur assez \u00e9lev\u00e9e. Cette application augmente la rigidit\u00e9 dynamique du mur, ainsi que la protection sismique de la structure.<\/p>\n<p>Les supports muraux Vibro-PB.F sont utilis\u00e9s comme supports antivibratoires pour les syst\u00e8mes de construction de cloisons s\u00e8ches flottantes, lorsque ces murs sont install\u00e9s antivibratoirement sur un plancher flottant. L&rsquo;utilisation de ces supports antivibratoires est recommand\u00e9e pour les murs d&rsquo;une hauteur assez \u00e9lev\u00e9e. Cette application augmente la rigidit\u00e9 dynamique du mur, ainsi que la protection sismique de la structure.<\/p>\n<p>L&rsquo;utilisation de ce support \u00e9vite la cr\u00e9ation de pont sonore entre deux murs et permet ainsi d&rsquo;obtenir une isolation sonore du bruit structurel.<\/p>\n<p>Sa construction astucieuse avec l&rsquo;insertion d&rsquo;un \u00e9l\u00e9ment m\u00e9tallique interm\u00e9diaire permet de retenir \u00e0 la fois les forces de compression et de traction. La fixation au montant vertical de la plaque de pl\u00e2tre ne n\u00e9cessite pas l&rsquo;utilisation d&rsquo;une vis passante, il suffit d&rsquo;utiliser des vis autotaraudeuses courantes qui le relient au montant m\u00e9tallique.<\/p>\n<p>L&rsquo;\u00e9l\u00e9ment antivibratoire interm\u00e9diaire est constitu\u00e9 de mousse de polyur\u00e9thane semi-ferm\u00e9e (Regufoam) produite en Allemagne par la soci\u00e9t\u00e9 BSW REGUPOL.<\/p>\n<p>\u00c0 sa base, il est \u00e9quip\u00e9 de trous ovales pour faciliter l&rsquo;installation.<\/p>\n","protected":false},"featured_media":17726,"template":"","meta":[],"product_brand":[],"product_cat":[707],"product_tag":[],"class_list":{"0":"post-17749","1":"product","2":"type-product","3":"status-publish","4":"has-post-thumbnail","6":"product_cat-vibration-anti-bruit-acoustique-fr","8":"first","9":"instock","10":"shipping-taxable","11":"product-type-simple"},"_links":{"self":[{"href":"https:\/\/airsystems.ge\/shop\/fr\/wp-json\/wp\/v2\/product\/17749","targetHints":{"allow":["GET"]}}],"collection":[{"href":"https:\/\/airsystems.ge\/shop\/fr\/wp-json\/wp\/v2\/product"}],"about":[{"href":"https:\/\/airsystems.ge\/shop\/fr\/wp-json\/wp\/v2\/types\/product"}],"wp:featuredmedia":[{"embeddable":true,"href":"https:\/\/airsystems.ge\/shop\/fr\/wp-json\/wp\/v2\/media\/17726"}],"wp:attachment":[{"href":"https:\/\/airsystems.ge\/shop\/fr\/wp-json\/wp\/v2\/media?parent=17749"}],"wp:term":[{"taxonomy":"product_brand","embeddable":true,"href":"https:\/\/airsystems.ge\/shop\/fr\/wp-json\/wp\/v2\/product_brand?post=17749"},{"taxonomy":"product_cat","embeddable":true,"href":"https:\/\/airsystems.ge\/shop\/fr\/wp-json\/wp\/v2\/product_cat?post=17749"},{"taxonomy":"product_tag","embeddable":true,"href":"https:\/\/airsystems.ge\/shop\/fr\/wp-json\/wp\/v2\/product_tag?post=17749"}],"curies":[{"name":"wp","href":"https:\/\/api.w.org\/{rel}","templated":true}]}}