{"id":17721,"date":"2025-02-07T19:55:29","date_gmt":"2025-02-07T15:55:29","guid":{"rendered":"https:\/\/airsystems.ge\/shop\/product\/vibro-%cf%89mega-f-anti-vibration-braces-for-floating-drywall-systems-and-anti-vibration-suspensions-with-regufoam\/"},"modified":"2025-02-07T20:01:21","modified_gmt":"2025-02-07T16:01:21","slug":"vibro-%cf%89mega-f-anti-vibration-braces-for-floating-drywall-systems-and-anti-vibration-suspensions-with-regufoam","status":"publish","type":"product","link":"https:\/\/airsystems.ge\/shop\/fr\/produit\/vibro-%cf%89mega-f-anti-vibration-braces-for-floating-drywall-systems-and-anti-vibration-suspensions-with-regufoam\/","title":{"rendered":"Vibro-\u03a9mega.F : Supports antivibratoires pour syst\u00e8mes de cloisons s\u00e8ches flottantes et suspensions antivibratoires avec Regufoam\u00ae"},"content":{"rendered":"<h5><strong>Selection Table:<\/strong><\/h5>\n<table class=\"tg\">\n<thead>\n<tr>\n<th class=\"tg-amwm\">TYPE<\/th>\n<th class=\"tg-amwm\">COLOUR CODE<\/th>\n<th class=\"tg-amwm\">MAX AXIAL RESTRAINT (daN)<\/th>\n<\/tr>\n<\/thead>\n<tbody>\n<tr>\n<td class=\"tg-baqh\">\u03a9mega.F 10<\/td>\n<td class=\"tg-baqh\">Black<\/td>\n<td class=\"tg-baqh\">10<\/td>\n<\/tr>\n<tr>\n<td class=\"tg-baqh\">\u03a9mega.F 20<\/td>\n<td class=\"tg-baqh\">Grey<\/td>\n<td class=\"tg-baqh\">20<\/td>\n<\/tr>\n<tr>\n<td class=\"tg-baqh\">\u03a9mega.F 40<\/td>\n<td class=\"tg-baqh\">Beige<\/td>\n<td class=\"tg-baqh\">40<\/td>\n<\/tr>\n<\/tbody>\n<\/table>\n<p><strong>Dynamic Characteristics:<\/strong><\/p>\n<p>Natural frequency (at maximum load) :<br \/>\n\u2013 14 Hz (12.5mm foam thickness)<br \/>\n\u2013 10 Hz (25mm foam thickness)<\/p>\n","protected":false},"excerpt":{"rendered":"<p>Supports antivibratoires pour syst\u00e8mes de cloisons s\u00e8ches flottantes et suspensions antivibratoires avec Regufoam\u00ae<\/p>\n<p>Les supports muraux Vibro-\u03a9mega.F sont utilis\u00e9s comme supports antivibratoires pour les syst\u00e8mes de construction de cloisons s\u00e8ches flottantes, lorsque ces murs sont install\u00e9s antivibratoirement sur un plancher flottant. L&rsquo;utilisation de ces supports antivibratoires est recommand\u00e9e pour les murs d&rsquo;une hauteur assez \u00e9lev\u00e9e. Cette application augmente la rigidit\u00e9 dynamique du mur, ainsi que la protection sismique de la structure.<\/p>\n<p>L&rsquo;utilisation de ce support \u00e9vite la cr\u00e9ation de pont sonore entre deux murs et permet ainsi l&rsquo;isolation sonore du bruit structurel.<\/p>\n<p>Sa construction astucieuse avec l&rsquo;insertion d&rsquo;un \u00e9l\u00e9ment m\u00e9tallique interm\u00e9diaire permet de retenir \u00e0 la fois les forces de compression et de traction. L&rsquo;\u00e9l\u00e9ment antivibratoire interm\u00e9diaire est constitu\u00e9 de mousse de polyur\u00e9thane semi-ferm\u00e9e (Regufoam).<\/p>\n<p>Afin de r\u00e9pondre \u00e0 davantage d&rsquo;exigences de construction, il est produit, \u00e0 la fois avec filetage m\u00e2le M6 et M 8 mm, ainsi qu&rsquo;avec filetage femelle interne M6 mm.<\/p>\n<p>\u00c0 sa base, il est \u00e9quip\u00e9 de trous ovales pour faciliter l&rsquo;installation.<\/p>\n<p>L&rsquo;utilisation anti-vibratoire Vibro-\u03a9mega.F. est \u00e9galement appliqu\u00e9e dans le support \/ la suspension de syst\u00e8mes de tuyauterie aux murs ou aux plafonds en \u00e9vitant la transmission des vibrations.<\/p>\n","protected":false},"featured_media":17686,"template":"","meta":[],"product_brand":[],"product_cat":[707],"product_tag":[],"class_list":{"0":"post-17721","1":"product","2":"type-product","3":"status-publish","4":"has-post-thumbnail","6":"product_cat-vibration-anti-bruit-acoustique-fr","8":"first","9":"instock","10":"shipping-taxable","11":"product-type-simple"},"_links":{"self":[{"href":"https:\/\/airsystems.ge\/shop\/fr\/wp-json\/wp\/v2\/product\/17721","targetHints":{"allow":["GET"]}}],"collection":[{"href":"https:\/\/airsystems.ge\/shop\/fr\/wp-json\/wp\/v2\/product"}],"about":[{"href":"https:\/\/airsystems.ge\/shop\/fr\/wp-json\/wp\/v2\/types\/product"}],"wp:featuredmedia":[{"embeddable":true,"href":"https:\/\/airsystems.ge\/shop\/fr\/wp-json\/wp\/v2\/media\/17686"}],"wp:attachment":[{"href":"https:\/\/airsystems.ge\/shop\/fr\/wp-json\/wp\/v2\/media?parent=17721"}],"wp:term":[{"taxonomy":"product_brand","embeddable":true,"href":"https:\/\/airsystems.ge\/shop\/fr\/wp-json\/wp\/v2\/product_brand?post=17721"},{"taxonomy":"product_cat","embeddable":true,"href":"https:\/\/airsystems.ge\/shop\/fr\/wp-json\/wp\/v2\/product_cat?post=17721"},{"taxonomy":"product_tag","embeddable":true,"href":"https:\/\/airsystems.ge\/shop\/fr\/wp-json\/wp\/v2\/product_tag?post=17721"}],"curies":[{"name":"wp","href":"https:\/\/api.w.org\/{rel}","templated":true}]}}