{"id":17659,"date":"2025-02-07T19:44:22","date_gmt":"2025-02-07T15:44:22","guid":{"rendered":"https:\/\/airsystems.ge\/shop\/product\/vibro-band-intermediate-anti-vibration-band-for-wooden-floors\/"},"modified":"2025-02-07T19:48:03","modified_gmt":"2025-02-07T15:48:03","slug":"vibro-band-intermediate-anti-vibration-band-for-wooden-floors","status":"publish","type":"product","link":"https:\/\/airsystems.ge\/shop\/fr\/produit\/vibro-band-intermediate-anti-vibration-band-for-wooden-floors\/","title":{"rendered":"Vibro-Band : Bande antivibratoire interm\u00e9diaire pour parquets"},"content":{"rendered":"","protected":false},"excerpt":{"rendered":"<p>Vibro-Band est utilis\u00e9 comme bande antivibratoire interm\u00e9diaire entre les plinthes et les parquets flottants.<\/p>\n<p>APPLICATIONS<\/p>\n<p>Vibro-Band est utilis\u00e9 comme bande antivibratoire interm\u00e9diaire entre les plinthes et les parquets flottants. En utilisant Vibro-Band, le passage du son et des vibrations \u00e0 travers les plinthes est emp\u00each\u00e9.<\/p>\n<p>DESCRIPTION<\/p>\n<p>Le profil antivibratoire Vibro-Band est fabriqu\u00e9 en caoutchouc synth\u00e9tique sp\u00e9cial.<\/p>\n<p>Sa conception innovante assure :<br \/>\n\u2022 Une installation facile.<br \/>\n\u2022 La pr\u00e9vention d&rsquo;un \u00e9ventuel pont sonore.<br \/>\n\u2022 L&rsquo;imperm\u00e9abilisation du sol.<br \/>\n\u2022 Une installation solide entre les plinthes et le parquet en bois.<\/p>\n<p>La bande antivibratoire interm\u00e9diaire Vibro-Band est un accessoire n\u00e9cessaire dans les parquets clou\u00e9s en bois lorsqu&rsquo;il est utilis\u00e9 avec les supports antivibratoires Vibro-FM ou Vibro-FS afin d&rsquo;\u00e9viter les vibrations transmises lat\u00e9ralement.<\/p>\n<p>INSTALLATION<\/p>\n<p>Pendant la pose du parquet, il faut laisser un espace suffisant entre le parquet et le mur afin d&rsquo;\u00e9viter les ponts sonores (4 \u2013 8 mm).<br \/>\nPlacez le Vibro-Band dans l&rsquo;espace en appuyant dessus. Il se fixe facilement gr\u00e2ce \u00e0 ses languettes, mais si n\u00e9cessaire, sa partie sup\u00e9rieure peut \u00eatre clou\u00e9e au mur.<br \/>\nEnfin, placez la plinthe sur le Vibro-Band.<\/p>\n","protected":false},"featured_media":17667,"template":"","meta":[],"product_brand":[],"product_cat":[707],"product_tag":[],"class_list":{"0":"post-17659","1":"product","2":"type-product","3":"status-publish","4":"has-post-thumbnail","6":"product_cat-vibration-anti-bruit-acoustique-fr","8":"first","9":"instock","10":"shipping-taxable","11":"product-type-simple"},"_links":{"self":[{"href":"https:\/\/airsystems.ge\/shop\/fr\/wp-json\/wp\/v2\/product\/17659","targetHints":{"allow":["GET"]}}],"collection":[{"href":"https:\/\/airsystems.ge\/shop\/fr\/wp-json\/wp\/v2\/product"}],"about":[{"href":"https:\/\/airsystems.ge\/shop\/fr\/wp-json\/wp\/v2\/types\/product"}],"wp:featuredmedia":[{"embeddable":true,"href":"https:\/\/airsystems.ge\/shop\/fr\/wp-json\/wp\/v2\/media\/17667"}],"wp:attachment":[{"href":"https:\/\/airsystems.ge\/shop\/fr\/wp-json\/wp\/v2\/media?parent=17659"}],"wp:term":[{"taxonomy":"product_brand","embeddable":true,"href":"https:\/\/airsystems.ge\/shop\/fr\/wp-json\/wp\/v2\/product_brand?post=17659"},{"taxonomy":"product_cat","embeddable":true,"href":"https:\/\/airsystems.ge\/shop\/fr\/wp-json\/wp\/v2\/product_cat?post=17659"},{"taxonomy":"product_tag","embeddable":true,"href":"https:\/\/airsystems.ge\/shop\/fr\/wp-json\/wp\/v2\/product_tag?post=17659"}],"curies":[{"name":"wp","href":"https:\/\/api.w.org\/{rel}","templated":true}]}}