{"id":17518,"date":"2025-02-07T18:37:49","date_gmt":"2025-02-07T14:37:49","guid":{"rendered":"https:\/\/airsystems.ge\/shop\/product\/vibro-sh-f-vibration-isolation-of-low-and-high-frequencies\/"},"modified":"2025-02-07T18:41:16","modified_gmt":"2025-02-07T14:41:16","slug":"vibro-sh-f-vibration-isolation-of-low-and-high-frequencies","status":"publish","type":"product","link":"https:\/\/airsystems.ge\/shop\/fr\/produit\/vibro-sh-f-vibration-isolation-of-low-and-high-frequencies\/","title":{"rendered":"Vibro-SH.F : Isolation des vibrations de basses et hautes fr\u00e9quences"},"content":{"rendered":"<p><a class=\"swipebox\" title=\"Vibro-SH.F Selection Table\" href=\"https:\/\/antivibration-systems.com\/wp-content\/uploads\/2012\/10\/Vibro-SH.F-Selection-Table.jpg\" data-rel=\"lightbox-gallery-bGlnaHRib3gtZ2FsbGVyeS0w\" data-rl_title=\"Vibro-SH.F Selection Table\" data-rl_caption=\"\"><img loading=\"lazy\" decoding=\"async\" class=\"aligncenter wp-image-10744\" src=\"https:\/\/antivibration-systems.com\/wp-content\/uploads\/2012\/10\/Vibro-SH.F-Selection-Table.jpg\" alt=\"Selection Table Vibro-SH.F\" width=\"508\" height=\"217\" \/><\/a><\/p>\n","protected":false},"excerpt":{"rendered":"<p>Combinaison de caoutchouc sp\u00e9cial et de ressort m\u00e9tallique pour une meilleure isolation des vibrations de basses et hautes fr\u00e9quences per\u00e7ues par l&rsquo;oreille humaine<\/p>\n<p>DESCRIPTION<\/p>\n<p>L&rsquo;isolateur de vibrations de basses et hautes fr\u00e9quences Vibro-SH.F est une combinaison de mousse cellulaire en polyur\u00e9thane de haute qualit\u00e9 (Regufoam\u00ae) et d&rsquo;un ressort m\u00e9tallique, sp\u00e9cialement con\u00e7u pour isoler une tr\u00e8s large gamme de fr\u00e9quences de vibration, dans le spectre auditif humain.<\/p>\n<p>Vibro-SH.F se compose de :<\/p>\n<p>Cadre en acier avec finition peinte ou protection galvanis\u00e9e.<br \/>\nRessort en acier conforme \u00e0 la norme DIN avec finition galvanis\u00e9e.<br \/>\nCoupelle en acier pour emp\u00eacher le mouvement du ressort.<br \/>\n\u00c9l\u00e9ment en caoutchouc (mousse de polyur\u00e9thane \u00e0 cellules semi-ferm\u00e9es).<br \/>\nTige avec \u00e9crou de s\u00e9curit\u00e9 (sur demande).<br \/>\nLa \u200b\u200bpossibilit\u00e9 de d\u00e9salignement angulaire jusqu&rsquo;\u00e0 30 degr\u00e9s sans contact avec le cadre m\u00e9tallique.<br \/>\nKit de pr\u00e9charge (sur demande).<br \/>\nAPPLICATIONS<\/p>\n<p>Suspension anti-vibratoire pour plafond (faux plafond avec plaque de pl\u00e2tre)<br \/>\nSuspension anti-vibratoire pour machines<br \/>\nIsolation des vibrations des tuyaux, conduits d&rsquo;air, haut-parleurs, etc.<br \/>\nCARACT\u00c9RISTIQUES DYNAMIQUES<\/p>\n<p>Fr\u00e9quence naturelle 3 Hz \u00e0 charge maximale.<br \/>\nD\u00e9viation statique d&rsquo;environ 25 mm \u00e0 charge maximale.<\/p>\n<p>INSTALLATION<\/p>\n<p>1. Placez chaque isolateur de vibrations Vibro-SH.F en position conform\u00e9ment au plan de soumission en utilisant des ressorts \u00e0 code couleur ou un \u00e9tiquetage comme identification.<br \/>\n2. Fixez solidement le support \u00e0 ressort Vibro-SH.F au plafond sup\u00e9rieur, pour obtenir l&rsquo;espacement correct entre les isolateurs.<br \/>\n3. Ajustez la tige pour fixer le niveau appropri\u00e9 afin de r\u00e9partir uniform\u00e9ment la charge entre les isolateurs \u00e0 ressort.<br \/>\n4. V\u00e9rifiez que l&rsquo;alignement avec le cadre m\u00e9tallique du faux plafond est ad\u00e9quat.<\/p>\n","protected":false},"featured_media":17515,"template":"","meta":[],"product_brand":[],"product_cat":[707],"product_tag":[],"class_list":{"0":"post-17518","1":"product","2":"type-product","3":"status-publish","4":"has-post-thumbnail","6":"product_cat-vibration-anti-bruit-acoustique-fr","8":"first","9":"instock","10":"shipping-taxable","11":"product-type-simple"},"_links":{"self":[{"href":"https:\/\/airsystems.ge\/shop\/fr\/wp-json\/wp\/v2\/product\/17518","targetHints":{"allow":["GET"]}}],"collection":[{"href":"https:\/\/airsystems.ge\/shop\/fr\/wp-json\/wp\/v2\/product"}],"about":[{"href":"https:\/\/airsystems.ge\/shop\/fr\/wp-json\/wp\/v2\/types\/product"}],"wp:featuredmedia":[{"embeddable":true,"href":"https:\/\/airsystems.ge\/shop\/fr\/wp-json\/wp\/v2\/media\/17515"}],"wp:attachment":[{"href":"https:\/\/airsystems.ge\/shop\/fr\/wp-json\/wp\/v2\/media?parent=17518"}],"wp:term":[{"taxonomy":"product_brand","embeddable":true,"href":"https:\/\/airsystems.ge\/shop\/fr\/wp-json\/wp\/v2\/product_brand?post=17518"},{"taxonomy":"product_cat","embeddable":true,"href":"https:\/\/airsystems.ge\/shop\/fr\/wp-json\/wp\/v2\/product_cat?post=17518"},{"taxonomy":"product_tag","embeddable":true,"href":"https:\/\/airsystems.ge\/shop\/fr\/wp-json\/wp\/v2\/product_tag?post=17518"}],"curies":[{"name":"wp","href":"https:\/\/api.w.org\/{rel}","templated":true}]}}