{"id":17436,"date":"2025-02-07T17:54:22","date_gmt":"2025-02-07T13:54:22","guid":{"rendered":"https:\/\/airsystems.ge\/shop\/product\/vibro-ch-mini-multiform-anti-vibration-suspension\/"},"modified":"2025-02-07T18:03:47","modified_gmt":"2025-02-07T14:03:47","slug":"vibro-ch-mini-multiform-anti-vibration-suspension","status":"publish","type":"product","link":"https:\/\/airsystems.ge\/shop\/fr\/produit\/vibro-ch-mini-multiform-anti-vibration-suspension\/","title":{"rendered":"Vibro-CH mini : Suspension antivibratoire multiforme"},"content":{"rendered":"<p><strong>Dynamic Characteristics<\/strong><\/p>\n<p>Maximum Load:\u00a0<strong>20\u00a0daN &amp; 50 daN<\/strong><\/p>\n<p>Natural frequency over the\u00a0<strong>10Hz.<\/strong><\/p>\n<p>More loads upon request.<\/p>\n","protected":false},"excerpt":{"rendered":"<p>La suspension antivibratoire Vibro-CH Mini | Multiform se compose d&rsquo;un cadre m\u00e9tallique en acier galvanis\u00e9 avec des encoches aux endroits appropri\u00e9s et du support antivibratoire Vibro mini<\/p>\n<p>DESCRIPTION<\/p>\n<p>Suspension multiforme utilisant le support en caoutchouc antivibratoire Vibro-mini \u2013 Vibro-CH mini :<\/p>\n<p>Suspension antivibratoire de machines (ventilateurs, climatisation, etc.)<br \/>\nSuspension de faux plafonds insonorisants (plaques de pl\u00e2tre).<br \/>\nSuspension antivibratoire de tuyaux, conduits d&rsquo;air.<br \/>\nVibro-CH mini se compose d&rsquo;un cadre m\u00e9tallique lourd galvanis\u00e9 et du support en caoutchouc antivibratoire Vibro-mini. Habituellement, le cadre m\u00e9tallique est livr\u00e9 sous forme aplatie. Le cadre m\u00e9tallique peut \u00eatre facilement transform\u00e9 en l&rsquo;une des 3 formes pr\u00e9sent\u00e9es sur les figures.<\/p>\n<p>FORMES<\/p>\n<p>La suspension antivibratoire multiforme Vibro-CH mini peut \u00eatre utilis\u00e9e dans les formes suivantes\u00a0:<\/p>\n<p>Forme (1)\u00a0: viss\u00e9e des deux c\u00f4t\u00e9s du profil de suspension m\u00e9tallique.<br \/>\nForme (2)\u00a0: viss\u00e9e avec 2 ancrages au plafond.<br \/>\nForme (3)\u00a0: fix\u00e9e avec 1 ancrage au plafond.<br \/>\nForme (4)\u00a0: suspendue avec un crochet.<a class=\"swipebox\" title=\"CH-MINI DIMENSIONS\" href=\"https:\/\/antivibration-systems.com\/wp-content\/uploads\/2012\/10\/CH-MINI-%CF%83%CE%B5-2-%CF%83%CE%B5%CE%B9%CF%81%CE%AD%CF%82.jpg\" target=\"_blank\" rel=\"noopener\" data-rel=\"lightbox-gallery-bGlnaHRib3gtZ2FsbGVyeS0w\" data-rl_title=\"CH-MINI DIMENSIONS\" data-rl_caption=\"\"><img loading=\"lazy\" decoding=\"async\" class=\"aligncenter wp-image-10594\" src=\"https:\/\/antivibration-systems.com\/wp-content\/uploads\/2012\/10\/CH-MINI-%CF%83%CE%B5-2-%CF%83%CE%B5%CE%B9%CF%81%CE%AD%CF%82.jpg\" alt=\"\" width=\"300\" height=\"300\" \/><\/a><\/p>\n<p>INSTALLATION<\/p>\n<p>Marquer le quadrillage et la position du support de plafond sur le plafond<br \/>\nnon isol\u00e9 existant.<br \/>\nFixer le support dans le plafond en b\u00e9ton \u00e0 l&rsquo;aide d&rsquo;une cheville affleurante en acier<br \/>\nM8 et d&rsquo;une tige appropri\u00e9e passant \u00e0 travers l&rsquo;\u00e9l\u00e9ment en caoutchouc du<br \/>\nsupport, fixer avec un \u00e9crou de s\u00e9curit\u00e9.<br \/>\nLes supports sont plac\u00e9s en fonction des dimensions de la pi\u00e8ce et du<br \/>\npoids total du plafond, environ 4 supports\/m\u00b2.<br \/>\nFixer les pieds de l&rsquo;isolateur dans le profil principal \u00e0 l&rsquo;aide de 2+2 vis<br \/>\nappropri\u00e9es.<br \/>\nTous les canaux m\u00e9talliques ne doivent pas entrer en contact avec les murs<br \/>\np\u00e9riph\u00e9riques (\u00e9vitant les ponts sonores).<br \/>\nPour proc\u00e9der \u00e0 un r\u00e9glage de niveau, tournez l&rsquo;\u00e9crou inf\u00e9rieur dans<br \/>\nle sens appropri\u00e9 jusqu&rsquo;\u00e0 ce qu&rsquo;il atteigne le niveau requis.<br \/>\nInstallez le syst\u00e8me Gymsumboard, y compris les dalles d&rsquo;absorption<br \/>\nsonore et les membranes d&rsquo;isolation phonique, conform\u00e9ment aux instructions du fabricant<br \/>\nGymsumboard.<br \/>\nScellez les bords avec du mastic r\u00e9silient non durcissant.<\/p>\n<p><strong>\u00a0<\/strong><\/p>\n","protected":false},"featured_media":17413,"template":"","meta":[],"product_brand":[],"product_cat":[707],"product_tag":[],"class_list":{"0":"post-17436","1":"product","2":"type-product","3":"status-publish","4":"has-post-thumbnail","6":"product_cat-vibration-anti-bruit-acoustique-fr","8":"first","9":"instock","10":"shipping-taxable","11":"product-type-simple"},"_links":{"self":[{"href":"https:\/\/airsystems.ge\/shop\/fr\/wp-json\/wp\/v2\/product\/17436","targetHints":{"allow":["GET"]}}],"collection":[{"href":"https:\/\/airsystems.ge\/shop\/fr\/wp-json\/wp\/v2\/product"}],"about":[{"href":"https:\/\/airsystems.ge\/shop\/fr\/wp-json\/wp\/v2\/types\/product"}],"wp:featuredmedia":[{"embeddable":true,"href":"https:\/\/airsystems.ge\/shop\/fr\/wp-json\/wp\/v2\/media\/17413"}],"wp:attachment":[{"href":"https:\/\/airsystems.ge\/shop\/fr\/wp-json\/wp\/v2\/media?parent=17436"}],"wp:term":[{"taxonomy":"product_brand","embeddable":true,"href":"https:\/\/airsystems.ge\/shop\/fr\/wp-json\/wp\/v2\/product_brand?post=17436"},{"taxonomy":"product_cat","embeddable":true,"href":"https:\/\/airsystems.ge\/shop\/fr\/wp-json\/wp\/v2\/product_cat?post=17436"},{"taxonomy":"product_tag","embeddable":true,"href":"https:\/\/airsystems.ge\/shop\/fr\/wp-json\/wp\/v2\/product_tag?post=17436"}],"curies":[{"name":"wp","href":"https:\/\/api.w.org\/{rel}","templated":true}]}}