{"id":17407,"date":"2025-02-07T17:46:33","date_gmt":"2025-02-07T13:46:33","guid":{"rendered":"https:\/\/airsystems.ge\/shop\/product\/vibro-ch-f-suspended-anti-vibration-hanger-with-regufoam\/"},"modified":"2025-02-07T17:50:37","modified_gmt":"2025-02-07T13:50:37","slug":"vibro-ch-f-suspended-anti-vibration-hanger-with-regufoam","status":"publish","type":"product","link":"https:\/\/airsystems.ge\/shop\/fr\/produit\/vibro-ch-f-suspended-anti-vibration-hanger-with-regufoam\/","title":{"rendered":"Vibro CH.F : Suspension antivibratoire avec Regufoam\u00ae"},"content":{"rendered":"<p><a class=\"swipebox\" title=\"Vibro-CH.F Selection Table\" href=\"https:\/\/antivibration-systems.com\/wp-content\/uploads\/2012\/10\/CH.F-Selection-Table.jpg\" data-rel=\"lightbox-gallery-bGlnaHRib3gtZ2FsbGVyeS0w\" data-rl_title=\"Vibro-CH.F Selection Table\" data-rl_caption=\"\"><img loading=\"lazy\" decoding=\"async\" class=\"wp-image-10722 aligncenter\" src=\"https:\/\/antivibration-systems.com\/wp-content\/uploads\/2012\/10\/CH.F-Selection-Table.jpg\" alt=\" selection table for Vibro-QH.F\" width=\"554\" height=\"156\" \/><\/a><\/p>\n","protected":false},"excerpt":{"rendered":"<p>Suspension antivibratoire avec Regufoam\u00ae, pour la suspension antivibratoire de machines telles que ventilateurs, climatisation, gymnase, etc.<\/p>\n<p>La suspension antivibratoire avec Regufoam\u00ae est disponible en 4 \u00e9paisseurs diff\u00e9rentes, qui peuvent alterner la fr\u00e9quence naturelle obtenue dans chaque projet.<br \/>\nElle peut \u00eatre utilis\u00e9e pour :<br \/>\nSuspension antivibratoire de machines (ventilateurs, climatisation, etc.)<br \/>\nSuspension de faux plafonds insonorisants (plaques de pl\u00e2tre).<br \/>\nSuspension antivibratoire de tuyaux, conduits d&rsquo;air.<br \/>\nLe cadre de Vibro CH.F est en m\u00e9tal galvanis\u00e9. Les incisions pr\u00e9cis\u00e9ment con\u00e7ues permettent de plier facilement son cadre, selon certaines formes, ce qui peut \u00eatre r\u00e9alis\u00e9 par la force d&rsquo;une seule main. Par cons\u00e9quent, Vibro CH.F peut \u00eatre facilement transform\u00e9 en 4 formes diff\u00e9rentes, afin d&rsquo;aider l&rsquo;installateur \u00e0 l&rsquo;utiliser sous la forme la plus favorable.<\/p>\n<p>Il peut \u00eatre utilis\u00e9 sous les formes suivantes :<\/p>\n<p>Mod\u00e8le (1) viss\u00e9 des deux c\u00f4t\u00e9s du profil de suspension m\u00e9tallique.<br \/>\nMod\u00e8le (2) fix\u00e9 au plafond avec 2 ancrages.<br \/>\nMod\u00e8le (3) fix\u00e9 au plafond avec 1 ancrage.<br \/>\nMod\u00e8le (4) suspendu avec un crochet ou un autre dispositif appropri\u00e9.<\/p>\n<p><a class=\"swipebox\" title=\"Vibro CH-F dimensions\" href=\"https:\/\/antivibration-systems.com\/wp-content\/uploads\/2012\/10\/Vibro-CH-F-dimensions.jpg\" target=\"_blank\" rel=\"noopener\" data-rel=\"lightbox-gallery-bGlnaHRib3gtZ2FsbGVyeS0w\" data-rl_title=\"Vibro CH-F dimensions\" data-rl_caption=\"\"><img loading=\"lazy\" decoding=\"async\" class=\"aligncenter wp-image-10594\" src=\"https:\/\/antivibration-systems.com\/wp-content\/uploads\/2012\/10\/Vibro-CH-F-dimensions.jpg\" alt=\"\" width=\"300\" height=\"300\" \/><\/a><\/p>\n<p>L&rsquo;\u00e9l\u00e9ment \u00e9lastique du support est une mousse de polyur\u00e9thane de haute qualit\u00e9 \u00e0 cellules semi-ferm\u00e9es, fabriqu\u00e9e par BSW, une entreprise allemande avec la marque d\u00e9pos\u00e9e Regufoam\u00ae. Une gamme compl\u00e8te de diagrammes de comportement m\u00e9canique et de certificats r\u00e9alis\u00e9s \u00e0 l&rsquo;Universit\u00e9 de Dresde sont disponibles sur demande.<\/p>\n<p>La suspension antivibratoire Vibro CH.F est disponible avec quatre \u00e9paisseurs diff\u00e9rentes de son coussinet \u00e9lastique, permettant d&rsquo;obtenir diff\u00e9rentes fr\u00e9quences naturelles :<\/p>\n<p>12 mm (fr\u00e9quence naturelle 17 Hz)<br \/>\n25 mm (fr\u00e9quence naturelle 12 Hz)<br \/>\n37 mm (fr\u00e9quence naturelle 9,5 Hz)<br \/>\n50 mm (fr\u00e9quence naturelle 8 Hz)<\/p>\n","protected":false},"featured_media":17392,"template":"","meta":[],"product_brand":[],"product_cat":[707],"product_tag":[],"class_list":{"0":"post-17407","1":"product","2":"type-product","3":"status-publish","4":"has-post-thumbnail","6":"product_cat-vibration-anti-bruit-acoustique-fr","8":"first","9":"instock","10":"shipping-taxable","11":"product-type-simple"},"_links":{"self":[{"href":"https:\/\/airsystems.ge\/shop\/fr\/wp-json\/wp\/v2\/product\/17407","targetHints":{"allow":["GET"]}}],"collection":[{"href":"https:\/\/airsystems.ge\/shop\/fr\/wp-json\/wp\/v2\/product"}],"about":[{"href":"https:\/\/airsystems.ge\/shop\/fr\/wp-json\/wp\/v2\/types\/product"}],"wp:featuredmedia":[{"embeddable":true,"href":"https:\/\/airsystems.ge\/shop\/fr\/wp-json\/wp\/v2\/media\/17392"}],"wp:attachment":[{"href":"https:\/\/airsystems.ge\/shop\/fr\/wp-json\/wp\/v2\/media?parent=17407"}],"wp:term":[{"taxonomy":"product_brand","embeddable":true,"href":"https:\/\/airsystems.ge\/shop\/fr\/wp-json\/wp\/v2\/product_brand?post=17407"},{"taxonomy":"product_cat","embeddable":true,"href":"https:\/\/airsystems.ge\/shop\/fr\/wp-json\/wp\/v2\/product_cat?post=17407"},{"taxonomy":"product_tag","embeddable":true,"href":"https:\/\/airsystems.ge\/shop\/fr\/wp-json\/wp\/v2\/product_tag?post=17407"}],"curies":[{"name":"wp","href":"https:\/\/api.w.org\/{rel}","templated":true}]}}