{"id":17386,"date":"2025-02-07T17:37:37","date_gmt":"2025-02-07T13:37:37","guid":{"rendered":"https:\/\/airsystems.ge\/shop\/product\/vibro-ch-anti-vibration-ceiling-hanger\/"},"modified":"2025-02-07T17:42:35","modified_gmt":"2025-02-07T13:42:35","slug":"vibro-ch-anti-vibration-ceiling-hanger","status":"publish","type":"product","link":"https:\/\/airsystems.ge\/shop\/fr\/produit\/vibro-ch-anti-vibration-ceiling-hanger\/","title":{"rendered":"Vibro-CH : Suspension anti-vibratoire pour plafond"},"content":{"rendered":"<table border=\"1\" width=\"281\" cellspacing=\"1\" cellpadding=\"1\">\n<tbody>\n<tr>\n<td>\n<p align=\"center\"><strong>TYPE<\/strong><\/p>\n<\/td>\n<td>\n<p align=\"center\"><strong>MAXIMUM LOAD (kp*)<\/strong><\/p>\n<\/td>\n<\/tr>\n<tr>\n<td>\n<p align=\"center\"><strong><em>Vibro<\/em>-CH.25<\/strong><\/p>\n<\/td>\n<td>\n<p align=\"center\">25<\/p>\n<\/td>\n<\/tr>\n<tr>\n<td>\n<p align=\"center\"><strong><em>Vibro<\/em>-CH.50<\/strong><\/p>\n<\/td>\n<td>\n<p align=\"center\">50<\/p>\n<\/td>\n<\/tr>\n<tr>\n<td>\n<p align=\"center\"><strong><em>Vibro<\/em>-CH.100<\/strong><\/p>\n<\/td>\n<td>\n<p align=\"center\">100<\/p>\n<\/td>\n<\/tr>\n<tr>\n<td>\n<p align=\"center\"><strong><em>Vibro<\/em>-CH.150<\/strong><\/p>\n<\/td>\n<td>\n<p align=\"center\">150<\/p>\n<\/td>\n<\/tr>\n<\/tbody>\n<\/table>\n<p><em>*1kp = 10N<\/em><\/p>\n<p><strong>Dynamic Characteristics<\/strong><\/p>\n<p>Natural frequency up to\u00a0<strong>3 Hz<\/strong><br \/>\nStatic deflection about\u00a0<strong>25mm<\/strong>\u00a0under maximum load<\/p>\n","protected":false},"excerpt":{"rendered":"<p>Une suspension \u00e0 ressort compos\u00e9e d&rsquo;une combinaison de caoutchouc anti-vibratoire et de ressort m\u00e9tallique pour une meilleure isolation des vibrations. La suspension anti-vibratoire Vibro CH peut \u00eatre utilis\u00e9e dans les applications suivantes : Isolation acoustique dans les plafonds flottants comme suspension anti-vibratoire (faux plafond avec plaques de pl\u00e2tre) Suspension de machines anti-vibratoires (par exemple, ventilateurs de refroidissement), isolation des vibrations des tuyaux, des conduits d&rsquo;air, des haut-parleurs, etc.<\/p>\n<p>DESCRIPTION<\/p>\n<p>Vibro-CH est une suspension \u00e0 ressort compos\u00e9e d&rsquo;une combinaison de caoutchouc anti-vibratoire et de ressort m\u00e9tallique pour une meilleure isolation des vibrations de basse et haute fr\u00e9quence.<\/p>\n<p>Le support antivibratoire Vibro-CH se compose de :<br \/>\n\u2022 Cadre en acier avec finition peinte ou m\u00e9tal galvanis\u00e9 pour la protection<br \/>\n\u2022 Ressort en acier conforme \u00e0 la norme DIN avec finition galvanis\u00e9e<br \/>\n\u2022 Coupelle en acier pour emp\u00eacher le mouvement du ressort<br \/>\n\u2022 \u00c9l\u00e9ment en caoutchouc sur le dessus pour une meilleure isolation de la fr\u00e9quence audible (mousse de polyur\u00e9thane \u00e0 cellules semi-ferm\u00e9es)<br \/>\n\u2022 Tige de suspension avec \u00e9crou de s\u00e9curit\u00e9 (sur demande)<br \/>\n\u2022 Capacit\u00e9 de pr\u00e9charge en tournant l&rsquo;\u00e9crou inf\u00e9rieur<br \/>\n\u2022 Capacit\u00e9 de d\u00e9salignement angulaire jusqu&rsquo;\u00e0 30 degr\u00e9s sans contact avec le cadre m\u00e9tallique<br \/>\n\u2022 Coupelle \u00e0 ressort en caoutchouc avec une bague en saillie pour \u00e9viter le pont sonore<br \/>\n\u2022 Diff\u00e9rents types de suspension (vis, \u0153illets).<br \/>\n\u2022 Kit de pr\u00e9charge (sur demande).<\/p>\n<p>*Le boulon de suspension n&rsquo;est pas inclus.<\/p>\n<p>APPLICATIONS<\/p>\n<p>Le support antivibratoire Vibro CH peut \u00eatre utilis\u00e9 dans les applications suivantes\u00a0:<\/p>\n<p>Isolation acoustique dans les plafonds flottants comme support antivibratoire (faux plafond avec plaques de pl\u00e2tre)<br \/>\nSuspension de machines antivibratoires (par ex. ventilateurs de refroidissement), isolation des vibrations des tuyaux, conduits d&rsquo;air, haut-parleurs, etc.<\/p>\n<p>&nbsp;<\/p>\n<p>INSTRUCTIONS D&rsquo;INSTALLATION<\/p>\n<p><a class=\"swipebox\" title=\"VIBRO CH-INSTALLATION INSTRUCTIONS\" href=\"https:\/\/antivibration-systems.com\/wp-content\/uploads\/2012\/10\/VIBRO-CH-INSTALLATION-INSTRUCTIONS.jpg\" data-rel=\"lightbox-gallery-bGlnaHRib3gtZ2FsbGVyeS0w\" data-rl_title=\"VIBRO CH-INSTALLATION INSTRUCTIONS\" data-rl_caption=\"\"><img loading=\"lazy\" decoding=\"async\" class=\"alignleft size-medium wp-image-10544\" src=\"https:\/\/antivibration-systems.com\/wp-content\/uploads\/2012\/10\/VIBRO-CH-INSTALLATION-INSTRUCTIONS-300x223.jpg\" sizes=\"auto, (max-width: 300px) 100vw, 300px\" srcset=\"https:\/\/antivibration-systems.com\/wp-content\/uploads\/2012\/10\/VIBRO-CH-INSTALLATION-INSTRUCTIONS-300x223.jpg 300w, https:\/\/antivibration-systems.com\/wp-content\/uploads\/2012\/10\/VIBRO-CH-INSTALLATION-INSTRUCTIONS-768x571.jpg 768w, https:\/\/antivibration-systems.com\/wp-content\/uploads\/2012\/10\/VIBRO-CH-INSTALLATION-INSTRUCTIONS.jpg 981w\" alt=\"\" width=\"300\" height=\"223\" \/><\/a><br \/>\n1. Placez chaque support antivibratoire Vibro-CH en position conform\u00e9ment au plan de soumission \u00e0 l&rsquo;aide de ressorts \u00e0 code couleur ou d&rsquo;un \u00e9tiquetage comme identification.<br \/>\n2. Fixez solidement le support antivibratoire Vibro-CH au plafond sup\u00e9rieur, pour obtenir un espacement correct entre les isolateurs.<br \/>\n3. Ajustez la tige pour fixer le niveau appropri\u00e9 afin de r\u00e9partir la charge entre les supports antivibratoires.<br \/>\n4. V\u00e9rifiez que le cadre m\u00e9tallique du faux plafond est correctement align\u00e9<\/p>\n<p><a class=\"swipebox\" title=\"VIBRO CH-INSTALLATION INSTRUCTIONS_2\" href=\"https:\/\/antivibration-systems.com\/wp-content\/uploads\/2012\/10\/VIBRO-CH-INSTALLATION-INSTRUCTIONS_2.jpg\" data-rel=\"lightbox-gallery-bGlnaHRib3gtZ2FsbGVyeS0w\" data-rl_title=\"VIBRO CH-INSTALLATION INSTRUCTIONS_2\" data-rl_caption=\"\"><br \/>\n<img loading=\"lazy\" decoding=\"async\" class=\"alignleft wp-image-10547\" src=\"https:\/\/antivibration-systems.com\/wp-content\/uploads\/2012\/10\/VIBRO-CH-INSTALLATION-INSTRUCTIONS_2-300x139.jpg\" sizes=\"auto, (max-width: 512px) 100vw, 512px\" srcset=\"https:\/\/antivibration-systems.com\/wp-content\/uploads\/2012\/10\/VIBRO-CH-INSTALLATION-INSTRUCTIONS_2-300x139.jpg 300w, https:\/\/antivibration-systems.com\/wp-content\/uploads\/2012\/10\/VIBRO-CH-INSTALLATION-INSTRUCTIONS_2-768x355.jpg 768w, https:\/\/antivibration-systems.com\/wp-content\/uploads\/2012\/10\/VIBRO-CH-INSTALLATION-INSTRUCTIONS_2-1024x474.jpg 1024w, https:\/\/antivibration-systems.com\/wp-content\/uploads\/2012\/10\/VIBRO-CH-INSTALLATION-INSTRUCTIONS_2.jpg 1440w\" alt=\"\" width=\"512\" height=\"237\" \/><\/a><\/p>\n<p>&nbsp;<\/p>\n","protected":false},"featured_media":17359,"template":"","meta":[],"product_brand":[],"product_cat":[707],"product_tag":[],"class_list":{"0":"post-17386","1":"product","2":"type-product","3":"status-publish","4":"has-post-thumbnail","6":"product_cat-vibration-anti-bruit-acoustique-fr","8":"first","9":"instock","10":"shipping-taxable","11":"product-type-simple"},"_links":{"self":[{"href":"https:\/\/airsystems.ge\/shop\/fr\/wp-json\/wp\/v2\/product\/17386","targetHints":{"allow":["GET"]}}],"collection":[{"href":"https:\/\/airsystems.ge\/shop\/fr\/wp-json\/wp\/v2\/product"}],"about":[{"href":"https:\/\/airsystems.ge\/shop\/fr\/wp-json\/wp\/v2\/types\/product"}],"wp:featuredmedia":[{"embeddable":true,"href":"https:\/\/airsystems.ge\/shop\/fr\/wp-json\/wp\/v2\/media\/17359"}],"wp:attachment":[{"href":"https:\/\/airsystems.ge\/shop\/fr\/wp-json\/wp\/v2\/media?parent=17386"}],"wp:term":[{"taxonomy":"product_brand","embeddable":true,"href":"https:\/\/airsystems.ge\/shop\/fr\/wp-json\/wp\/v2\/product_brand?post=17386"},{"taxonomy":"product_cat","embeddable":true,"href":"https:\/\/airsystems.ge\/shop\/fr\/wp-json\/wp\/v2\/product_cat?post=17386"},{"taxonomy":"product_tag","embeddable":true,"href":"https:\/\/airsystems.ge\/shop\/fr\/wp-json\/wp\/v2\/product_tag?post=17386"}],"curies":[{"name":"wp","href":"https:\/\/api.w.org\/{rel}","templated":true}]}}