{"id":17156,"date":"2025-02-07T15:45:28","date_gmt":"2025-02-07T11:45:28","guid":{"rendered":"https:\/\/airsystems.ge\/shop\/product\/vibro-bl-mini-vibration-isolation-wall-brace\/"},"modified":"2025-02-07T15:47:46","modified_gmt":"2025-02-07T11:47:46","slug":"vibro-bl-mini-vibration-isolation-wall-brace","status":"publish","type":"product","link":"https:\/\/airsystems.ge\/shop\/fr\/produit\/vibro-bl-mini-vibration-isolation-wall-brace\/","title":{"rendered":"Vibro BL.mini : Support mural anti-vibratoire"},"content":{"rendered":"<p><img loading=\"lazy\" decoding=\"async\" class=\"alignnone size-full wp-image-13195\" src=\"https:\/\/antivibration-systems.com\/wp-content\/uploads\/2024\/09\/Vibro-BL.mini-Selection-Table-e1725989809474.jpg\" alt=\"Vibro-BL.mini Selection Table\" width=\"521\" height=\"201\" \/><\/p>\n","protected":false},"excerpt":{"rendered":"<p>Vibro-BL.mini est un support mural anti-vibratoire, utilis\u00e9 dans les applications de cloisons s\u00e8ches flottantes. Il se compose d&rsquo;un cadre m\u00e9tallique en forme de L utilisant le support anti-vibratoire en caoutchouc Vibro-mini.<\/p>\n<p>Vibro-BL.mini est un support mural anti-vibratoire. Le cadre m\u00e9tallique en forme de L pr\u00e9sente diverses perforations pour une installation plus facile selon l&rsquo;application.<\/p>\n<p>Un support anti-vibratoire en caoutchouc sp\u00e9cial, Vibro-mini, est situ\u00e9 \u00e0 l&rsquo;ext\u00e9rieur pour absorber principalement les forces de compression et de tension. La vis traversante est soigneusement plac\u00e9e de mani\u00e8re \u00e0 \u00e9viter tout contact avec le cadre m\u00e9tallique, de sorte qu&rsquo;aucun pont sonore ne soit cr\u00e9\u00e9.<\/p>\n<p>Les supports muraux anti-vibratoires Vibro-BL.mini sont utilis\u00e9s afin d&rsquo;ajouter de l&rsquo;int\u00e9grit\u00e9 structurelle aux murs en plaques de pl\u00e2tre de grande taille, qui sont mont\u00e9s sur des plots anti-vibratoires ou bas\u00e9s sur des planchers flottants.<\/p>\n<p>Cet isolateur de vibrations est principalement utilis\u00e9 pour \u00e9viter toute connexion directe entre les doubles murs et augmenter leur rigidit\u00e9. Un autre avantage est qu&rsquo;ils emp\u00eachent \u00e9galement le flambage des murs en cas de tremblement de terre. Ils sont \u00e9galement utiles lorsqu&rsquo;un mur secondaire est appliqu\u00e9 pour une meilleure isolation acoustique, o\u00f9 des connexions rigides provoqueraient des ponts sonores ind\u00e9sirables, compromettant l&rsquo;isolation acoustique finale.<\/p>\n<p>Le Vibro-BL.mini peut \u00eatre facilement mont\u00e9 sur un mur de briques existant, \u00e0 l&rsquo;aide d&rsquo;une cheville et d&rsquo;une vis en plastique (non fournies), ou viss\u00e9 sur un cadre en bois ou en m\u00e9tal.<\/p>\n","protected":false},"featured_media":17145,"template":"","meta":[],"product_brand":[],"product_cat":[707],"product_tag":[],"class_list":{"0":"post-17156","1":"product","2":"type-product","3":"status-publish","4":"has-post-thumbnail","6":"product_cat-vibration-anti-bruit-acoustique-fr","8":"first","9":"instock","10":"shipping-taxable","11":"product-type-simple"},"_links":{"self":[{"href":"https:\/\/airsystems.ge\/shop\/fr\/wp-json\/wp\/v2\/product\/17156","targetHints":{"allow":["GET"]}}],"collection":[{"href":"https:\/\/airsystems.ge\/shop\/fr\/wp-json\/wp\/v2\/product"}],"about":[{"href":"https:\/\/airsystems.ge\/shop\/fr\/wp-json\/wp\/v2\/types\/product"}],"wp:featuredmedia":[{"embeddable":true,"href":"https:\/\/airsystems.ge\/shop\/fr\/wp-json\/wp\/v2\/media\/17145"}],"wp:attachment":[{"href":"https:\/\/airsystems.ge\/shop\/fr\/wp-json\/wp\/v2\/media?parent=17156"}],"wp:term":[{"taxonomy":"product_brand","embeddable":true,"href":"https:\/\/airsystems.ge\/shop\/fr\/wp-json\/wp\/v2\/product_brand?post=17156"},{"taxonomy":"product_cat","embeddable":true,"href":"https:\/\/airsystems.ge\/shop\/fr\/wp-json\/wp\/v2\/product_cat?post=17156"},{"taxonomy":"product_tag","embeddable":true,"href":"https:\/\/airsystems.ge\/shop\/fr\/wp-json\/wp\/v2\/product_tag?post=17156"}],"curies":[{"name":"wp","href":"https:\/\/api.w.org\/{rel}","templated":true}]}}