{"id":17135,"date":"2025-02-07T15:30:41","date_gmt":"2025-02-07T11:30:41","guid":{"rendered":"https:\/\/airsystems.ge\/shop\/product\/17130\/"},"modified":"2025-02-07T15:33:51","modified_gmt":"2025-02-07T11:33:51","slug":"17130","status":"publish","type":"product","link":"https:\/\/airsystems.ge\/shop\/fr\/produit\/17130\/","title":{"rendered":"Vibro-CH.mini 2 : Suspension antivibratoire avec double Vibro-mini"},"content":{"rendered":"<p><strong><img loading=\"lazy\" decoding=\"async\" class=\"alignnone wp-image-13277 size-full\" title=\"Vibro-CH mini 2 - Selection Table\" src=\"https:\/\/antivibration-systems.com\/wp-content\/uploads\/2024\/09\/ch-mini-2-selection-table-e1726763925902.jpg\" sizes=\"auto, (max-width: 506px) 100vw, 506px\" srcset=\"https:\/\/antivibration-systems.com\/wp-content\/uploads\/2024\/09\/ch-mini-2-selection-table-e1726763925902.jpg 506w, https:\/\/antivibration-systems.com\/wp-content\/uploads\/2024\/09\/ch-mini-2-selection-table-e1726763925902-300x84.jpg 300w\" alt=\"Vibro-CH mini 2 - Selection Table\" width=\"506\" height=\"141\" \/><\/strong><\/p>\n","protected":false},"excerpt":{"rendered":"<p>Vibro-CH mini 2 est une suspension antivibratoire pour plafonds flottants insonoris\u00e9s et autres \u00e9quipements m\u00e9caniques, tels que tuyaux et conduits d&rsquo;air. Elle dispose d&rsquo;un double \u00e9l\u00e9ment \u00e9lastique antivibratoire de Vibro-mini.<\/p>\n<p>Vibro-CH.mini 2 est une suspension antivibratoire dont l&rsquo;utilisation principale est d&rsquo;isoler les vibrations des faux plafonds flottants. Le principal \u00e9l\u00e9ment antivibratoire dont dispose la suspension est le double \u00e9lastique Vibro-mini. Son cadre de base est constitu\u00e9 d&rsquo;un cadre en acier avec une finition peinte ou en t\u00f4le galvanis\u00e9e convenablement pli\u00e9e.<\/p>\n<p>En haut et en bas de ce cadre sont plac\u00e9es les deux bases \u00e9lastiques qui constituent le noyau antivibratoire du produit. Ces supports \u00e9lastiques ont l&rsquo;avantage de fournir deux fois plus de d\u00e9flexion en fonction de la charge et en m\u00eame temps une plus grande r\u00e9duction de la transmission des vibrations. Les vis\/cordes de suspension peuvent \u00eatre M8 avec une longueur appropri\u00e9e selon les besoins de chaque projet (non incluses).<\/p>\n<p>APPLICATION<\/p>\n<p>Les principales utilisations sont la suspension antivibratoire de :<\/p>\n<p>plafonds suspendus flottants insonoris\u00e9s<br \/>\nmachines rotatives<br \/>\ntuyaux de transfert de liquide vibrants<br \/>\nconduits de climatisation, etc.<\/p>\n","protected":false},"featured_media":17132,"template":"","meta":[],"product_brand":[],"product_cat":[707],"product_tag":[],"class_list":{"0":"post-17135","1":"product","2":"type-product","3":"status-publish","4":"has-post-thumbnail","6":"product_cat-vibration-anti-bruit-acoustique-fr","8":"first","9":"instock","10":"shipping-taxable","11":"product-type-simple"},"_links":{"self":[{"href":"https:\/\/airsystems.ge\/shop\/fr\/wp-json\/wp\/v2\/product\/17135","targetHints":{"allow":["GET"]}}],"collection":[{"href":"https:\/\/airsystems.ge\/shop\/fr\/wp-json\/wp\/v2\/product"}],"about":[{"href":"https:\/\/airsystems.ge\/shop\/fr\/wp-json\/wp\/v2\/types\/product"}],"wp:featuredmedia":[{"embeddable":true,"href":"https:\/\/airsystems.ge\/shop\/fr\/wp-json\/wp\/v2\/media\/17132"}],"wp:attachment":[{"href":"https:\/\/airsystems.ge\/shop\/fr\/wp-json\/wp\/v2\/media?parent=17135"}],"wp:term":[{"taxonomy":"product_brand","embeddable":true,"href":"https:\/\/airsystems.ge\/shop\/fr\/wp-json\/wp\/v2\/product_brand?post=17135"},{"taxonomy":"product_cat","embeddable":true,"href":"https:\/\/airsystems.ge\/shop\/fr\/wp-json\/wp\/v2\/product_cat?post=17135"},{"taxonomy":"product_tag","embeddable":true,"href":"https:\/\/airsystems.ge\/shop\/fr\/wp-json\/wp\/v2\/product_tag?post=17135"}],"curies":[{"name":"wp","href":"https:\/\/api.w.org\/{rel}","templated":true}]}}