{"id":16915,"date":"2025-01-20T09:39:08","date_gmt":"2025-01-20T05:39:08","guid":{"rendered":"https:\/\/airsystems.ge\/shop\/product\/calorex-delta-series-swimming-pool-air-handling-units-delta-2-4-6-8-10-12-14-16-swimming-pool-air-handling\/"},"modified":"2025-04-08T19:31:24","modified_gmt":"2025-04-08T15:31:24","slug":"calorex-delta-series-swimming-pool-air-handling-units-delta-2-4-6-8-10-12-14-16-swimming-pool-air-handling","status":"publish","type":"product","link":"https:\/\/airsystems.ge\/shop\/fr\/produit\/calorex-delta-series-swimming-pool-air-handling-units-delta-2-4-6-8-10-12-14-16-swimming-pool-air-handling\/","title":{"rendered":"S\u00e9rie Calorex Delta \u2013 centrales de traitement d&rsquo;air pour piscines Centres de traitement d&rsquo;air pour piscines Delta 2-4-6-8-10-12-14-16"},"content":{"rendered":"<div class=\"md:text-center\">\n<h3 class=\"text-black font-bold text-lg md:text-xl lg:text-2xl\"><strong>Product specifications<\/strong><\/h3>\n<\/div>\n<div class=\"mt-6 md:mt-10\">\n<div class=\"lg:flex flex-wrap\">\n<div class=\"lg:mr-10 relative z-[1]\">\n<ul class=\"hidden lg:block\">\n<li>\n<h4 class=\"font-bold\">Select model:<\/h4>\n<\/li>\n<li class=\"mt-2\">DT\u00a02<\/li>\n<li class=\"mt-2\">DT\u00a04<\/li>\n<li class=\"mt-2\">DT\u00a06<\/li>\n<li class=\"mt-2\">DT\u00a08<\/li>\n<li class=\"mt-2\">DT\u00a010<\/li>\n<li class=\"mt-2\">DT\u00a012<\/li>\n<li class=\"mt-2\">DT\u00a014<\/li>\n<li class=\"mt-2\">DT\u00a016<\/li>\n<\/ul>\n<div data-mount=\"ProductSpecs\"><\/div>\n<\/div>\n<div class=\"lg:mt-0 md:mt-6 lg:flex-1\">\n<div id=\"spec-dt-16\" class=\"prose max-w-full md:overflow-auto\" data-spec-content=\"\">\n<div class=\"spreadsheet-container hidden md:block\">\n<table class=\"w-full table-fixed mb-0\">\n<thead>\n<tr>\n<th class=\"font-bold text-base\"><span class=\"block px-4\">Specifications<\/span><\/th>\n<th class=\"font-bold text-base text-center\"><span class=\"block px-10 md:px-20\">Units<\/span><\/th>\n<th class=\"font-bold text-base text-center will-change\"><span class=\"block px-4\">DT\u00a016<\/span><\/th>\n<\/tr>\n<\/thead>\n<tbody>\n<tr class=\"bg-grey-200\/50 p-2\">\n<td colspan=\"1\"><span class=\"block px-4\">Nominal recirculation air flow<\/span><\/td>\n<td class=\"text-center\">\n<div class=\"px-10 md:px-20 flex items-center justify-center\">m\u00b3\/h<\/div>\n<\/td>\n<td class=\"text-center will-change\">\n<div class=\"px-10 md:px-20 flex items-center justify-center\">12,000<\/div>\n<\/td>\n<\/tr>\n<tr class=\" p-2\">\n<td colspan=\"1\"><span class=\"block px-4\">Exhaust\/fresh air flow (stepped control)<\/span><\/td>\n<td class=\"text-center\">\n<div class=\"px-10 md:px-20 flex items-center justify-center\">m\u00b3\/h<\/div>\n<\/td>\n<td class=\"text-center will-change\">\n<div class=\"px-10 md:px-20 flex items-center justify-center\">850-8,000<\/div>\n<\/td>\n<\/tr>\n<tr class=\"bg-grey-200\/50 p-2\">\n<td colspan=\"1\"><span class=\"block px-4\">Total dehumidification @ 28\u00b0C\/60% RH by heat pump and maximum fresh air<\/span><\/td>\n<td class=\"text-center\">\n<div class=\"px-10 md:px-20 flex items-center justify-center\">l\/h<\/div>\n<\/td>\n<td class=\"text-center will-change\">\n<div class=\"px-10 md:px-20 flex items-center justify-center\">62.4<\/div>\n<\/td>\n<\/tr>\n<tr class=\" p-2\">\n<td colspan=\"3\"><span class=\"block px-4\"><span class=\"font-bold\">Heat to air<\/span><\/span><\/td>\n<\/tr>\n<tr class=\"bg-grey-200\/50 p-2\">\n<td colspan=\"1\"><span class=\"block px-4\">Via heat pump (Mode B)<\/span><\/td>\n<td class=\"text-center\">\n<div class=\"px-10 md:px-20 flex items-center justify-center\">kW<\/div>\n<\/td>\n<td class=\"text-center will-change\">\n<div class=\"px-10 md:px-20 flex items-center justify-center\">35.0<\/div>\n<\/td>\n<\/tr>\n<tr class=\" p-2\">\n<td colspan=\"1\"><span class=\"block px-4\">Via standard LPHW @ 80\u00b0C<\/span><\/td>\n<td class=\"text-center\">\n<div class=\"px-10 md:px-20 flex items-center justify-center\">kW<\/div>\n<\/td>\n<td class=\"text-center will-change\">\n<div class=\"px-10 md:px-20 flex items-center justify-center\">90<\/div>\n<\/td>\n<\/tr>\n<tr class=\"bg-grey-200\/50 p-2\">\n<td colspan=\"1\"><span class=\"block px-4\">Via upgraded LPHW @ 55\u00b0C<\/span><\/td>\n<td class=\"text-center\">\n<div class=\"px-10 md:px-20 flex items-center justify-center\">kW<\/div>\n<\/td>\n<td class=\"text-center will-change\">\n<div class=\"px-10 md:px-20 flex items-center justify-center\">77<\/div>\n<\/td>\n<\/tr>\n<tr class=\" p-2\">\n<td colspan=\"1\"><span class=\"block px-4\">Total Mode B + standard LPHW<\/span><\/td>\n<td class=\"text-center\">\n<div class=\"px-10 md:px-20 flex items-center justify-center\">kW<\/div>\n<\/td>\n<td class=\"text-center will-change\">\n<div class=\"px-10 md:px-20 flex items-center justify-center\">125.0<\/div>\n<\/td>\n<\/tr>\n<tr class=\"bg-grey-200\/50 p-2\">\n<td colspan=\"3\"><span class=\"block px-4\"><span class=\"font-bold\">Heat to pool water<\/span><\/span><\/td>\n<\/tr>\n<tr class=\" p-2\">\n<td colspan=\"1\"><span class=\"block px-4\">Via heat pump (Mode A)<\/span><\/td>\n<td class=\"text-center\">\n<div class=\"px-10 md:px-20 flex items-center justify-center\">kW<\/div>\n<\/td>\n<td class=\"text-center will-change\">\n<div class=\"px-10 md:px-20 flex items-center justify-center\">43.0<\/div>\n<\/td>\n<\/tr>\n<tr class=\"bg-grey-200\/50 p-2\">\n<td colspan=\"1\"><span class=\"block px-4\">Via LPHW @ 80\u00b0C<\/span><\/td>\n<td class=\"text-center\">\n<div class=\"px-10 md:px-20 flex items-center justify-center\">kW<\/div>\n<\/td>\n<td class=\"text-center will-change\">\n<div class=\"px-10 md:px-20 flex items-center justify-center\">65<\/div>\n<\/td>\n<\/tr>\n<tr class=\" p-2\">\n<td colspan=\"1\"><span class=\"block px-4\">Via LPHW @ 55\u00b0C<\/span><\/td>\n<td class=\"text-center\">\n<div class=\"px-10 md:px-20 flex items-center justify-center\">kW<\/div>\n<\/td>\n<td class=\"text-center will-change\">\n<div class=\"px-10 md:px-20 flex items-center justify-center\">32<\/div>\n<\/td>\n<\/tr>\n<tr class=\"bg-grey-200\/50 p-2\">\n<td colspan=\"1\"><span class=\"block px-4\">Total Mode A + LPHW<\/span><\/td>\n<td class=\"text-center\">\n<div class=\"px-10 md:px-20 flex items-center justify-center\">kW<\/div>\n<\/td>\n<td class=\"text-center will-change\">\n<div class=\"px-10 md:px-20 flex items-center justify-center\">108.0<\/div>\n<\/td>\n<\/tr>\n<tr class=\" p-2\">\n<td colspan=\"3\"><span class=\"block px-4\"><span class=\"font-bold\">Cooling duty<\/span><\/span><\/td>\n<\/tr>\n<tr class=\"bg-grey-200\/50 p-2\">\n<td colspan=\"1\"><span class=\"block px-4\">Total<\/span><\/td>\n<td class=\"text-center\">\n<div class=\"px-10 md:px-20 flex items-center justify-center\">kW<\/div>\n<\/td>\n<td class=\"text-center will-change\">\n<div class=\"px-10 md:px-20 flex items-center justify-center\">-28.0<\/div>\n<\/td>\n<\/tr>\n<tr class=\" p-2\">\n<td colspan=\"1\"><span class=\"block px-4\">Sensible<\/span><\/td>\n<td class=\"text-center\">\n<div class=\"px-10 md:px-20 flex items-center justify-center\">kW<\/div>\n<\/td>\n<td class=\"text-center will-change\">\n<div class=\"px-10 md:px-20 flex items-center justify-center\">-15.0<\/div>\n<\/td>\n<\/tr>\n<tr class=\"bg-grey-200\/50 p-2\">\n<td colspan=\"1\"><span class=\"block px-4\">Nominal power consumed<\/span><\/td>\n<td class=\"text-center\">\n<div class=\"px-10 md:px-20 flex items-center justify-center\">kW<\/div>\n<\/td>\n<td class=\"text-center will-change\">\n<div class=\"px-10 md:px-20 flex items-center justify-center\">17.0<\/div>\n<\/td>\n<\/tr>\n<tr class=\" p-2\">\n<td colspan=\"1\"><span class=\"block px-4\">R407c gas weight\/CO<sub>2<\/sub>\u00a0equivalent<\/span><\/td>\n<td class=\"text-center\">\n<div class=\"px-10 md:px-20 flex items-center justify-center\">kg\/t<\/div>\n<\/td>\n<td class=\"text-center will-change\">\n<div class=\"px-10 md:px-20 flex items-center justify-center\">21.5\/38.14<\/div>\n<\/td>\n<\/tr>\n<tr class=\"bg-grey-200\/50 p-2\">\n<td colspan=\"1\"><span class=\"block px-4\">Width<\/span><\/td>\n<td class=\"text-center\">\n<div class=\"px-10 md:px-20 flex items-center justify-center\">mm<\/div>\n<\/td>\n<td class=\"text-center will-change\">\n<div class=\"px-10 md:px-20 flex items-center justify-center\">2,860<\/div>\n<\/td>\n<\/tr>\n<tr class=\" p-2\">\n<td colspan=\"1\"><span class=\"block px-4\">Depth<\/span><\/td>\n<td class=\"text-center\">\n<div class=\"px-10 md:px-20 flex items-center justify-center\">mm<\/div>\n<\/td>\n<td class=\"text-center will-change\">\n<div class=\"px-10 md:px-20 flex items-center justify-center\">1,126<\/div>\n<\/td>\n<\/tr>\n<tr class=\"bg-grey-200\/50 p-2\">\n<td colspan=\"1\"><span class=\"block px-4\">Height<\/span><\/td>\n<td class=\"text-center\">\n<div class=\"px-10 md:px-20 flex items-center justify-center\">mm<\/div>\n<\/td>\n<td class=\"text-center will-change\">\n<div class=\"px-10 md:px-20 flex items-center justify-center\">2,120<\/div>\n<\/td>\n<\/tr>\n<tr class=\" p-2\">\n<td colspan=\"1\"><span class=\"block px-4\">Weight<\/span><\/td>\n<td class=\"text-center\">\n<div class=\"px-10 md:px-20 flex items-center justify-center\">kg<\/div>\n<\/td>\n<td class=\"text-center will-change\">\n<div class=\"px-10 md:px-20 flex items-center justify-center\">1,020<\/div>\n<\/td>\n<\/tr>\n<\/tbody>\n<\/table>\n<h2 class=\"font-bold text-sm md:text-lg\"><a class=\"underline underline-offset-2 decoration-transparent transition duration-300 ease-linear hover:decoration-black\" href=\"https:\/\/www.danthermgroup.com\/uk\/downloads\/calorex-delta-manual\" target=\"_blank\" rel=\"nofollow noindex noopener\">Calorex Delta owner installation manual<\/a><\/h2>\n<\/div>\n<\/div>\n<\/div>\n<\/div>\n<\/div>\n","protected":false},"excerpt":{"rendered":"<p>S\u00e9rie Calorex Delta \u2013 centrales de traitement d&rsquo;air pour piscines<br \/>\nCentres de traitement d&rsquo;air pour piscines Delta 2-4-6-8-10-12-14-16<\/p>\n<p>Les centrales de traitement d&rsquo;air Delta sophistiqu\u00e9es int\u00e8grent une technologie hybride de pompe \u00e0 chaleur et de d\u00e9shumidification de l&rsquo;air frais. Gr\u00e2ce \u00e0 la r\u00e9cup\u00e9ration dynamique de la chaleur dans l&rsquo;eau et l&rsquo;air de la piscine \u00e0 l&rsquo;aide d&rsquo;une pompe \u00e0 chaleur, une solution Delta est le choix ultime pour une piscine int\u00e9rieure commerciale ou publique.<\/p>\n<p>Principales caract\u00e9ristiques<br \/>\nR\u00e9cup\u00e9ration de chaleur dynamique par pompe \u00e0 chaleur vers la piscine et l&rsquo;air<br \/>\nContr\u00f4le d&rsquo;air frais autor\u00e9gul\u00e9 avec r\u00e9cup\u00e9ration de chaleur<br \/>\nContr\u00f4le automatique du volume d&rsquo;air extrait en fonction de l&rsquo;utilisation de la piscine<br \/>\nFree-cooling (Delta 1-2)<br \/>\nFree-cooling et refroidissement par air par pompe \u00e0 chaleur (Delta 4-16)<br \/>\n\u00c9changeurs de chaleur LPHW int\u00e9gr\u00e9s pour piscine et air<br \/>\nVentilateurs EC\/inverter \u00e0 tr\/min contr\u00f4lables dans tous les mod\u00e8les<br \/>\nContr\u00f4le PLC avec interface utilisateur \u00e0 \u00e9cran tactile de 5,7&Prime;<br \/>\nSurveillance\/contr\u00f4le \u00e0 distance<br \/>\nLa p\u00e9riode minimale de mise \u00e0 jour de s\u00e9curit\u00e9 pour les produits Delta est de z\u00e9ro mois<\/p>\n<p>Surveillance\/contr\u00f4le \u00e0 distance<\/p>\n<p>Mise en miroir de l&rsquo;\u00e9cran sur les appareils mobiles Android\/iOS \u00e0 l&rsquo;aide d&rsquo;une application tierce<br \/>\nMise en miroir de l&rsquo;\u00e9cran sur un navigateur Web avec ActiveX<br \/>\nInterfaces BMS pour Modbus, BACnet IP et BACnet MS\/TP<br \/>\nInterfaces de commande \u00e0 distance filaires<\/p>\n<p>Options<br \/>\nDelta 2-6 monophas\u00e9 ou triphas\u00e9<br \/>\nDelta 8-16 triphas\u00e9 uniquement<br \/>\n\u00c9changeur de chaleur LPHW am\u00e9lior\u00e9 pour l&rsquo;air Chauffage<br \/>\nOrientation gauche ou droite (Delta 4-16)<br \/>\nSortie du ventilateur d&rsquo;alimentation par le haut, le c\u00f4t\u00e9 ou le bas<br \/>\nSortie du ventilateur d&rsquo;alimentation par l&rsquo;avant ou l&rsquo;arri\u00e8re (Delta 14-16)<br \/>\nRaccords d&rsquo;\u00e9vacuation et d&rsquo;air frais par l&rsquo;arri\u00e8re (Delta 14-16)<br \/>\nRaccordement pour RCU (Delta 16)<\/p>\n","protected":false},"featured_media":16912,"template":"","meta":[],"product_brand":[],"product_cat":[1177],"product_tag":[],"class_list":{"0":"post-16915","1":"product","2":"type-product","3":"status-publish","4":"has-post-thumbnail","6":"product_cat-unites-de-traitement-dair-de-ventilation","8":"first","9":"instock","10":"shipping-taxable","11":"product-type-simple"},"_links":{"self":[{"href":"https:\/\/airsystems.ge\/shop\/fr\/wp-json\/wp\/v2\/product\/16915","targetHints":{"allow":["GET"]}}],"collection":[{"href":"https:\/\/airsystems.ge\/shop\/fr\/wp-json\/wp\/v2\/product"}],"about":[{"href":"https:\/\/airsystems.ge\/shop\/fr\/wp-json\/wp\/v2\/types\/product"}],"wp:featuredmedia":[{"embeddable":true,"href":"https:\/\/airsystems.ge\/shop\/fr\/wp-json\/wp\/v2\/media\/16912"}],"wp:attachment":[{"href":"https:\/\/airsystems.ge\/shop\/fr\/wp-json\/wp\/v2\/media?parent=16915"}],"wp:term":[{"taxonomy":"product_brand","embeddable":true,"href":"https:\/\/airsystems.ge\/shop\/fr\/wp-json\/wp\/v2\/product_brand?post=16915"},{"taxonomy":"product_cat","embeddable":true,"href":"https:\/\/airsystems.ge\/shop\/fr\/wp-json\/wp\/v2\/product_cat?post=16915"},{"taxonomy":"product_tag","embeddable":true,"href":"https:\/\/airsystems.ge\/shop\/fr\/wp-json\/wp\/v2\/product_tag?post=16915"}],"curies":[{"name":"wp","href":"https:\/\/api.w.org\/{rel}","templated":true}]}}