{"id":16805,"date":"2024-01-24T22:34:41","date_gmt":"2024-01-24T18:34:41","guid":{"rendered":"https:\/\/airsystems.ge\/shop\/product\/dantherm-ad-995-condensation-dehumidifier-condensation-dehumidifiers\/"},"modified":"2025-03-30T10:16:24","modified_gmt":"2025-03-30T06:16:24","slug":"dantherm-ad-995-condensation-dehumidifier-condensation-dehumidifiers","status":"publish","type":"product","link":"https:\/\/airsystems.ge\/shop\/fr\/produit\/dantherm-ad-995-condensation-dehumidifier-condensation-dehumidifiers\/","title":{"rendered":"Dantherm AD 995 \u2013 d\u00e9shumidificateur \u00e0 condensation D\u00e9shumidificateurs \u00e0 condensation"},"content":{"rendered":"<div class=\"md:text-center\">\n<h3 class=\"text-black font-bold text-lg md:text-xl lg:text-2xl\"><strong>Product specifications<\/strong><\/h3>\n<\/div>\n<div class=\" md:mt-10\">\n<div class=\"\">\n<div class=\"lg:mt-0 \">\n<div id=\"spec-ad-995\" class=\"prose max-w-full md:overflow-auto\" data-spec-content=\"\">\n<div class=\"spreadsheet-container hidden md:block\">\n<table class=\"w-full table-fixed mb-0\">\n<thead>\n<tr>\n<th class=\"font-bold text-base\"><span class=\"block px-4\">Specifications<\/span><\/th>\n<th class=\"font-bold text-base text-center\"><span class=\"block px-10 md:px-20\">Units<\/span><\/th>\n<th class=\"font-bold text-base text-center will-change\"><span class=\"block px-4\">AD\u00a0995<\/span><\/th>\n<\/tr>\n<\/thead>\n<tbody>\n<tr class=\"bg-grey-200\/50 p-2\">\n<td colspan=\"1\"><span class=\"block px-4\">Capacity (30\u00b0C\/80% RH)\/Power consumption<\/span><\/td>\n<td class=\"text-center\">\n<div class=\"px-10 md:px-20 flex items-center justify-center\">l\/24h\/W<\/div>\n<\/td>\n<td class=\"text-center will-change\">\n<div class=\"px-10 md:px-20 flex items-center justify-center\">95\/1,830<\/div>\n<\/td>\n<\/tr>\n<tr class=\" p-2\">\n<td colspan=\"1\"><span class=\"block px-4\">Capacity (20\u00b0C\/60% RH)\/Power consumption<\/span><\/td>\n<td class=\"text-center\">\n<div class=\"px-10 md:px-20 flex items-center justify-center\">l\/24h\/W<\/div>\n<\/td>\n<td class=\"text-center will-change\">\n<div class=\"px-10 md:px-20 flex items-center justify-center\">46.5\/1,282<\/div>\n<\/td>\n<\/tr>\n<tr class=\"bg-grey-200\/50 p-2\">\n<td colspan=\"1\"><span class=\"block px-4\">Air flow (Stage 1\/ Stage 2\/ Night mode)<\/span><\/td>\n<td class=\"text-center\">\n<div class=\"px-10 md:px-20 flex items-center justify-center\">m<sup>3<\/sup>\/h<\/div>\n<\/td>\n<td class=\"text-center will-change\">\n<div class=\"px-10 md:px-20 flex items-center justify-center\">750\/900\/750<\/div>\n<\/td>\n<\/tr>\n<tr class=\" p-2\">\n<td colspan=\"1\"><span class=\"block px-4\">Operating temperature range<\/span><\/td>\n<td class=\"text-center\">\n<div class=\"px-10 md:px-20 flex items-center justify-center\">\u00b0C<\/div>\n<\/td>\n<td class=\"text-center will-change\">\n<div class=\"px-10 md:px-20 flex items-center justify-center\">5-30<\/div>\n<\/td>\n<\/tr>\n<tr class=\"bg-grey-200\/50 p-2\">\n<td colspan=\"1\"><span class=\"block px-4\">Operating humidity range<\/span><\/td>\n<td class=\"text-center\">\n<div class=\"px-10 md:px-20 flex items-center justify-center\">% RH<\/div>\n<\/td>\n<td class=\"text-center will-change\">\n<div class=\"px-10 md:px-20 flex items-center justify-center\">30-90<\/div>\n<\/td>\n<\/tr>\n<tr class=\" p-2\">\n<td colspan=\"1\"><span class=\"block px-4\">Max. power consumption<\/span><\/td>\n<td class=\"text-center\">\n<div class=\"px-10 md:px-20 flex items-center justify-center\">W<\/div>\n<\/td>\n<td class=\"text-center will-change\">\n<div class=\"px-10 md:px-20 flex items-center justify-center\">1.9<\/div>\n<\/td>\n<\/tr>\n<tr class=\"bg-grey-200\/50 p-2\">\n<td colspan=\"1\"><span class=\"block px-4\">Power supply<\/span><\/td>\n<td class=\"text-center\">\n<div class=\"px-10 md:px-20 flex items-center justify-center\">V\/Hz<\/div>\n<\/td>\n<td class=\"text-center will-change\">\n<div class=\"px-10 md:px-20 flex items-center justify-center\">230\/50<\/div>\n<\/td>\n<\/tr>\n<tr class=\" p-2\">\n<td colspan=\"1\"><span class=\"block px-4\">Sound level<\/span><\/td>\n<td class=\"text-center\">\n<div class=\"px-10 md:px-20 flex items-center justify-center\">dB(A)<\/div>\n<\/td>\n<td class=\"text-center will-change\">\n<div class=\"px-10 md:px-20 flex items-center justify-center\">64<\/div>\n<\/td>\n<\/tr>\n<tr class=\"bg-grey-200\/50 p-2\">\n<td colspan=\"1\"><span class=\"block px-4\">Condensate tank<\/span><\/td>\n<td class=\"text-center\">\n<div class=\"px-10 md:px-20 flex items-center justify-center\">l<\/div>\n<\/td>\n<td class=\"text-center will-change\">\n<div class=\"px-10 md:px-20 flex items-center justify-center\">with pump<\/div>\n<\/td>\n<\/tr>\n<tr class=\" p-2\">\n<td colspan=\"1\"><span class=\"block px-4\">Condensate drain<\/span><\/td>\n<td class=\"text-center\">\n<div class=\"px-10 md:px-20 flex items-center justify-center\">mm<\/div>\n<\/td>\n<td class=\"text-center will-change\">\n<div class=\"px-10 md:px-20 flex items-center justify-center\">9<\/div>\n<\/td>\n<\/tr>\n<tr class=\"bg-grey-200\/50 p-2\">\n<td colspan=\"1\"><span class=\"block px-4\">Pump height<\/span><\/td>\n<td class=\"text-center\">\n<div class=\"px-10 md:px-20 flex items-center justify-center\">m<\/div>\n<\/td>\n<td class=\"text-center will-change\">\n<div class=\"px-10 md:px-20 flex items-center justify-center\">4<\/div>\n<\/td>\n<\/tr>\n<tr class=\" p-2\">\n<td colspan=\"1\"><span class=\"block px-4\">Power cord<\/span><\/td>\n<td class=\"text-center\">\n<div class=\"px-10 md:px-20 flex items-center justify-center\">m<\/div>\n<\/td>\n<td class=\"text-center will-change\">\n<div class=\"px-10 md:px-20 flex items-center justify-center\">5<\/div>\n<\/td>\n<\/tr>\n<tr class=\"bg-grey-200\/50 p-2\">\n<td colspan=\"1\"><span class=\"block px-4\">Refrigerant<\/span><\/td>\n<td class=\"text-center\">\n<div class=\"px-10 md:px-20 flex items-center justify-center\"><\/div>\n<\/td>\n<td class=\"text-center will-change\">\n<div class=\"px-10 md:px-20 flex items-center justify-center\">R454C<\/div>\n<\/td>\n<\/tr>\n<tr class=\" p-2\">\n<td colspan=\"1\"><span class=\"block px-4\">Product size (h x w x d)<\/span><\/td>\n<td class=\"text-center\">\n<div class=\"px-10 md:px-20 flex items-center justify-center\">mm<\/div>\n<\/td>\n<td class=\"text-center will-change\">\n<div class=\"px-10 md:px-20 flex items-center justify-center\">906 x 502 x 547<\/div>\n<\/td>\n<\/tr>\n<tr class=\"bg-grey-200\/50 p-2\">\n<td colspan=\"1\"><span class=\"block px-4\">Weight<\/span><\/td>\n<td class=\"text-center\">\n<div class=\"px-10 md:px-20 flex items-center justify-center\">kg<\/div>\n<\/td>\n<td class=\"text-center will-change\">\n<div class=\"px-10 md:px-20 flex items-center justify-center\">58.2<\/div>\n<\/td>\n<\/tr>\n<\/tbody>\n<\/table>\n<p><strong>Convient pour<\/strong><br \/>\nArchives et conservation<br \/>\nB\u00e2timents commerciaux<br \/>\nConstruction<br \/>\nIndustrie, usines et production<br \/>\nSoci\u00e9t\u00e9s de location<br \/>\nEntrep\u00f4ts et stockage<br \/>\nRestauration apr\u00e8s d\u00e9g\u00e2ts des eaux<br \/>\nR\u00e9seaux d&rsquo;eau<\/p>\n<h2 class=\"font-bold text-sm md:text-lg\"><a class=\"underline underline-offset-2 decoration-transparent transition duration-300 ease-linear hover:decoration-black\" href=\"https:\/\/www.danthermgroup.com\/uk\/downloads\/dantherm-ad-9-series-product-guide\" target=\"_blank\" rel=\"nofollow noindex noopener\">Dantherm AD 9 series \u2013 product guide<\/a><\/h2>\n<h2 class=\"font-bold text-sm md:text-lg\"><a class=\"underline underline-offset-2 decoration-transparent transition duration-300 ease-linear hover:decoration-black\" href=\"https:\/\/www.danthermgroup.com\/uk\/downloads\/dantherm-ad-9-serie-user-manual\" target=\"_blank\" rel=\"nofollow noindex noopener\">Dantherm AD 9 series user manual<\/a><\/h2>\n<\/div>\n<\/div>\n<\/div>\n<\/div>\n<\/div>\n","protected":false},"excerpt":{"rendered":"<p>Dantherm AD 995 \u2013 d\u00e9shumidificateur \u00e0 condensation<br \/>\nD\u00e9shumidificateurs \u00e0 condensation<\/p>\n<p>L&rsquo;AD 995 est une r\u00e9volution dans la technologie de d\u00e9shumidification par condensation qui combine des fonctionnalit\u00e9s de performance de pointe avec des solutions personnalisables et respectueuses de l&rsquo;environnement. Ax\u00e9 sur la commodit\u00e9 d&rsquo;utilisation, il b\u00e9n\u00e9ficie d&rsquo;une conception standardis\u00e9e et \u00e9prouv\u00e9e associ\u00e9e \u00e0 un panneau de commande CC 6 convivial qui permet une connectivit\u00e9 sans fil avec le syst\u00e8me de surveillance \u00e0 distance Simplify du groupe Dantherm. Con\u00e7ue pour durer, la s\u00e9rie AD 9 simplifie la maintenance et garantit un fonctionnement sans tracas dans diverses applications de s\u00e9chage professionnelles.<\/p>\n<p>D\u00e9couvrez d&rsquo;autres d\u00e9shumidificateurs \u00e0 condensation industriels ou d\u00e9couvrez notre gamme compl\u00e8te de d\u00e9shumidificateurs adapt\u00e9s \u00e0 de multiples applications.<\/p>\n<p>Caract\u00e9ristiques principales<br \/>\nUnit\u00e9 de commande CC 6 compatible avec la solution de surveillance \u00e0 distance Simplify<br \/>\nVersions OEM disponibles sur demande (commande minimum de 50)<br \/>\nL&rsquo;utilisation de composants standardis\u00e9s issus du portefeuille de produits du groupe Dantherm garantit un acc\u00e8s rapide aux pi\u00e8ces de rechange<br \/>\nInterface int\u00e9gr\u00e9e pour accessoires (kit de point de ros\u00e9e et hygrostat externe)<br \/>\nD\u00e9tection automatique du kit de pompe<br \/>\n\u00c9quip\u00e9 d&rsquo;une pompe \u00e0 eau en standard<br \/>\nCompteur kWh approuv\u00e9 MID et compteur horaire non r\u00e9initialisable en standard<br \/>\nVentilateur \u00e0 2 vitesses<br \/>\nLe mode nuit int\u00e9gr\u00e9 offre un fonctionnement plus silencieux dans les espaces occup\u00e9s<br \/>\nR\u00e9frig\u00e9rant R454C, non toxique et non inflammable, avec un PRG (potentiel de r\u00e9chauffement global) extr\u00eamement faible<br \/>\nGrandes roues<br \/>\nPoign\u00e9e t\u00e9lescopique<br \/>\nFacile \u00e0 entretenir et \u00e0 r\u00e9parer<\/p>\n<p>S\u00e9rie de d\u00e9shumidificateurs \u00e0 condensation Dantherm AD 9 : long\u00e9vit\u00e9, efficacit\u00e9 et maintenance sans effort<\/p>\n<p>Les d\u00e9shumidificateurs \u00e0 condensation AD 9 sont con\u00e7us dans un souci de long\u00e9vit\u00e9 et de haute efficacit\u00e9. Acc\u00e8s facile aux principaux composants, obtenu en retirant le capot avant\/sup\u00e9rieur, nettoyage et entretien faciles. De plus, tous les composants sont faciles \u00e0 remplacer s&rsquo;ils sont endommag\u00e9s, ce qui garantit un fonctionnement sans probl\u00e8me.<\/p>\n<p>Panneau de commande CC 6<br \/>\nToutes les unit\u00e9s AD 9 sont livr\u00e9es en standard avec un panneau de commande CC 6 pr\u00e9par\u00e9 pour une connexion sans fil \u00e0 la solution de surveillance \u00e0 distance Simplify du groupe Dantherm.<\/p>\n<p>Caract\u00e9ristiques\u00a0:<\/p>\n<p>Capteur de point de ros\u00e9e plug-and-play<br \/>\nConnexion marche\/arr\u00eat externe plug-and-play (avec hygrostat externe)<br \/>\nMise \u00e0 jour du logiciel via une carte SD<br \/>\nAffichage enti\u00e8rement graphique, aucune traduction requise<br \/>\nFonctionnement simple \u00e0 3 boutons<br \/>\nIndication d&rsquo;\u00e9tat cod\u00e9e par couleur des conditions ambiantes &#8211; rouge, orange, vert<\/p>\n","protected":false},"featured_media":16790,"template":"","meta":[],"product_brand":[],"product_cat":[412,416,487],"product_tag":[],"class_list":{"0":"post-16805","1":"product","2":"type-product","3":"status-publish","4":"has-post-thumbnail","6":"product_cat-climatisation-deshumidificateur-dair-ventilateur-fr-ventilation","7":"product_cat-deshumidificateurs","8":"product_cat-sechage-de-deshumidificateurs-a-condensation","10":"first","11":"instock","12":"shipping-taxable","13":"product-type-simple"},"_links":{"self":[{"href":"https:\/\/airsystems.ge\/shop\/fr\/wp-json\/wp\/v2\/product\/16805","targetHints":{"allow":["GET"]}}],"collection":[{"href":"https:\/\/airsystems.ge\/shop\/fr\/wp-json\/wp\/v2\/product"}],"about":[{"href":"https:\/\/airsystems.ge\/shop\/fr\/wp-json\/wp\/v2\/types\/product"}],"wp:featuredmedia":[{"embeddable":true,"href":"https:\/\/airsystems.ge\/shop\/fr\/wp-json\/wp\/v2\/media\/16790"}],"wp:attachment":[{"href":"https:\/\/airsystems.ge\/shop\/fr\/wp-json\/wp\/v2\/media?parent=16805"}],"wp:term":[{"taxonomy":"product_brand","embeddable":true,"href":"https:\/\/airsystems.ge\/shop\/fr\/wp-json\/wp\/v2\/product_brand?post=16805"},{"taxonomy":"product_cat","embeddable":true,"href":"https:\/\/airsystems.ge\/shop\/fr\/wp-json\/wp\/v2\/product_cat?post=16805"},{"taxonomy":"product_tag","embeddable":true,"href":"https:\/\/airsystems.ge\/shop\/fr\/wp-json\/wp\/v2\/product_tag?post=16805"}],"curies":[{"name":"wp","href":"https:\/\/api.w.org\/{rel}","templated":true}]}}