{"id":16604,"date":"2025-01-18T23:08:17","date_gmt":"2025-01-18T19:08:17","guid":{"rendered":"https:\/\/airsystems.ge\/shop\/product\/condensate-pump-external\/"},"modified":"2025-01-18T23:10:03","modified_gmt":"2025-01-18T19:10:03","slug":"condensate-pump-external","status":"publish","type":"product","link":"https:\/\/airsystems.ge\/shop\/fr\/produit\/condensate-pump-external\/","title":{"rendered":"Pompe \u00e0 condensat externe"},"content":{"rendered":"<p>Pompe \u00e0 condensat externe<\/p>\n<p>Description du produit<br \/>\nPompe \u00e0 condensat pour les d\u00e9shumidificateurs Trotec suivants des s\u00e9ries commerciales ECO et TTK-S\u00a0:<\/p>\n<p>TTK 75 ECO<br \/>\nTTK 165 ECO<br \/>\nTTK 166 ECO<br \/>\nTTK 170 ECO<br \/>\nTTK 171 ECO<br \/>\nTTK 380 ECO<br \/>\nTTK 570 ECO<\/p>\n","protected":false},"excerpt":{"rendered":"<p>Pompe \u00e0 condensat externe Description du produit Pompe \u00e0 condensat pour les d\u00e9shumidificateurs Trotec suivants des s\u00e9ries commerciales ECO et<\/p>\n","protected":false},"featured_media":16593,"template":"","meta":[],"product_brand":[],"product_cat":[648,420],"product_tag":[],"class_list":{"0":"post-16604","1":"product","2":"type-product","3":"status-publish","4":"has-post-thumbnail","6":"product_cat-deshumidificateurs-fr","7":"product_cat-trotec-fr","9":"first","10":"instock","11":"sale","12":"shipping-taxable","13":"purchasable","14":"product-type-simple"},"_links":{"self":[{"href":"https:\/\/airsystems.ge\/shop\/fr\/wp-json\/wp\/v2\/product\/16604","targetHints":{"allow":["GET"]}}],"collection":[{"href":"https:\/\/airsystems.ge\/shop\/fr\/wp-json\/wp\/v2\/product"}],"about":[{"href":"https:\/\/airsystems.ge\/shop\/fr\/wp-json\/wp\/v2\/types\/product"}],"wp:featuredmedia":[{"embeddable":true,"href":"https:\/\/airsystems.ge\/shop\/fr\/wp-json\/wp\/v2\/media\/16593"}],"wp:attachment":[{"href":"https:\/\/airsystems.ge\/shop\/fr\/wp-json\/wp\/v2\/media?parent=16604"}],"wp:term":[{"taxonomy":"product_brand","embeddable":true,"href":"https:\/\/airsystems.ge\/shop\/fr\/wp-json\/wp\/v2\/product_brand?post=16604"},{"taxonomy":"product_cat","embeddable":true,"href":"https:\/\/airsystems.ge\/shop\/fr\/wp-json\/wp\/v2\/product_cat?post=16604"},{"taxonomy":"product_tag","embeddable":true,"href":"https:\/\/airsystems.ge\/shop\/fr\/wp-json\/wp\/v2\/product_tag?post=16604"}],"curies":[{"name":"wp","href":"https:\/\/api.w.org\/{rel}","templated":true}]}}