{"id":15972,"date":"2025-01-10T18:25:47","date_gmt":"2025-01-10T14:25:47","guid":{"rendered":"https:\/\/airsystems.ge\/shop\/product\/air-conditioners-for-industrial-environment-split-system\/"},"modified":"2025-01-10T18:32:13","modified_gmt":"2025-01-10T14:32:13","slug":"air-conditioners-for-industrial-environment-split-system","status":"publish","type":"product","link":"https:\/\/airsystems.ge\/shop\/fr\/produit\/air-conditioners-for-industrial-environment-split-system\/","title":{"rendered":"Climatiseurs pour environnement industriel Split system"},"content":{"rendered":"<div class=\"elementor-element elementor-element-70da8153 elementor-widget elementor-widget-theme-page-title elementor-page-title elementor-widget-heading\" data-id=\"70da8153\" data-element_type=\"widget\" data-widget_type=\"theme-page-title.default\">\n<div class=\"elementor-widget-container\">\n<div class=\"elementor-element elementor-element-70da8153 elementor-widget elementor-widget-theme-page-title elementor-page-title elementor-widget-heading\" data-id=\"70da8153\" data-element_type=\"widget\" data-widget_type=\"theme-page-title.default\">\n<div class=\"elementor-widget-container\">\n<p>Climatiseurs pour environnement industriel<br \/>\nSplit system<br \/>\nAIS<br \/>\nAI<br \/>\nDe 6,2 kW \u00e0 8,7 kW<\/p>\n<p>Type de climatiseur split system, refroidissement air-air, sp\u00e9cialement con\u00e7u et fabriqu\u00e9 pour fonctionner dans un environnement industriel, en pr\u00e9sence de poussi\u00e8re et de vibrations g\u00e9n\u00e9ralement expos\u00e9es \u00e0 des temp\u00e9ratures \u00e9lev\u00e9es.<\/p>\n<p>L&rsquo;unit\u00e9 int\u00e9rieure \u00ab verticale \u00bb a la caract\u00e9ristique d&rsquo;\u00eatre tr\u00e8s petite et peut \u00eatre fix\u00e9e au mur. Les climatiseurs de la s\u00e9rie C sont con\u00e7us pour \u00eatre contr\u00f4l\u00e9s par un contr\u00f4leur embarqu\u00e9.<\/p>\n<p>La s\u00e9rie C est fournie avec un panneau d&rsquo;interface utilisateur \u00e0 distance pour la gestion de la commande et du contr\u00f4le de l&rsquo;\u00e9quipement. Ces climatiseurs sont sp\u00e9cialement con\u00e7us pour fonctionner dans des environnements industriels et peuvent fonctionner \u00e0 des temp\u00e9ratures ext\u00e9rieures allant jusqu&rsquo;\u00e0 75\u00b0C.<\/p>\n<p>CARACT\u00c9RISTIQUES TECHNIQUES<\/p>\n<p>\u2022 Ch\u00e2ssis et panneaux en acier galvanis\u00e9<br \/>\n\u2022 Haute r\u00e9sistance \u00e0 la corrosion<br \/>\n\u2022 Tableau \u00e9lectrique avec interface utilisateur \u00e0 distance externe<br \/>\n\u2022 Red\u00e9marrage automatique apr\u00e8s une coupure d&rsquo;alimentation<br \/>\n\u2022 Ventilateur de condensation r\u00e9gul\u00e9 par pressostat<br \/>\n\u2022 Fonctionnement \u00e0 des temp\u00e9ratures ext\u00e9rieures de -20\u00b0C \u00e0 75\u00b0C<br \/>\n\u2022 R\u00e9sistance \u00e0 la poussi\u00e8re et aux vibrations<\/p>\n<\/div>\n<\/div>\n<\/div>\n<\/div>\n","protected":false},"excerpt":{"rendered":"<p><a class=\"elementor-button elementor-button-link elementor-size-sm\" href=\"https:\/\/www.enextechnologies.com\/wp-content\/uploads\/2024\/08\/B_AI_SR3DC_rev.1.pdf\" target=\"_blank\" rel=\"noopener\"><span class=\"elementor-button-content-wrapper\"><span class=\"elementor-button-text\">BROCHURE<\/span><\/span><\/a><\/p>\n","protected":false},"featured_media":15969,"template":"","meta":[],"product_brand":[],"product_cat":[682],"product_tag":[],"class_list":{"0":"post-15972","1":"product","2":"type-product","3":"status-publish","4":"has-post-thumbnail","6":"product_cat-climatiseurs-fr-industriels","8":"first","9":"instock","10":"shipping-taxable","11":"product-type-simple"},"_links":{"self":[{"href":"https:\/\/airsystems.ge\/shop\/fr\/wp-json\/wp\/v2\/product\/15972","targetHints":{"allow":["GET"]}}],"collection":[{"href":"https:\/\/airsystems.ge\/shop\/fr\/wp-json\/wp\/v2\/product"}],"about":[{"href":"https:\/\/airsystems.ge\/shop\/fr\/wp-json\/wp\/v2\/types\/product"}],"wp:featuredmedia":[{"embeddable":true,"href":"https:\/\/airsystems.ge\/shop\/fr\/wp-json\/wp\/v2\/media\/15969"}],"wp:attachment":[{"href":"https:\/\/airsystems.ge\/shop\/fr\/wp-json\/wp\/v2\/media?parent=15972"}],"wp:term":[{"taxonomy":"product_brand","embeddable":true,"href":"https:\/\/airsystems.ge\/shop\/fr\/wp-json\/wp\/v2\/product_brand?post=15972"},{"taxonomy":"product_cat","embeddable":true,"href":"https:\/\/airsystems.ge\/shop\/fr\/wp-json\/wp\/v2\/product_cat?post=15972"},{"taxonomy":"product_tag","embeddable":true,"href":"https:\/\/airsystems.ge\/shop\/fr\/wp-json\/wp\/v2\/product_tag?post=15972"}],"curies":[{"name":"wp","href":"https:\/\/api.w.org\/{rel}","templated":true}]}}