{"id":15941,"date":"2025-01-10T17:52:23","date_gmt":"2025-01-10T13:52:23","guid":{"rendered":"https:\/\/airsystems.ge\/shop\/product\/air-conditioners-for-industrial-environment-compact\/"},"modified":"2025-04-21T18:06:38","modified_gmt":"2025-04-21T14:06:38","slug":"air-conditioners-for-industrial-environment-compact","status":"publish","type":"product","link":"https:\/\/airsystems.ge\/shop\/fr\/produit\/air-conditioners-for-industrial-environment-compact\/","title":{"rendered":"Climatiseurs pour environnement industriel Compact R\u00e9sistance \u00e0 la poussi\u00e8re et aux vibrations -40\u00b0C \u00e0 80\u00b0C"},"content":{"rendered":"<p>Climatiseurs pour environnement industriel<br \/>\nCompact<br \/>\nCUS<br \/>\nCUS<br \/>\nDe 2,7 kW \u00e0 4,5 kW<\/p>\n<p>Unit\u00e9s de climatisation air-air monobloc, con\u00e7ues et fabriqu\u00e9es pour fonctionner dans des environnements industriels, en pr\u00e9sence de poussi\u00e8re et de vibrations et expos\u00e9es \u00e0 des temp\u00e9ratures \u00e9lev\u00e9es.<\/p>\n<p>Les climatiseurs de la s\u00e9rie CUS ont \u00e9t\u00e9 con\u00e7us pour refroidir les armoires et les conteneurs \u00e9lectriques : chaque composant a \u00e9t\u00e9 s\u00e9lectionn\u00e9 et plac\u00e9 pour satisfaire tous les besoins de ces environnements, pour simplifier l&rsquo;acc\u00e8s aux parties internes et pour minimiser la maintenance.<\/p>\n<p>Les unit\u00e9s doivent \u00eatre install\u00e9es au sol, sur des surfaces horizontales ; l&rsquo;air est pr\u00e9lev\u00e9 et envoy\u00e9 dans l&rsquo;environnement \u00e0 refroidir \u00e0 travers des conduits et des tubes flexibles isol\u00e9s.<\/p>\n<p>Les climatiseurs sont fournis avec deux thermostats, tous deux plac\u00e9s sur le panneau \u00e9lectrique, qui permettent de r\u00e9gler la temp\u00e9rature de l&rsquo;environnement \u00e0 refroidir.<\/p>\n<p>Les climatiseurs peuvent \u00eatre fournis avec un dispositif COES qui garantit la continuit\u00e9 de fonctionnement m\u00eame en cas de pics de temp\u00e9rature de courte dur\u00e9e jusqu&rsquo;\u00e0 80\u00b0C ; en plus ils peuvent \u00eatre fournis avec un chauffage \u00e9lectrique pour le chauffage de la cabine, permettant de travailler correctement jusqu&rsquo;\u00e0 une temp\u00e9rature ext\u00e9rieure de -40\u00b0C.<\/p>\n<p>CARACT\u00c9RISTIQUES TECHNIQUES<\/p>\n<p>\u2022 Ch\u00e2ssis et panneaux en acier galvanis\u00e9<br \/>\n\u2022 Haute r\u00e9sistance \u00e0 la corrosion<br \/>\n\u2022 Tableau \u00e9lectrique avec interface externe du panneau utilisateur<br \/>\n\u2022 Red\u00e9marrage automatique apr\u00e8s absence d&rsquo;alimentation \u00e9lectrique<br \/>\n\u2022 Les ventilateurs de la section de condensation ont une vitesse variable en fonction de la pression de condensation<br \/>\n\u2022 Filtre \u00e0 air m\u00e9tallique<br \/>\n\u2022 Fonctionnement \u00e0 des temp\u00e9ratures ext\u00e9rieures de -40\u00b0C \u00e0 80\u00b0C<br \/>\n\u2022 R\u00e9sistance \u00e0 la poussi\u00e8re et aux vibrations<\/p>\n","protected":false},"excerpt":{"rendered":"<p><a class=\"elementor-button elementor-button-link elementor-size-sm\" href=\"https:\/\/www.enextechnologies.com\/wp-content\/uploads\/2024\/08\/B_CUS-ENG_rev.1-1.pdf\" target=\"_blank\" rel=\"noopener\"><span class=\"elementor-button-content-wrapper\"><span class=\"elementor-button-text\">BROCHURE<\/span><\/span><\/a><\/p>\n","protected":false},"featured_media":15938,"template":"","meta":[],"product_brand":[],"product_cat":[682,1295],"product_tag":[],"class_list":{"0":"post-15941","1":"product","2":"type-product","3":"status-publish","4":"has-post-thumbnail","6":"product_cat-climatiseurs-fr-industriels","7":"product_cat-climatiseurs-pour-environnements-industriels-resistants-a-la-poussiere-et-aux-vibrations-40-c-a-80-c","9":"first","10":"instock","11":"shipping-taxable","12":"product-type-simple"},"_links":{"self":[{"href":"https:\/\/airsystems.ge\/shop\/fr\/wp-json\/wp\/v2\/product\/15941","targetHints":{"allow":["GET"]}}],"collection":[{"href":"https:\/\/airsystems.ge\/shop\/fr\/wp-json\/wp\/v2\/product"}],"about":[{"href":"https:\/\/airsystems.ge\/shop\/fr\/wp-json\/wp\/v2\/types\/product"}],"wp:featuredmedia":[{"embeddable":true,"href":"https:\/\/airsystems.ge\/shop\/fr\/wp-json\/wp\/v2\/media\/15938"}],"wp:attachment":[{"href":"https:\/\/airsystems.ge\/shop\/fr\/wp-json\/wp\/v2\/media?parent=15941"}],"wp:term":[{"taxonomy":"product_brand","embeddable":true,"href":"https:\/\/airsystems.ge\/shop\/fr\/wp-json\/wp\/v2\/product_brand?post=15941"},{"taxonomy":"product_cat","embeddable":true,"href":"https:\/\/airsystems.ge\/shop\/fr\/wp-json\/wp\/v2\/product_cat?post=15941"},{"taxonomy":"product_tag","embeddable":true,"href":"https:\/\/airsystems.ge\/shop\/fr\/wp-json\/wp\/v2\/product_tag?post=15941"}],"curies":[{"name":"wp","href":"https:\/\/api.w.org\/{rel}","templated":true}]}}